{"id":72181,"date":"2023-04-14T10:47:08","date_gmt":"2023-04-14T08:47:08","guid":{"rendered":"https:\/\/galicianparts.com\/shop\/producto\/15174098-pack-dos-tornillos-ambar-l-27mm-faro-fiat-lancia-seat-alfa-romeo-original\/"},"modified":"2023-04-20T10:07:27","modified_gmt":"2023-04-20T08:07:27","slug":"15174098-pack-dos-tornillos-ambar-l-27mm-faro-fiat-lancia-seat-alfa-romeo-original","status":"publish","type":"product","link":"https:\/\/galicianparts.com\/shop\/producto\/15174098-pack-dos-tornillos-ambar-l-27mm-faro-fiat-lancia-seat-alfa-romeo-original\/","title":{"rendered":"15174098 Pack dos tornillos \u00e1mbar L 27mm faro Fiat \/Lancia \/Seat \/Alfa Romeo ORIGINAL"},"content":{"rendered":"<p>Juego, set de 2 tornillos color \u00e1mbar de las tulipas de los faros intermitentes de Fiat, Lancia, Seat, Alfa Romeo.<\/p>\n<p>Largo: 27mm<br \/>\nDi\u00e1metro cabeza: 10mm<br \/>\nDi\u00e1metro cabeza 2: 7mm<br \/>\nLargo cabeza: 14mm<\/p>\n<p>LA PIEZA ES NUEVA Y ORIGINAL.<\/p>\n","protected":false},"excerpt":{"rendered":"<p>Juego, set de 2 tornillos color \u00e1mbar de las tulipas de los faros intermitentes de Fiat, Lancia, Seat, Alfa Romeo. Largo: 27mm Di\u00e1metro cabeza: 10mm Di\u00e1metro cabeza 2: 7mm Largo cabeza: 14mm LA PIEZA ES NUEVA Y ORIGINAL.<\/p>\n","protected":false},"featured_media":72182,"template":"","meta":{"_seopress_robots_primary_cat":"","_seopress_titles_title":"","_seopress_titles_desc":"","_seopress_robots_index":""},"product_cat":[16,20,21,26],"product_tag":[],"class_list":{"0":"post-72181","1":"product","2":"type-product","3":"status-publish","4":"has-post-thumbnail","6":"product_cat-recambios-alfa-romeo","7":"product_cat-recambios-fiat","8":"product_cat-recambios-lancia","9":"product_cat-recambios-seat","11":"first","12":"outofstock","13":"taxable","14":"shipping-taxable","15":"purchasable","16":"product-type-simple"},"_links":{"self":[{"href":"https:\/\/galicianparts.com\/shop\/wp-json\/wp\/v2\/product\/72181"}],"collection":[{"href":"https:\/\/galicianparts.com\/shop\/wp-json\/wp\/v2\/product"}],"about":[{"href":"https:\/\/galicianparts.com\/shop\/wp-json\/wp\/v2\/types\/product"}],"wp:featuredmedia":[{"embeddable":true,"href":"https:\/\/galicianparts.com\/shop\/wp-json\/wp\/v2\/media\/72182"}],"wp:attachment":[{"href":"https:\/\/galicianparts.com\/shop\/wp-json\/wp\/v2\/media?parent=72181"}],"wp:term":[{"taxonomy":"product_cat","embeddable":true,"href":"https:\/\/galicianparts.com\/shop\/wp-json\/wp\/v2\/product_cat?post=72181"},{"taxonomy":"product_tag","embeddable":true,"href":"https:\/\/galicianparts.com\/shop\/wp-json\/wp\/v2\/product_tag?post=72181"}],"curies":[{"name":"wp","href":"https:\/\/api.w.org\/{rel}","templated":true}]}}