{"id":72260,"date":"2023-04-14T18:48:23","date_gmt":"2023-04-14T16:48:23","guid":{"rendered":"https:\/\/galicianparts.com\/shop\/producto\/4295420-pack-4-tornillos-m6-tulipa-faro-fiat-132-nuevo-original\/"},"modified":"2025-09-11T11:25:52","modified_gmt":"2025-09-11T09:25:52","slug":"4295420-pack-4-tornillos-m6-tulipa-faro-fiat-132-nuevo-original","status":"publish","type":"product","link":"https:\/\/galicianparts.com\/shop\/producto\/4295420-pack-4-tornillos-m6-tulipa-faro-fiat-132-nuevo-original\/","title":{"rendered":"4295420 Pack 4 tornillos M6 tulipa faro Fiat 132 NUEVO ORIGINAL"},"content":{"rendered":"<p>Juego, set de 2 tornillos de la tulipa transparente de los faros de:<br \/>\nM\u00e9trica: 6<br \/>\nLargo: 36mm<br \/>\nLargo rosca: 5mm<br \/>\nDi\u00e1metro cabeza: 10mm<br \/>\nDi\u00e1metro cuerpo: 7,5mm<\/p>\n<p>FIAT 132<br \/>\nFIAT ARGENTA<br \/>\nFIAT 126<br \/>\nFIAT 127<\/p>\n<p>LA PIEZA ES NUEVA Y ORIGINAL.<\/p>\n","protected":false},"excerpt":{"rendered":"<p>Juego, set de 2 tornillos de la tulipa transparente de los faros de: M\u00e9trica: 6 Largo: 36mm Largo rosca: 5mm Di\u00e1metro cabeza: 10mm Di\u00e1metro cuerpo: 7,5mm FIAT 132 FIAT ARGENTA FIAT 126 FIAT 127 LA PIEZA ES NUEVA Y ORIGINAL.<\/p>\n","protected":false},"featured_media":72261,"template":"","meta":{"_seopress_robots_primary_cat":"","_seopress_titles_title":"","_seopress_titles_desc":"","_seopress_robots_index":""},"product_cat":[67,68,71,79,20],"product_tag":[],"class_list":{"0":"post-72260","1":"product","2":"type-product","3":"status-publish","4":"has-post-thumbnail","6":"product_cat-recambios-fiat-126","7":"product_cat-recambios-fiat-127","8":"product_cat-recambios-fiat-132","9":"product_cat-recambios-fiat-argenta","10":"product_cat-recambios-fiat","12":"first","13":"instock","14":"taxable","15":"shipping-taxable","16":"purchasable","17":"product-type-simple"},"_links":{"self":[{"href":"https:\/\/galicianparts.com\/shop\/wp-json\/wp\/v2\/product\/72260"}],"collection":[{"href":"https:\/\/galicianparts.com\/shop\/wp-json\/wp\/v2\/product"}],"about":[{"href":"https:\/\/galicianparts.com\/shop\/wp-json\/wp\/v2\/types\/product"}],"wp:featuredmedia":[{"embeddable":true,"href":"https:\/\/galicianparts.com\/shop\/wp-json\/wp\/v2\/media\/72261"}],"wp:attachment":[{"href":"https:\/\/galicianparts.com\/shop\/wp-json\/wp\/v2\/media?parent=72260"}],"wp:term":[{"taxonomy":"product_cat","embeddable":true,"href":"https:\/\/galicianparts.com\/shop\/wp-json\/wp\/v2\/product_cat?post=72260"},{"taxonomy":"product_tag","embeddable":true,"href":"https:\/\/galicianparts.com\/shop\/wp-json\/wp\/v2\/product_tag?post=72260"}],"curies":[{"name":"wp","href":"https:\/\/api.w.org\/{rel}","templated":true}]}}