{"id":72432,"date":"2023-04-19T08:54:57","date_gmt":"2023-04-19T06:54:57","guid":{"rendered":"https:\/\/galicianparts.com\/shop\/producto\/7772587-anclaje-tubos-soporte-motor-fiat-punto-1-1-1-2-1993-1997-nuevo-original\/"},"modified":"2023-04-19T08:56:50","modified_gmt":"2023-04-19T06:56:50","slug":"7772587-anclaje-tubos-soporte-motor-fiat-punto-1-1-1-2-1993-1997-nuevo-original","status":"publish","type":"product","link":"https:\/\/galicianparts.com\/shop\/producto\/7772587-anclaje-tubos-soporte-motor-fiat-punto-1-1-1-2-1993-1997-nuevo-original\/","title":{"rendered":"7772587 Anclaje tubos soporte motor Fiat Punto 1.1-1.2 (1993-1997) NUEVO ORIGINAL"},"content":{"rendered":"<p>Tope de sujeci\u00f3n de latiguillos en el soporte del taco de motor del lado de la distribuci\u00f3n de:<br \/>\nDi\u00e1metro 1: 8 mm<br \/>\nDi\u00e1metro 2: 10 mm<br \/>\nDi\u00e1metro 3: 6 mm<\/p>\n<p>FIAT &#8211; NV PUNTO (1993-1997) 1.1 SPI 176A6000 \/ 1.2 SPI 176A7000 \/ 1.2 MPI \/ 1.1 SPI 176B2000 \/ 1.2 SPI CF2 176B4000<br \/>\nFIAT &#8211; PF PUNTO CABRIO (1994-1997) 1242 SPI USA&#8217;83 \/ 1242 SPI CF2 \/ \u00abS\u00bb<\/p>\n<p>LA PIEZA ES NUEVA Y ORIGINAL.<\/p>\n","protected":false},"excerpt":{"rendered":"<p>Tope de sujeci\u00f3n de latiguillos en el soporte del taco de motor del lado de la distribuci\u00f3n de: Di\u00e1metro 1: 8 mm Di\u00e1metro 2: 10 mm Di\u00e1metro 3: 6 mm FIAT &#8211; NV PUNTO (1993-1997) 1.1 SPI 176A6000 \/ 1.2 SPI 176A7000 \/ 1.2 MPI \/ 1.1 SPI 176B2000 \/ 1.2 SPI CF2 176B4000 FIAT [&hellip;]<\/p>\n","protected":false},"featured_media":72434,"template":"","meta":{"_seopress_robots_primary_cat":"","_seopress_titles_title":"","_seopress_titles_desc":"","_seopress_robots_index":""},"product_cat":[20,101],"product_tag":[],"class_list":{"0":"post-72432","1":"product","2":"type-product","3":"status-publish","4":"has-post-thumbnail","6":"product_cat-recambios-fiat","7":"product_cat-recambios-fiat-punto","9":"first","10":"instock","11":"taxable","12":"shipping-taxable","13":"purchasable","14":"product-type-simple"},"_links":{"self":[{"href":"https:\/\/galicianparts.com\/shop\/wp-json\/wp\/v2\/product\/72432"}],"collection":[{"href":"https:\/\/galicianparts.com\/shop\/wp-json\/wp\/v2\/product"}],"about":[{"href":"https:\/\/galicianparts.com\/shop\/wp-json\/wp\/v2\/types\/product"}],"wp:featuredmedia":[{"embeddable":true,"href":"https:\/\/galicianparts.com\/shop\/wp-json\/wp\/v2\/media\/72434"}],"wp:attachment":[{"href":"https:\/\/galicianparts.com\/shop\/wp-json\/wp\/v2\/media?parent=72432"}],"wp:term":[{"taxonomy":"product_cat","embeddable":true,"href":"https:\/\/galicianparts.com\/shop\/wp-json\/wp\/v2\/product_cat?post=72432"},{"taxonomy":"product_tag","embeddable":true,"href":"https:\/\/galicianparts.com\/shop\/wp-json\/wp\/v2\/product_tag?post=72432"}],"curies":[{"name":"wp","href":"https:\/\/api.w.org\/{rel}","templated":true}]}}