{"id":72498,"date":"2023-04-19T11:09:58","date_gmt":"2023-04-19T09:09:58","guid":{"rendered":"https:\/\/galicianparts.com\/shop\/producto\/1329699080-cable-varillaje-cambio-fiat-ducato-94-02-citroen-jumper-peugeot-boxer-original\/"},"modified":"2023-04-19T11:12:50","modified_gmt":"2023-04-19T09:12:50","slug":"1329699080-cable-varillaje-cambio-fiat-ducato-94-02-citroen-jumper-peugeot-boxer-original","status":"publish","type":"product","link":"https:\/\/galicianparts.com\/shop\/producto\/1329699080-cable-varillaje-cambio-fiat-ducato-94-02-citroen-jumper-peugeot-boxer-original\/","title":{"rendered":"1329699080 Cable varillaje cambio Fiat Ducato (94-02) Citro\u00ebn Jumper \/Peugeot Boxer ORIGINAL"},"content":{"rendered":"<p>Cable de la palanca de la caja de cambios de:<br \/>\nLargo: 1040 mm<\/p>\n<p>FIAT PROFESSIONAL &#8211; PD DUCATO &#8217;94 BENZINA (1994-2002) CAPACIDAD 10Q \/ CAPACIDAD 14Q<br \/>\nFIAT PROFESSIONAL &#8211; PE DUCATO&#8217;94 DIESEL (1994-2002)<\/p>\n<p>CITRO\u00cbN &#8211; JUMPER I (230)<br \/>\n1.9 D, A\u00f1o 01.1999 &#8211; 04.2002, 1905 , 69<br \/>\n1.9 TD, A\u00f1o 08.1994 &#8211; 04.2002, 1905 , 90<br \/>\n1.9 TD, A\u00f1o 02.1994 &#8211; 04.2002, 1905 , 92<br \/>\n1.9 TD 4&#215;4, A\u00f1o 08.1996 &#8211; 04.2002, 1905 , 92<br \/>\n2.0, A\u00f1o 02.1994 &#8211; 04.2002, 1998 , 109<br \/>\n2.0 4&#215;4, A\u00f1o 08.1996 &#8211; 04.2002, 1998 , 109<br \/>\n2.5 D, A\u00f1o 08.1994 &#8211; 04.2002, 2446 , 86<br \/>\n2.5 D 4&#215;4, A\u00f1o 08.1996 &#8211; 04.2002, 2446 , 86<br \/>\n2.5 TD, A\u00f1o 08.1994 &#8211; 04.2002, 2446 , 103<br \/>\n2.5 TD 4&#215;4, A\u00f1o 08.1996 &#8211; 04.2002, 2446 , 103<br \/>\n2.5 TDi, A\u00f1o 12.1996 &#8211; 11.2000, 2446 , 107<br \/>\n2.5 TDI 4&#215;4, A\u00f1o 12.1996 &#8211; 11.2000, 2446 , 107<br \/>\n2.8 HDi, A\u00f1o 09.2000 &#8211; 04.2002, 2798 , 128<br \/>\n2.8 HDi 4&#215;4, A\u00f1o 09.2000 &#8211; 04.2002, 2798 , 128<\/p>\n<p>PEUGEOT &#8211; BOXER (230)<br \/>\n1.9 D, A\u00f1o 03.1994 &#8211; 04.2002, 1905 , 69<br \/>\n1.9 TD, A\u00f1o 08.1994 &#8211; 04.2002, 1905 , 90<br \/>\n1.9 TD, A\u00f1o 03.1994 &#8211; 04.2002, 1905 , 92<br \/>\n1.9 TD 4&#215;4, A\u00f1o 07.1996 &#8211; 04.2002, 1905 , 92<br \/>\n2.0 i, A\u00f1o 03.1994 &#8211; 04.2002, 1998 , 109<br \/>\n2.0 i 4&#215;4, A\u00f1o 08.1996 &#8211; 04.2002, 1998 , 109<br \/>\n2.5 D, A\u00f1o 08.1994 &#8211; 04.2002, 2446 , 86<br \/>\n2.5 D 4&#215;4, A\u00f1o 07.1996 &#8211; 04.2002, 2446 , 86<br \/>\n2.5 TD, A\u00f1o 07.1994 &#8211; 04.2002, 2446 , 103<br \/>\n2.5 TD 4&#215;4, A\u00f1o 07.1996 &#8211; 04.2002, 2446 , 103<br \/>\n2.5 TDI, A\u00f1o 01.1997 &#8211; 04.2002, 2446 , 107<br \/>\n2.5 TDI 4&#215;4, A\u00f1o 01.1997 &#8211; 04.2002, 2446 , 107<br \/>\n2.8 HDI, A\u00f1o 11.2000 &#8211; 04.2002, 2798 , 128<br \/>\n2.8 HDi 4&#215;4, A\u00f1o 10.2000 &#8211; 04.2002, 2798 , 128<\/p>\n<p>LA PIEZA ES NUEVA Y ORIGINAL.<\/p>\n","protected":false},"excerpt":{"rendered":"<p>Cable de la palanca de la caja de cambios de: Largo: 1040 mm FIAT PROFESSIONAL &#8211; PD DUCATO &#8217;94 BENZINA (1994-2002) CAPACIDAD 10Q \/ CAPACIDAD 14Q FIAT PROFESSIONAL &#8211; PE DUCATO&#8217;94 DIESEL (1994-2002) CITRO\u00cbN &#8211; JUMPER I (230) 1.9 D, A\u00f1o 01.1999 &#8211; 04.2002, 1905 , 69 1.9 TD, A\u00f1o 08.1994 &#8211; 04.2002, 1905 , [&hellip;]<\/p>\n","protected":false},"featured_media":72501,"template":"","meta":{"_seopress_robots_primary_cat":"","_seopress_titles_title":"","_seopress_titles_desc":"","_seopress_robots_index":""},"product_cat":[155,23,88,20,137,24],"product_tag":[],"class_list":{"0":"post-72498","1":"product","2":"type-product","3":"status-publish","4":"has-post-thumbnail","6":"product_cat-recambios-peugeot-boxer","7":"product_cat-recambios-citroen","8":"product_cat-recambios-fiat-ducato","9":"product_cat-recambios-fiat","10":"product_cat-recambios-citroen-jumper","11":"product_cat-recambios-peugeot","13":"first","14":"instock","15":"taxable","16":"shipping-taxable","17":"purchasable","18":"product-type-simple"},"_links":{"self":[{"href":"https:\/\/galicianparts.com\/shop\/wp-json\/wp\/v2\/product\/72498"}],"collection":[{"href":"https:\/\/galicianparts.com\/shop\/wp-json\/wp\/v2\/product"}],"about":[{"href":"https:\/\/galicianparts.com\/shop\/wp-json\/wp\/v2\/types\/product"}],"wp:featuredmedia":[{"embeddable":true,"href":"https:\/\/galicianparts.com\/shop\/wp-json\/wp\/v2\/media\/72501"}],"wp:attachment":[{"href":"https:\/\/galicianparts.com\/shop\/wp-json\/wp\/v2\/media?parent=72498"}],"wp:term":[{"taxonomy":"product_cat","embeddable":true,"href":"https:\/\/galicianparts.com\/shop\/wp-json\/wp\/v2\/product_cat?post=72498"},{"taxonomy":"product_tag","embeddable":true,"href":"https:\/\/galicianparts.com\/shop\/wp-json\/wp\/v2\/product_tag?post=72498"}],"curies":[{"name":"wp","href":"https:\/\/api.w.org\/{rel}","templated":true}]}}