{"id":72530,"date":"2023-04-19T12:50:31","date_gmt":"2023-04-19T10:50:31","guid":{"rendered":"https:\/\/galicianparts.com\/shop\/producto\/9948581-junta-deposito-servofreno-fiat-punto-lancia-lybra-original\/"},"modified":"2023-08-23T12:00:31","modified_gmt":"2023-08-23T10:00:31","slug":"9948581-junta-deposito-servofreno-fiat-punto-lancia-lybra-original","status":"publish","type":"product","link":"https:\/\/galicianparts.com\/shop\/producto\/9948581-junta-deposito-servofreno-fiat-punto-lancia-lybra-original\/","title":{"rendered":"9948581 Junta dep\u00f3sito servofreno Fiat Punto \/Lancia Lybra ORIGINAL"},"content":{"rendered":"<p>Junta de goma de los tubos del dep\u00f3sito del l\u00edquido de frenos al cilindro maestro del servofreno de:<br \/>\nDi\u00e1metro interior: 12 mm<br \/>\nDi\u00e1metro exterior: 23 mm<br \/>\nAltura: 12 mm<\/p>\n<p>FIAT &#8211; 1N PUNTO BZ (1999-2003) 1.2 8V CF2 \/ 1.2 8V CF3 (OPT.229) \/ 1.2\u00a08V\u00a0CF3 \/ 1242 8V CF3 BZ\/MET \/ 1.2 16V CF2 \/ 1.2 16V CF3<br \/>\nFIAT &#8211; 1N PUNTO BZ (1999-2003) VAN \/ 1.2 8V CF2 \/ 1.2 8V CF3 (OPT.229) \/ 1.2\u00a08V\u00a0CF3 \/ 1242 8V CF3 BZ\/MET \/ 1.2 16V CF2 \/ 1.2 16V CF3<br \/>\nFIAT &#8211; 1N PUNTO BZ (1999-2003) ANTISKID \/ VAN \/ ANTISKID \/ 1.2 8V CF2 \/ 1.2 8V CF3 (OPT.229) \/ 1.2\u00a08V\u00a0CF3 \/ 1242 8V CF3 BZ\/MET \/ 1.2 16V CF2 \/ 1.2 16V CF3<br \/>\nFIAT &#8211; 1N PUNTO BZ (1999-2003) CAMBIO AUTOMATICO \/ 1.2 8V CF2 \/ 1.2 8V CF3 (OPT.229) \/ 1.2\u00a08V\u00a0CF3 \/ 1242 8V CF3 BZ\/MET \/ 1.2 16V CF2 \/ 1.2 16V CF3<br \/>\nFIAT &#8211; 1N PUNTO BZ (1999-2003) CAMBIO AUTOMATICO \/ ANTISKID \/ 1.2 8V CF2 \/ 1.2 8V CF3 (OPT.229) \/ 1.2\u00a08V\u00a0CF3 \/ 1242 8V CF3 BZ\/MET \/ 1.2 16V CF2 \/ 1.2 16V CF3<br \/>\nFIAT &#8211; 1N PUNTO BZ (1999-2003) 1.8 16V CF2<br \/>\nFIAT &#8211; 1P PUNTO DS (1999-2003)<br \/>\nFIAT &#8211; 1P PUNTO DS (1999-2003) ANTISKID<br \/>\nLANCIA &#8211; SX LYBRA BZ (1999-2005)<\/p>\n<p>LA PIEZA ES NUEVA Y ORIGINAL.<\/p>\n","protected":false},"excerpt":{"rendered":"<p>Junta de goma de los tubos del dep\u00f3sito del l\u00edquido de frenos al cilindro maestro del servofreno de: Di\u00e1metro interior: 12 mm Di\u00e1metro exterior: 23 mm Altura: 12 mm FIAT &#8211; 1N PUNTO BZ (1999-2003) 1.2 8V CF2 \/ 1.2 8V CF3 (OPT.229) \/ 1.2\u00a08V\u00a0CF3 \/ 1242 8V CF3 BZ\/MET \/ 1.2 16V CF2 \/ [&hellip;]<\/p>\n","protected":false},"featured_media":72534,"template":"","meta":{"_seopress_robots_primary_cat":"","_seopress_titles_title":"","_seopress_titles_desc":"","_seopress_robots_index":""},"product_cat":[20,21,120,101],"product_tag":[],"class_list":{"0":"post-72530","1":"product","2":"type-product","3":"status-publish","4":"has-post-thumbnail","6":"product_cat-recambios-fiat","7":"product_cat-recambios-lancia","8":"product_cat-recambios-lancia-lybra","9":"product_cat-recambios-fiat-punto","11":"first","12":"instock","13":"taxable","14":"shipping-taxable","15":"purchasable","16":"product-type-simple"},"_links":{"self":[{"href":"https:\/\/galicianparts.com\/shop\/wp-json\/wp\/v2\/product\/72530"}],"collection":[{"href":"https:\/\/galicianparts.com\/shop\/wp-json\/wp\/v2\/product"}],"about":[{"href":"https:\/\/galicianparts.com\/shop\/wp-json\/wp\/v2\/types\/product"}],"wp:featuredmedia":[{"embeddable":true,"href":"https:\/\/galicianparts.com\/shop\/wp-json\/wp\/v2\/media\/72534"}],"wp:attachment":[{"href":"https:\/\/galicianparts.com\/shop\/wp-json\/wp\/v2\/media?parent=72530"}],"wp:term":[{"taxonomy":"product_cat","embeddable":true,"href":"https:\/\/galicianparts.com\/shop\/wp-json\/wp\/v2\/product_cat?post=72530"},{"taxonomy":"product_tag","embeddable":true,"href":"https:\/\/galicianparts.com\/shop\/wp-json\/wp\/v2\/product_tag?post=72530"}],"curies":[{"name":"wp","href":"https:\/\/api.w.org\/{rel}","templated":true}]}}