{"id":72638,"date":"2023-04-20T14:02:13","date_gmt":"2023-04-20T12:02:13","guid":{"rendered":"https:\/\/galicianparts.com\/shop\/producto\/13531130-pack-4-tornillos-m12x125-culata-fiat-128-x1-9-nuevo-original\/"},"modified":"2025-01-27T12:55:46","modified_gmt":"2025-01-27T10:55:46","slug":"13531130-pack-4-tornillos-m12x125-culata-fiat-128-x1-9-nuevo-original","status":"publish","type":"product","link":"https:\/\/galicianparts.com\/shop\/producto\/13531130-pack-4-tornillos-m12x125-culata-fiat-128-x1-9-nuevo-original\/","title":{"rendered":"13531130 Pack 4 tornillos M12x1,25 culata Fiat 128 \/ X1\/9 NUEVO ORIGINAL"},"content":{"rendered":"<p>Juego, set de 4 esp\u00e1rragos de sujeci\u00f3n de la culata del motor de:<br \/>\nM\u00e9trica: 12&#215;1,25<br \/>\nLargo: 98mm<br \/>\nLargo rosca 1: 34mm<br \/>\nLargo Rosca 2: 17mm<\/p>\n<p>FIAT 128<br \/>\nFIAT X1\/9<\/p>\n<p>LA PIEZA ES NUEVA Y ORIGINAL.<\/p>\n","protected":false},"excerpt":{"rendered":"<p>Juego, set de 4 esp\u00e1rragos de sujeci\u00f3n de la culata del motor de: M\u00e9trica: 12&#215;1,25 Largo: 98mm Largo rosca 1: 34mm Largo Rosca 2: 17mm FIAT 128 FIAT X1\/9 LA PIEZA ES NUEVA Y ORIGINAL.<\/p>\n","protected":false},"featured_media":72639,"template":"","meta":{"_seopress_robots_primary_cat":"","_seopress_titles_title":"","_seopress_titles_desc":"","_seopress_robots_index":""},"product_cat":[69,20,206],"product_tag":[],"class_list":{"0":"post-72638","1":"product","2":"type-product","3":"status-publish","4":"has-post-thumbnail","6":"product_cat-recambios-fiat-128","7":"product_cat-recambios-fiat","8":"product_cat-recambios-fiat-x1-9","10":"first","11":"outofstock","12":"taxable","13":"shipping-taxable","14":"purchasable","15":"product-type-simple"},"_links":{"self":[{"href":"https:\/\/galicianparts.com\/shop\/wp-json\/wp\/v2\/product\/72638"}],"collection":[{"href":"https:\/\/galicianparts.com\/shop\/wp-json\/wp\/v2\/product"}],"about":[{"href":"https:\/\/galicianparts.com\/shop\/wp-json\/wp\/v2\/types\/product"}],"wp:featuredmedia":[{"embeddable":true,"href":"https:\/\/galicianparts.com\/shop\/wp-json\/wp\/v2\/media\/72639"}],"wp:attachment":[{"href":"https:\/\/galicianparts.com\/shop\/wp-json\/wp\/v2\/media?parent=72638"}],"wp:term":[{"taxonomy":"product_cat","embeddable":true,"href":"https:\/\/galicianparts.com\/shop\/wp-json\/wp\/v2\/product_cat?post=72638"},{"taxonomy":"product_tag","embeddable":true,"href":"https:\/\/galicianparts.com\/shop\/wp-json\/wp\/v2\/product_tag?post=72638"}],"curies":[{"name":"wp","href":"https:\/\/api.w.org\/{rel}","templated":true}]}}