{"id":72669,"date":"2023-04-24T12:45:08","date_gmt":"2023-04-24T10:45:08","guid":{"rendered":"https:\/\/galicianparts.com\/shop\/producto\/4176872-junta-grifo-radiador-calefaccion-fiat-panda-131-124-850-seat-lancia-original\/"},"modified":"2023-09-28T11:51:17","modified_gmt":"2023-09-28T09:51:17","slug":"4176872-junta-grifo-radiador-calefaccion-fiat-panda-131-124-850-seat-lancia-original","status":"publish","type":"product","link":"https:\/\/galicianparts.com\/shop\/producto\/4176872-junta-grifo-radiador-calefaccion-fiat-panda-131-124-850-seat-lancia-original\/","title":{"rendered":"4176872 Junta grifo radiador calefacci\u00f3n Fiat Panda \/131 \/124 \/850 \/Seat \/Lancia ORIGINAL"},"content":{"rendered":"<p>Junta de goma de la v\u00e1lvula del radiador del m\u00f3dulo de la calefacci\u00f3n de:<\/p>\n<p>FIAT 850 Coup\u00e9 (100)<br \/>\n0.9 Sport, A\u00f1o 02.1968 &#8211; 10.1972, 903 , 52<br \/>\nFIAT Ritmo I Hatchback (138)<br \/>\n1.6 100, A\u00f1o 01.1983 &#8211; 12.1987, 1585 , 100<br \/>\nFIAT 124 Sport Spider (124)<br \/>\n1.4 Sport, A\u00f1o 01.1966 &#8211; 12.1972, 1438 , 90<br \/>\n1.6 Sport, A\u00f1o 11.1969 &#8211; 08.1973, 1608 , 112<br \/>\n1.6 Sport, A\u00f1o 11.1969 &#8211; 08.1973, 1592 , 100<br \/>\n1.6 Sport, A\u00f1o 01.1969 &#8211; 12.1974, 1592 , 108<br \/>\n1.6 Sport, A\u00f1o 01.1969 &#8211; 12.1974, 1592 , 104<br \/>\n1.8 Rally Abarth, A\u00f1o 09.1972 &#8211; 07.1975, 1756 , 128<br \/>\n1.7 Sport, A\u00f1o 01.1973 &#8211; 07.1975, 1739 , 112<br \/>\n1.8 Sport, A\u00f1o 01.1972 &#8211; 12.1977, 1756 , 118<br \/>\nFIAT 127 (127)<br \/>\n0.9, A\u00f1o 06.1971 &#8211; 05.1983, 903 , 40<br \/>\n0.9, A\u00f1o 06.1971 &#8211; 12.1986, 903 , 45<br \/>\n1.0, A\u00f1o 04.1977 &#8211; 12.1986, 1049 , 50<br \/>\n1.0 Sport, A\u00f1o 07.1978 &#8211; 02.1982, 1049 , 70<br \/>\n1.3 Di\u00e9sel, A\u00f1o 04.1981 &#8211; 12.1986, 1301 , 45<br \/>\n1.3 Sport, A\u00f1o 12.1981 &#8211; 05.1983, 1301 , 75<br \/>\nFIAT 128 Coup\u00e9 (128)<br \/>\n1.1, A\u00f1o 03.1972 &#8211; 02.1981, 1116 , 64<br \/>\n1.1, A\u00f1o 08.1975 &#8211; 02.1981, 1116 , 65<br \/>\n1.3, A\u00f1o 03.1972 &#8211; 12.1979, 1290 , 75<br \/>\n1.3 Berlinetta, A\u00f1o 06.1975 &#8211; 12.1979, 1290 , 73<br \/>\nFIAT 128 (128)<br \/>\n1.1, A\u00f1o 02.1975 &#8211; 09.1981, 1116 , 45<br \/>\n1.1, A\u00f1o 03.1969 &#8211; 12.1984, 1116 , 55<br \/>\n1.3 Rally, A\u00f1o 09.1971 &#8211; 02.1976, 1290 , 67<br \/>\n1.3 Sport, A\u00f1o 08.1974 &#8211; 12.1984, 1290 , 60<br \/>\nFIAT 131 Berlina (131)<br \/>\n1.3 Super Mirafiori, A\u00f1o 03.1978 &#8211; 12.1980, 1297 , 78<br \/>\n1.4 Super Mirafiori, A\u00f1o 04.1981 &#8211; 12.1983, 1367 , 75<br \/>\n1.6, A\u00f1o 10.1974 &#8211; 09.1981, 1585 , 75<br \/>\n1.6 Super Mirafiori, A\u00f1o 03.1979 &#8211; 03.1982, 1585 , 98<br \/>\n2.0 Abarth Rally, A\u00f1o 01.1976 &#8211; 07.1980, 1995 , 140<br \/>\n2.0 D, A\u00f1o 03.1978 &#8211; 03.1987, 1995 , 60<br \/>\n2.0 Racing, A\u00f1o 06.1978 &#8211; 12.1981, 1995 , 115<br \/>\n2.5 D, A\u00f1o 06.1978 &#8211; 02.1984, 2445 , 72<br \/>\nFIAT Panda I Hatchback (141)<br \/>\n1.0, A\u00f1o 01.1986 &#8211; 04.1992, 999 , 44<br \/>\n1.0, A\u00f1o 01.1985 &#8211; 12.1992, 999 , 50<br \/>\n1.0 4&#215;4, A\u00f1o 05.1986 &#8211; 12.1994, 999 , 45<br \/>\n1.0 i.e. KAT, A\u00f1o 10.1987 &#8211; 08.1998, 999 , 45<br \/>\n1.1, A\u00f1o 05.1991 &#8211; 12.1999, 1108 , 50<br \/>\n1.1 4&#215;4, A\u00f1o 02.1995 &#8211; 07.2004, 1108 , 54<br \/>\n1.3 D, A\u00f1o 04.1986 &#8211; 12.1992, 1302 , 37<br \/>\n0.7, A\u00f1o 01.1986 &#8211; 10.2003, 770 , 34<br \/>\n0.9, A\u00f1o 04.1992 &#8211; 12.1996, 899 , 40<br \/>\n0.9, A\u00f1o 10.1980 &#8211; 06.1994, 903 , 45<br \/>\n1.0, A\u00f1o 01.1986 &#8211; 04.1992, 999 , 44<br \/>\n1.0, A\u00f1o 01.1985 &#8211; 12.1992, 999 , 50<br \/>\n1.0 4&#215;4, A\u00f1o 05.1986 &#8211; 12.1994, 999 , 45<br \/>\n1.0 i.e. KAT, A\u00f1o 10.1987 &#8211; 08.1998, 999 , 45<br \/>\n1.1, A\u00f1o 05.1991 &#8211; 12.1999, 1108 , 50<br \/>\n1.1 4&#215;4, A\u00f1o 02.1995 &#8211; 07.2004, 1108 , 54<br \/>\n1.3 D, A\u00f1o 04.1986 &#8211; 12.1992, 1302 , 37<br \/>\n0.7, A\u00f1o 01.1986 &#8211; 10.2003, 770 , 34<br \/>\n0.9, A\u00f1o 04.1992 &#8211; 12.1996, 899 , 40<br \/>\n0.9, A\u00f1o 10.1980 &#8211; 06.1994, 903 , 45<br \/>\nFIAT Fiorino (127)<br \/>\n1.0, A\u00f1o 01.1980 &#8211; 12.1987, 1049 , 50<br \/>\n0.9, A\u00f1o 10.1977 &#8211; 10.1986, 903 , 45<br \/>\nFIAT 124 Berlina (124)<br \/>\n1.4, A\u00f1o 12.1968 &#8211; 12.1972, 1438 , 70<br \/>\n1.4, A\u00f1o 01.1973 &#8211; 07.1975, 1438 , 75<br \/>\n1.6, A\u00f1o 01.1973 &#8211; 07.1975, 1592 , 95<br \/>\nFIAT 124 Coup\u00e9 (124)<br \/>\n1.4 Sport, A\u00f1o 06.1967 &#8211; 10.1972, 1438 , 90<br \/>\n1.6, A\u00f1o 11.1971 &#8211; 10.1973, 1608 , 100<br \/>\n1.6, A\u00f1o 04.1970 &#8211; 10.1973, 1608 , 110<br \/>\n1.6 Sport, A\u00f1o 08.1972 &#8211; 12.1975, 1592 , 104<br \/>\n1.6 Sport, A\u00f1o 08.1972 &#8211; 12.1975, 1592 , 108<br \/>\n1.8 Sport, A\u00f1o 01.1973 &#8211; 02.1976, 1756 , 114<br \/>\n1.8 Sport, A\u00f1o 01.1973 &#8211; 02.1976, 1756 , 118<br \/>\nFIAT 850 Spider<br \/>\n0.8, A\u00f1o 10.1965 &#8211; 10.1968, 843 , 49<br \/>\n0.9 Sport, A\u00f1o 03.1968 &#8211; 12.1972, 903 , 52<br \/>\nFIAT 125 Berlina (125)<br \/>\n1.6, A\u00f1o 05.1969 &#8211; 10.1973, 1608 , 100<br \/>\nFIAT 850 Berlina<br \/>\n0.8 Special, A\u00f1o 03.1968 &#8211; 10.1972, 843 , 48<br \/>\nFIAT Ducato I Furg\u00f3n (280)<br \/>\n1.9 D, A\u00f1o 01.1988 &#8211; 08.1990, 1929 , 71<br \/>\n1.9 TD, A\u00f1o 03.1989 &#8211; 08.1990, 1929 , 82<br \/>\n2.4 D, A\u00f1o 01.1982 &#8211; 08.1990, 2428 , 72<br \/>\nFIAT Talento Furg\u00f3n (290)<br \/>\n1.9 D, A\u00f1o 03.1989 &#8211; 03.1994, 1929 , 71<\/p>\n<p>LANCIA A 112 Hatchback<br \/>\n0.9 Junior (A112B\/2), A\u00f1o 03.1981 &#8211; 06.1986, 903 , 40<br \/>\n1.0 Abarth (A112B2\/5), A\u00f1o 03.1978 &#8211; 02.1984, 1050 , 69<br \/>\n1.0 LX, A\u00f1o 03.1984 &#8211; 12.1986, 965 , 48<\/p>\n<p>SEAT Marbella (28)<br \/>\n0.8, A\u00f1o 08.1986 &#8211; 12.1993, 843 , 34<br \/>\n0.9, A\u00f1o 01.1987 &#8211; 12.1993, 903 , 40<br \/>\n0.9 CAT, A\u00f1o 01.1990 &#8211; 11.1996, 903 , 40<br \/>\nSEAT Terra (24)<br \/>\n1.3 D, A\u00f1o 03.1990 &#8211; 12.1994, 1272 , 45<br \/>\n1.4 D, A\u00f1o 10.1990 &#8211; 12.1995, 1398 , 48<br \/>\nSEAT Fura (025A)<br \/>\n0.9, A\u00f1o 03.1984 &#8211; 12.1986, 903 , 40<br \/>\n0.9, A\u00f1o 01.1982 &#8211; 06.1986, 903 , 43<br \/>\n0.9, A\u00f1o 01.1982 &#8211; 06.1986, 903 , 45<br \/>\nSEAT Ibiza I Hatchback (021A)<br \/>\n0.9, A\u00f1o 08.1990 &#8211; 05.1993, 903 , 40<br \/>\n0.9, A\u00f1o 08.1986 &#8211; 05.1993, 903 , 44<br \/>\n1.2, A\u00f1o 11.1984 &#8211; 12.1993, 1193 , 60<br \/>\n1.2, A\u00f1o 11.1984 &#8211; 12.1993, 1193 , 64<br \/>\n1.5, A\u00f1o 11.1984 &#8211; 05.1993, 1461 , 85<br \/>\n1.7 D, A\u00f1o 06.1984 &#8211; 05.1993, 1714 , 54<br \/>\n1.7 D, A\u00f1o 08.1990 &#8211; 05.1993, 1714 , 57<\/p>\n<p>AUTOBIANCHI A 112 Hatchback<br \/>\n0.9 Junior, A\u00f1o 07.1975 &#8211; 12.1985, 903 , 42<br \/>\n1.0 Abarth, A\u00f1o 09.1971 &#8211; 12.1975, 982 , 58<br \/>\n1.0 Abarth, A\u00f1o 01.1974 &#8211; 12.1984, 1050 , 70<br \/>\n1.0 E,Elite,LX, A\u00f1o 11.1977 &#8211; 12.1985, 965 , 48<\/p>\n<p>LA PIEZA ES NUEVA Y ORIGINAL.<\/p>\n","protected":false},"excerpt":{"rendered":"<p>Junta de goma de la v\u00e1lvula del radiador del m\u00f3dulo de la calefacci\u00f3n de: FIAT 850 Coup\u00e9 (100) 0.9 Sport, A\u00f1o 02.1968 &#8211; 10.1972, 903 , 52 FIAT Ritmo I Hatchback (138) 1.6 100, A\u00f1o 01.1983 &#8211; 12.1987, 1585 , 100 FIAT 124 Sport Spider (124) 1.4 Sport, A\u00f1o 01.1966 &#8211; 12.1972, 1438 , 90 [&hellip;]<\/p>\n","protected":false},"featured_media":72671,"template":"","meta":{"_seopress_robots_primary_cat":"","_seopress_titles_title":"","_seopress_titles_desc":"","_seopress_robots_index":""},"product_cat":[65,66,68,69,70,76,369,63,25,88,20,91,208,162,21,207,99,103,26,110,233],"product_tag":[],"class_list":{"0":"post-72669","1":"product","2":"type-product","3":"status-publish","4":"has-post-thumbnail","6":"product_cat-recambios-fiat-124","7":"product_cat-recambios-fiat-125","8":"product_cat-recambios-fiat-127","9":"product_cat-recambios-fiat-128","10":"product_cat-recambios-fiat-131","11":"product_cat-recambios-fiat-850","12":"product_cat-recambios-lancia-a112","13":"product_cat-recambios-autobianchi-a112","14":"product_cat-recambios-autobianchi","15":"product_cat-recambios-fiat-ducato","16":"product_cat-recambios-fiat","17":"product_cat-recambios-fiat-fiorino","18":"product_cat-recambios-seat-fura","19":"product_cat-recambios-seat-ibiza","20":"product_cat-recambios-lancia","21":"product_cat-recambios-seat-marbella","22":"product_cat-recambios-fiat-panda","23":"product_cat-recambios-fiat-ritmo","24":"product_cat-recambios-seat","25":"product_cat-recambios-fiat-talento","26":"product_cat-recambios-seat-terra","28":"first","29":"outofstock","30":"taxable","31":"shipping-taxable","32":"purchasable","33":"product-type-simple"},"_links":{"self":[{"href":"https:\/\/galicianparts.com\/shop\/wp-json\/wp\/v2\/product\/72669"}],"collection":[{"href":"https:\/\/galicianparts.com\/shop\/wp-json\/wp\/v2\/product"}],"about":[{"href":"https:\/\/galicianparts.com\/shop\/wp-json\/wp\/v2\/types\/product"}],"wp:featuredmedia":[{"embeddable":true,"href":"https:\/\/galicianparts.com\/shop\/wp-json\/wp\/v2\/media\/72671"}],"wp:attachment":[{"href":"https:\/\/galicianparts.com\/shop\/wp-json\/wp\/v2\/media?parent=72669"}],"wp:term":[{"taxonomy":"product_cat","embeddable":true,"href":"https:\/\/galicianparts.com\/shop\/wp-json\/wp\/v2\/product_cat?post=72669"},{"taxonomy":"product_tag","embeddable":true,"href":"https:\/\/galicianparts.com\/shop\/wp-json\/wp\/v2\/product_tag?post=72669"}],"curies":[{"name":"wp","href":"https:\/\/api.w.org\/{rel}","templated":true}]}}