{"id":72718,"date":"2023-04-25T09:58:25","date_gmt":"2023-04-25T07:58:25","guid":{"rendered":"https:\/\/galicianparts.com\/shop\/producto\/9601811080-sensor-marcha-atras-cambio-fiat-lancia-citroen-peugeot-nuevo-original\/"},"modified":"2023-06-08T10:32:28","modified_gmt":"2023-06-08T08:32:28","slug":"9601811080-sensor-marcha-atras-cambio-fiat-lancia-citroen-peugeot-nuevo-original","status":"publish","type":"product","link":"https:\/\/galicianparts.com\/shop\/producto\/9601811080-sensor-marcha-atras-cambio-fiat-lancia-citroen-peugeot-nuevo-original\/","title":{"rendered":"9601811080 Sensor marcha atr\u00e1s cambio Fiat \/Lancia \/Citro\u00ebn \/Peugeot NUEVO ORIGINAL"},"content":{"rendered":"<p>Electrov\u00e1lvula, interruptor del indicador de la marcha atr\u00e1s del cambio de:<br \/>\nM\u00e9trica: 14<\/p>\n<p>FIAT Ducato II (230L)<br \/>\n1.9 D, A\u00f1o 04.1998 &#8211; 04.2002, 1905 , 68<br \/>\n1.9 D, A\u00f1o 03.1994 &#8211; 04.2002, 1929 , 69<br \/>\n1.9 TD, A\u00f1o 05.1998 &#8211; 11.2001, 1905 , 80<br \/>\n1.9 TD, A\u00f1o 03.1994 &#8211; 04.2002, 1929 , 82<br \/>\n1.9 TD, A\u00f1o 04.1998 &#8211; 04.2002, 1905 , 90<br \/>\n1.9 TD CAT, A\u00f1o 08.1994 &#8211; 04.2002, 1929 , 80<br \/>\n2.0, A\u00f1o 03.1994 &#8211; 04.2002, 1998 , 109<br \/>\n2.0 4&#215;4, A\u00f1o 11.1994 &#8211; 04.2002, 1998 , 109<br \/>\n2.5 D, A\u00f1o 03.1994 &#8211; 04.2002, 2500 , 84<br \/>\n2.5 TD, A\u00f1o 06.1994 &#8211; 08.1998, 2499 , 109<br \/>\n2.5 TD 4&#215;4, A\u00f1o 11.1994 &#8211; 04.1998, 2499 , 109<br \/>\n2.5 TD 4&#215;4, A\u00f1o 11.1994 &#8211; 04.1998, 2499 , 116<br \/>\n2.5 TDI, A\u00f1o 03.1994 &#8211; 04.2002, 2500 , 109<br \/>\n2.5 TDI, A\u00f1o 03.1994 &#8211; 04.2002, 2500 , 116<br \/>\n2.5 TDI 4&#215;4, A\u00f1o 05.1998 &#8211; 04.2002, 2500 , 116<br \/>\n2.8 D, A\u00f1o 05.1998 &#8211; 04.2002, 2800 , 87<br \/>\n2.8 D 4&#215;4, A\u00f1o 08.1998 &#8211; 04.2002, 2800 , 87<br \/>\n2.8 TD 4&#215;4, A\u00f1o 05.1998 &#8211; 09.2001, 2799 , 122<br \/>\n2.8 TDI, A\u00f1o 10.1997 &#8211; 04.2002, 2800 , 122<br \/>\n2.8 TDI 4&#215;4, A\u00f1o 06.1999 &#8211; 04.2002, 2800 , 122<br \/>\nFIAT Ulysse I (220)<br \/>\n2.0, A\u00f1o 06.1994 &#8211; 08.2002, 1998 , 121<br \/>\n2.0 16V, A\u00f1o 05.1998 &#8211; 09.2000, 1998 , 132<br \/>\n2.0 Turbo, A\u00f1o 06.1994 &#8211; 08.2002, 1998 , 147<br \/>\nFIAT Scudo I (220)<br \/>\n1.9 TD, A\u00f1o 02.1996 &#8211; 12.2006, 1905 , 92<br \/>\n1.9 TD Eco, A\u00f1o 02.1996 &#8211; 12.2006, 1905 , 90<\/p>\n<p>LANCIA Zeta (220)<br \/>\n2.0 16V, A\u00f1o 05.1998 &#8211; 07.2000, 1998 , 132<br \/>\n2.0 JTD, A\u00f1o 04.2000 &#8211; 09.2002, 1997 , 109<br \/>\n2.0 Turbo, A\u00f1o 05.1995 &#8211; 09.2002, 1998 , 147<br \/>\n2.1 TD, A\u00f1o 05.1996 &#8211; 09.1999, 2088 , 109<\/p>\n<p>CITRO\u00cbN Xantia (X1, X2)<br \/>\n1.6 i, A\u00f1o 03.1993 &#8211; 01.1998, 1580 , 88<br \/>\n1.8 i, A\u00f1o 04.1997 &#8211; 01.1998, 1761 , 90<br \/>\n1.8 i, A\u00f1o 03.1993 &#8211; 01.1998, 1761 , 101<br \/>\n1.8 i 16V, A\u00f1o 06.1995 &#8211; 01.1998, 1761 , 110<br \/>\n1.9 D, A\u00f1o 06.1994 &#8211; 01.1998, 1905 , 69<br \/>\n1.9 SD, A\u00f1o 02.1996 &#8211; 01.1998, 1905 , 75<br \/>\n1.9 Turbo D, A\u00f1o 10.1994 &#8211; 01.1998, 1905 , 90<br \/>\n2.0 i, A\u00f1o 03.1993 &#8211; 01.1998, 1998 , 121<br \/>\n2.0 i 16V, A\u00f1o 06.1995 &#8211; 01.1998, 1998 , 132<br \/>\n2.0 i 16V, A\u00f1o 06.1994 &#8211; 01.1998, 1998 , 150<br \/>\n2.0 i 16V, A\u00f1o 03.1993 &#8211; 01.1998, 1998 , 152<br \/>\n3.0 i 24V, A\u00f1o 01.1997 &#8211; 01.1998, 2946 , 190<br \/>\nCITRO\u00cbN ZX Hatchback (N2)<br \/>\n1,1, A\u00f1o 03.1991 &#8211; 08.1993, 1124 , 54<br \/>\n1.1, A\u00f1o 03.1991 &#8211; 06.1997, 1124 , 60<br \/>\n1.4, A\u00f1o 03.1991 &#8211; 06.1997, 1360 , 75<br \/>\n1.4 D, A\u00f1o 07.1994 &#8211; 10.1997, 1360 , 50<br \/>\n1.4 i, A\u00f1o 03.1991 &#8211; 06.1997, 1360 , 75<br \/>\n1.6, A\u00f1o 07.1994 &#8211; 10.1997, 1580 , 90<br \/>\n1.6 i, A\u00f1o 03.1991 &#8211; 06.1997, 1580 , 88<br \/>\n1.8, A\u00f1o 07.1994 &#8211; 10.1997, 1761 , 103<br \/>\n1.8, A\u00f1o 04.1996 &#8211; 10.1997, 1761 , 111<br \/>\n1.8 D, A\u00f1o 06.1993 &#8211; 06.1997, 1769 , 60<br \/>\n1.8 i, A\u00f1o 07.1992 &#8211; 06.1997, 1761 , 101<br \/>\n1.8 i 16V, A\u00f1o 01.1996 &#8211; 06.1997, 1761 , 110<br \/>\n1.9, A\u00f1o 03.1991 &#8211; 09.1993, 1905 , 131<br \/>\n1.9 D, A\u00f1o 03.1991 &#8211; 06.1997, 1905 , 64<br \/>\n1.9 D, A\u00f1o 07.1993 &#8211; 06.1997, 1905 , 68<br \/>\n1.9 D, A\u00f1o 10.1993 &#8211; 07.1999, 1905 , 71<br \/>\n1.9 DT, A\u00f1o 07.1994 &#8211; 10.1997, 1905 , 88<br \/>\n1.9 DT, A\u00f1o 06.1992 &#8211; 06.1994, 1905 , 92<br \/>\n1.9 i, A\u00f1o 03.1991 &#8211; 06.1997, 1905 , 120<br \/>\n1.9 TD, A\u00f1o 07.1992 &#8211; 06.1997, 1905 , 90<br \/>\n2.0, A\u00f1o 07.1994 &#8211; 10.1997, 1998 , 122<br \/>\n2.0, A\u00f1o 09.1996 &#8211; 10.1997, 1998 , 166<br \/>\n2.0 i, A\u00f1o 07.1992 &#8211; 06.1997, 1998 , 121<br \/>\n2.0 i 16V, A\u00f1o 06.1994 &#8211; 06.1997, 1998 , 150<br \/>\n2.0 i 16V, A\u00f1o 07.1992 &#8211; 10.1994, 1998 , 152<br \/>\n2.0 i 16V, A\u00f1o 05.1996 &#8211; 06.1997, 1998 , 163<br \/>\nCITRO\u00cbN Evasion (22, U6)<br \/>\n1.8, A\u00f1o 05.1997 &#8211; 07.2002, 1761 , 99<br \/>\n1.8, A\u00f1o 02.1996 &#8211; 12.1996, 1761 , 103<br \/>\n1.9 TD, A\u00f1o 11.1994 &#8211; 07.2002, 1905 , 90<br \/>\n1.9 TD, A\u00f1o 10.1995 &#8211; 12.1998, 1905 , 92<br \/>\n2.0, A\u00f1o 06.1994 &#8211; 07.2002, 1998 , 121<br \/>\n2.0 16V, A\u00f1o 05.1998 &#8211; 04.2000, 1998 , 132<br \/>\n2.0 16V, A\u00f1o 05.2000 &#8211; 07.2002, 1997 , 136<br \/>\n2.0 HDI 16V, A\u00f1o 09.1999 &#8211; 07.2002, 1997 , 109<br \/>\n2.0 Turbo C.T., A\u00f1o 06.1994 &#8211; 07.2002, 1998 , 147<br \/>\n2.1 TD, A\u00f1o 05.1996 &#8211; 07.2002, 2088 , 109<br \/>\nCITRO\u00cbN Jumpy I MPV<br \/>\n1.6, A\u00f1o 10.1995 &#8211; 08.2000, 1581 , 79<br \/>\n1.9 D, A\u00f1o 10.1995 &#8211; 08.1998, 1905 , 69<br \/>\n1.9 D 70, A\u00f1o 04.1998 &#8211; 11.2003, 1868 , 69<br \/>\n2.0, A\u00f1o 04.2000 &#8211; 12.2006, 1997 , 136<br \/>\n2.0 HDi 110, A\u00f1o 03.2000 &#8211; 10.2006, 1997 , 109<br \/>\n2.0 i 16V, A\u00f1o 03.2000 &#8211; 10.2006, 1997 , 138<br \/>\nCITRO\u00cbN Berlingo \/ Berlingo First I Furg\u00f3n (M)<br \/>\n1.1 i, A\u00f1o 07.1996 &#8211; 03.2008, 1124 , 60<br \/>\n1.4 BiFuel (MBKFXB, MCKFXB), A\u00f1o 07.1996 &#8211; 10.2002, 1360 , 75<br \/>\n1.4 i, A\u00f1o 07.1996 &#8211; 12.2011, 1360 , 75<br \/>\n1.8 D, A\u00f1o 07.1996 &#8211; 10.2002, 1769 , 59<br \/>\n1.8 i, A\u00f1o 08.1999 &#8211; 10.2002, 1761 , 90<br \/>\nCITRO\u00cbN Berlingo \/ Berlingo First I (MF, GJK, GFK)<br \/>\n1.1 i, A\u00f1o 07.1996 &#8211; 05.2008, 1124 , 60<br \/>\n1.6 16V, A\u00f1o 10.2000 &#8211; 12.2011, 1587 , 109<br \/>\n1.8 D, A\u00f1o 07.1998 &#8211; 10.2002, 1769 , 58<br \/>\n1.8 i, A\u00f1o 05.1997 &#8211; 10.2002, 1761 , 90<br \/>\n1.9 D, A\u00f1o 07.1996 &#8211; 12.2003, 1905 , 68<br \/>\n1.9 D, A\u00f1o 07.1998 &#8211; 10.2005, 1868 , 70<br \/>\nCITRO\u00cbN Xsara (N2)<br \/>\n1.4 i, A\u00f1o 10.1997 &#8211; 08.2005, 1360 , 75<br \/>\n1.4 LPG, A\u00f1o 05.1998 &#8211; 08.2000, 1360 , 75<br \/>\n1.5 D, A\u00f1o 10.1997 &#8211; 09.2000, 1527 , 57<br \/>\n1.6 i, A\u00f1o 10.1997 &#8211; 09.2000, 1587 , 88<br \/>\n1.8 D, A\u00f1o 10.1997 &#8211; 09.2000, 1769 , 58<br \/>\n1.8 i, A\u00f1o 10.1997 &#8211; 09.2000, 1761 , 90<br \/>\n1.8 i 16V, A\u00f1o 10.1997 &#8211; 09.2000, 1761 , 110<br \/>\n1.8 LPG, A\u00f1o 05.1998 &#8211; 08.2000, 1761 , 110<br \/>\n1.9 D, A\u00f1o 10.1997 &#8211; 09.2000, 1905 , 68<br \/>\n1.9 D, A\u00f1o 07.1998 &#8211; 08.2005, 1868 , 70<br \/>\n1.9 D, A\u00f1o 01.1998 &#8211; 09.2000, 1905 , 75<br \/>\n1.9 TD, A\u00f1o 10.1997 &#8211; 09.2000, 1905 , 90<br \/>\n2.0 16V, A\u00f1o 07.1998 &#8211; 09.2000, 1998 , 132<br \/>\n2.0 HDI 90, A\u00f1o 02.1999 &#8211; 08.2005, 1997 , 90<br \/>\nCITRO\u00cbN XM II Hatchback (Y4)<br \/>\n2.0, A\u00f1o 08.1994 &#8211; 07.1999, 1998 , 121<br \/>\n2.0 i 16V, A\u00f1o 05.1994 &#8211; 10.2000, 1998 , 132<br \/>\n2.0 Turbo, A\u00f1o 05.1994 &#8211; 10.2000, 1998 , 147<br \/>\n2.1 D12 VSX, A\u00f1o 03.1996 &#8211; 08.1996, 2138 , 82<br \/>\n2.1 TD 12V, A\u00f1o 05.1994 &#8211; 10.2000, 2088 , 109<br \/>\n3.0 V6 (UFZ (ZPJ\/Z)), A\u00f1o 05.1994 &#8211; 10.2000, 2963 , 167<br \/>\n3.0 V6 24V, A\u00f1o 05.1994 &#8211; 10.2000, 2963 , 200<br \/>\nCITRO\u00cbN Xantia Familiar (X2)<br \/>\n2.0 HDI 109, A\u00f1o 02.1999 &#8211; 04.2003, 1997 , 109<br \/>\n2.0 HDI 90, A\u00f1o 03.1999 &#8211; 04.2003, 1997 , 90<br \/>\n3.0 V6, A\u00f1o 01.1998 &#8211; 04.2003, 2946 , 190<br \/>\nCITRO\u00cbN Xsara Coup\u00e9 (N0)<br \/>\n1.4 i, A\u00f1o 03.1998 &#8211; 03.2005, 1360 , 75<br \/>\n1.6 i, A\u00f1o 02.1998 &#8211; 09.2000, 1587 , 88<br \/>\n1.8 i, A\u00f1o 02.1998 &#8211; 09.2000, 1761 , 90<br \/>\n1.8 i 16V, A\u00f1o 02.1998 &#8211; 09.2000, 1761 , 110<br \/>\n1.8 LPG, A\u00f1o 01.1998 &#8211; 08.2000, 1761 , 112<br \/>\n1.9 D, A\u00f1o 02.1998 &#8211; 09.2000, 1905 , 68<br \/>\n1.9 D, A\u00f1o 02.1999 &#8211; 03.2005, 1868 , 70<br \/>\n1.9 D, A\u00f1o 02.1998 &#8211; 05.1999, 1905 , 75<br \/>\n1.9 TD, A\u00f1o 02.1998 &#8211; 09.2000, 1905 , 90<br \/>\n2.0 HDI 90, A\u00f1o 02.1999 &#8211; 03.2005, 1997 , 90<br \/>\n2.0 i 16V, A\u00f1o 02.1998 &#8211; 03.2005, 1998 , 163<br \/>\nCITRO\u00cbN ZX Familiar (N2)<br \/>\n1.4 i, A\u00f1o 10.1993 &#8211; 10.1997, 1360 , 75<br \/>\n1.5 D, A\u00f1o 06.1996 &#8211; 02.1998, 1527 , 57<br \/>\n1.6 i, A\u00f1o 10.1993 &#8211; 10.1997, 1580 , 88<br \/>\n1.8 D, A\u00f1o 10.1993 &#8211; 10.1997, 1769 , 60<br \/>\n1.8 i, A\u00f1o 10.1993 &#8211; 10.1997, 1761 , 101<br \/>\n1.8 i 16V, A\u00f1o 01.1996 &#8211; 02.1998, 1761 , 110<br \/>\n1.9 D, A\u00f1o 10.1993 &#8211; 10.1997, 1905 , 64<br \/>\n1.9 D, A\u00f1o 06.1994 &#8211; 10.1997, 1905 , 68<br \/>\n1.9 D, A\u00f1o 10.1993 &#8211; 07.1999, 1905 , 71<br \/>\n1.9 TD, A\u00f1o 10.1993 &#8211; 10.1997, 1905 , 90<br \/>\nCITRO\u00cbN XM II Familiar (Y4)<br \/>\n2.0, A\u00f1o 08.1994 &#8211; 07.1999, 1998 , 121<br \/>\n2.0 i 16V, A\u00f1o 05.1994 &#8211; 10.2000, 1998 , 132<br \/>\n2.0 Turbo, A\u00f1o 05.1994 &#8211; 10.2000, 1998 , 147<br \/>\n2.1 D12, A\u00f1o 07.1994 &#8211; 06.1996, 2138 , 82<br \/>\n2.1 TD 12V, A\u00f1o 05.1994 &#8211; 10.2000, 2088 , 109<br \/>\n3.0 V6, A\u00f1o 05.1994 &#8211; 10.2000, 2963 , 167<br \/>\nCITRO\u00cbN Jumpy I Furg\u00f3n<br \/>\n1.6 i, A\u00f1o 10.1995 &#8211; 08.2000, 1581 , 79<br \/>\n1.9 D, A\u00f1o 10.1995 &#8211; 08.1998, 1905 , 69<br \/>\n1.9 D 70, A\u00f1o 04.1998 &#8211; 10.2006, 1868 , 69<br \/>\n1.9 TD, A\u00f1o 10.1995 &#8211; 08.2000, 1905 , 92<br \/>\n2.0 16V HDi 110, A\u00f1o 01.2002 &#8211; 10.2006, 1997 , 109<br \/>\n2.0 HDi 110, A\u00f1o 10.2001 &#8211; 10.2006, 1997 , 109<br \/>\n2.0 i 16V, A\u00f1o 03.2000 &#8211; 10.2006, 1997 , 138<br \/>\nCITRO\u00cbN Jumpy I Cami\u00f3n de plataforma\/Chasis<br \/>\n1.9 TD, A\u00f1o 11.2000 &#8211; 10.2006, 1868 , 69<br \/>\n2.0, A\u00f1o 12.2003 &#8211; 10.2006, 1997 , 136<br \/>\n2.0 HDi 110, A\u00f1o 12.2003 &#8211; 10.2006, 1997 , 109<br \/>\nCITRO\u00cbN Xsara Furg\u00f3n \/ Familiar<br \/>\n1.8 D, A\u00f1o 05.1998 &#8211; 05.1999, 1769 , 58<br \/>\n1.9 D, A\u00f1o 06.1999 &#8211; 08.2005, 1868 , 69<br \/>\nCITRO\u00cbN Xsara Furg\u00f3n \/ Hatchback (N3)<br \/>\n1.4, A\u00f1o 05.1998 &#8211; 10.2004, 1360 , 75<br \/>\n1.4 LPG, A\u00f1o 06.1999 &#8211; 08.2000, 1360 , 75<br \/>\n1.8 D, A\u00f1o 05.1998 &#8211; 05.1999, 1769 , 58<br \/>\n1.9 D, A\u00f1o 06.1999 &#8211; 03.2005, 1868 , 69<br \/>\n1.9 D, A\u00f1o 05.1998 &#8211; 08.2000, 1905 , 88<br \/>\nCITRO\u00cbN ZX Furg\u00f3n \/ Hatchback (N2)<br \/>\n1.4, A\u00f1o 07.1994 &#8211; 12.1995, 1360 , 75<br \/>\n1.8, A\u00f1o 07.1993 &#8211; 05.1998, 1769 , 60<br \/>\n1.9 D, A\u00f1o 07.1994 &#8211; 06.1997, 1905 , 68<br \/>\nCITRO\u00cbN Xantia Furg\u00f3n \/ Familiar (X2)<br \/>\n1.9 DT, A\u00f1o 01.1998 &#8211; 12.2000, 1905 , 90<br \/>\n2.0 HDi, A\u00f1o 06.1999 &#8211; 04.2003, 1997 , 90<\/p>\n<p>PEUGEOT 806<br \/>\n1.8, A\u00f1o 07.1995 &#8211; 08.2002, 1761 , 99<br \/>\n1.9 TD, A\u00f1o 05.1997 &#8211; 08.2002, 1905 , 92<br \/>\n2.0, A\u00f1o 06.1994 &#8211; 08.2002, 1998 , 121<br \/>\n2.0 16V, A\u00f1o 05.1998 &#8211; 09.2000, 1998 , 132<br \/>\n2.0 16V, A\u00f1o 09.2000 &#8211; 08.2002, 1997 , 136<br \/>\n2.0 HDI, A\u00f1o 08.1999 &#8211; 08.2002, 1997 , 109<br \/>\n2.0 HDI 16V, A\u00f1o 08.1999 &#8211; 08.2002, 1997 , 109<br \/>\n2.0 Turbo, A\u00f1o 06.1994 &#8211; 08.2002, 1998 , 147<br \/>\n2.1 td 12V, A\u00f1o 06.1996 &#8211; 08.1999, 2088 , 109<br \/>\nPEUGEOT 306 Hatchback<br \/>\n1.1, A\u00f1o 05.1993 &#8211; 05.2001, 1124 , 60<br \/>\n1.4, A\u00f1o 05.1993 &#8211; 05.2001, 1360 , 75<br \/>\n1.6, A\u00f1o 05.1993 &#8211; 10.2000, 1587 , 89<br \/>\n1.8, A\u00f1o 05.1993 &#8211; 05.2001, 1762 , 101<br \/>\n1.8 16V, A\u00f1o 03.1997 &#8211; 05.2001, 1761 , 110<br \/>\n1.8 D, A\u00f1o 05.1993 &#8211; 05.2001, 1769 , 58<br \/>\n1.9 D, A\u00f1o 05.1993 &#8211; 05.2001, 1905 , 64<br \/>\n1.9 D, A\u00f1o 06.1994 &#8211; 05.2001, 1905 , 68<br \/>\n1.9 D, A\u00f1o 04.1993 &#8211; 05.1999, 1905 , 69<br \/>\n1.9 D, A\u00f1o 09.1998 &#8211; 05.2001, 1868 , 69<br \/>\n1.9 D, A\u00f1o 03.1998 &#8211; 05.2001, 1905 , 75<br \/>\n1.9 DT, A\u00f1o 05.1993 &#8211; 05.2001, 1905 , 90<br \/>\n2.0 16V, A\u00f1o 03.1997 &#8211; 05.2001, 1998 , 132<br \/>\n2.0 16V, A\u00f1o 03.1997 &#8211; 06.2000, 1998 , 135<br \/>\n2.0 HDI 90, A\u00f1o 06.1999 &#8211; 05.2001, 1997 , 90<br \/>\n2.0 S16, A\u00f1o 06.1994 &#8211; 05.2001, 1998 , 150<br \/>\n2.0 S16, A\u00f1o 05.1993 &#8211; 05.2001, 1998 , 152<br \/>\n2.0 S16, A\u00f1o 03.1996 &#8211; 05.2001, 1998 , 163<br \/>\n2.0 XSi, A\u00f1o 05.1993 &#8211; 05.2001, 1998 , 121<br \/>\nPEUGEOT 306 Cabrio<br \/>\n1.6, A\u00f1o 04.1996 &#8211; 10.2000, 1587 , 89<br \/>\n1.8, A\u00f1o 03.1994 &#8211; 04.2002, 1762 , 101<br \/>\n1.8, A\u00f1o 05.1997 &#8211; 04.1999, 1761 , 101<br \/>\n1.8 16V, A\u00f1o 07.2000 &#8211; 04.2002, 1761 , 110<br \/>\n2.0, A\u00f1o 03.1994 &#8211; 04.2002, 1998 , 121<br \/>\n2.0 16V, A\u00f1o 03.1997 &#8211; 04.2002, 1998 , 132<br \/>\n2.0 16V, A\u00f1o 03.1997 &#8211; 04.2002, 1998 , 135<br \/>\nPEUGEOT 306 Berlina<br \/>\n1.1, A\u00f1o 06.1994 &#8211; 05.2001, 1124 , 60<br \/>\n1.4 SL, A\u00f1o 06.1994 &#8211; 05.2001, 1360 , 75<br \/>\n1.6 SR, A\u00f1o 06.1994 &#8211; 10.2000, 1587 , 89<br \/>\n1.8, A\u00f1o 10.1995 &#8211; 04.1997, 1761 , 101<br \/>\n1.8 16V, A\u00f1o 03.1997 &#8211; 05.2001, 1761 , 110<br \/>\n1.8 D, A\u00f1o 05.1997 &#8211; 06.2000, 1769 , 60<br \/>\n1.8 ST, A\u00f1o 06.1994 &#8211; 05.2001, 1762 , 101<br \/>\n1.9 D, A\u00f1o 09.1998 &#8211; 05.2001, 1868 , 69<br \/>\n1.9 D, A\u00f1o 03.1998 &#8211; 05.2001, 1905 , 75<br \/>\n1.9 D, A\u00f1o 02.1994 &#8211; 04.1997, 1905 , 94<br \/>\n1.9 SLD, A\u00f1o 06.1994 &#8211; 05.2001, 1905 , 64<br \/>\n1.9 SLD, A\u00f1o 06.1994 &#8211; 05.2001, 1905 , 68<br \/>\n1.9 SRDT, A\u00f1o 06.1994 &#8211; 05.2001, 1905 , 90<br \/>\n1.9 STD, A\u00f1o 02.1994 &#8211; 10.1995, 1905 , 69<br \/>\n2.0, A\u00f1o 03.1997 &#8211; 05.2001, 1998 , 132<br \/>\n2.0 HDI 90, A\u00f1o 06.1999 &#8211; 05.2001, 1997 , 90<br \/>\n2.0 S16, A\u00f1o 06.1994 &#8211; 05.2001, 1998 , 150<br \/>\n2.0 S16, A\u00f1o 06.1994 &#8211; 05.2001, 1998 , 152<br \/>\n2.0 ST, A\u00f1o 07.1994 &#8211; 05.2001, 1998 , 121<br \/>\nPEUGEOT 405 II Familiar (4E)<br \/>\n1.6, A\u00f1o 08.1992 &#8211; 10.1996, 1580 , 88<br \/>\n1.6, A\u00f1o 08.1992 &#8211; 05.1997, 1580 , 90<br \/>\n1.6, A\u00f1o 08.1992 &#8211; 08.1994, 1580 , 92<br \/>\n1.8, A\u00f1o 08.1992 &#8211; 10.1996, 1762 , 101<br \/>\n1.9, A\u00f1o 08.1992 &#8211; 12.1995, 1905 , 109<br \/>\n1.9 D, A\u00f1o 08.1992 &#8211; 10.1996, 1905 , 64<br \/>\n1.9 D, A\u00f1o 06.1994 &#8211; 10.1996, 1905 , 68<br \/>\n1.9 D, A\u00f1o 09.1993 &#8211; 12.1995, 1905 , 69<br \/>\n1.9 TD, A\u00f1o 08.1992 &#8211; 10.1996, 1905 , 90<br \/>\n1.9 TD, A\u00f1o 08.1992 &#8211; 10.1996, 1905 , 94<br \/>\n2.0, A\u00f1o 08.1992 &#8211; 10.1996, 1998 , 121<br \/>\n2.0 4&#215;4, A\u00f1o 08.1992 &#8211; 10.1996, 1998 , 121<br \/>\n2.0 4&#215;4, A\u00f1o 08.1992 &#8211; 12.1995, 1998 , 196<br \/>\nPEUGEOT 405 II (4B)<br \/>\n1.6, A\u00f1o 08.1992 &#8211; 10.1995, 1580 , 88<br \/>\n1.6, A\u00f1o 08.1992 &#8211; 05.1997, 1580 , 90<br \/>\n1.6, A\u00f1o 08.1992 &#8211; 08.1994, 1580 , 92<br \/>\n1.8, A\u00f1o 08.1992 &#8211; 10.1995, 1762 , 101<br \/>\n1.9 D, A\u00f1o 08.1992 &#8211; 10.1995, 1905 , 64<br \/>\n1.9 D, A\u00f1o 06.1994 &#8211; 10.1995, 1905 , 68<br \/>\n1.9 D, A\u00f1o 08.1992 &#8211; 08.1994, 1905 , 69<br \/>\n1.9 D, A\u00f1o 08.1997 &#8211; 11.1999, 1905 , 71<br \/>\n1.9 TD, A\u00f1o 08.1992 &#8211; 10.1995, 1905 , 90<br \/>\n1.9 TD, A\u00f1o 08.1992 &#8211; 05.1997, 1905 , 94<br \/>\n2.0, A\u00f1o 08.1992 &#8211; 10.1995, 1998 , 121<br \/>\n2.0 16V, A\u00f1o 06.1994 &#8211; 10.1995, 1998 , 150<br \/>\n2.0 MI-16, A\u00f1o 08.1992 &#8211; 10.1995, 1998 , 152<br \/>\n2.0 T 16 X4, A\u00f1o 08.1992 &#8211; 10.1995, 1998 , 196<br \/>\n2.0 X4, A\u00f1o 08.1992 &#8211; 10.1995, 1998 , 121<br \/>\nPEUGEOT 605 Berlina<br \/>\n2.0, A\u00f1o 02.1990 &#8211; 09.1999, 1998 , 107<br \/>\n2.0, A\u00f1o 06.1989 &#8211; 09.1999, 1998 , 114<br \/>\n2.0, A\u00f1o 06.1989 &#8211; 09.1999, 1998 , 121<br \/>\n2.0 16V, A\u00f1o 07.1994 &#8211; 09.1999, 1998 , 132<br \/>\n2.0 Turbo, A\u00f1o 07.1992 &#8211; 09.1999, 1998 , 141<br \/>\n2.0 Turbo, A\u00f1o 07.1991 &#8211; 09.1999, 1998 , 147<br \/>\n2.1 D, A\u00f1o 06.1989 &#8211; 07.1995, 2138 , 82<br \/>\n2.1 TD 12V, A\u00f1o 08.1994 &#8211; 09.1999, 2088 , 109<br \/>\n2.1 Turbodi\u00e9sel, A\u00f1o 06.1989 &#8211; 09.1999, 2088 , 109<br \/>\n2.5 Turbodi\u00e9sel, A\u00f1o 07.1994 &#8211; 09.1999, 2446 , 129<br \/>\n3.0 V6, A\u00f1o 04.1997 &#8211; 09.1999, 2946 , 190<br \/>\nPEUGEOT 406<br \/>\n1.6, A\u00f1o 11.1995 &#8211; 05.2004, 1580 , 88<br \/>\n1.8, A\u00f1o 05.1997 &#8211; 05.2004, 1761 , 90<br \/>\n1.8, A\u00f1o 10.1996 &#8211; 03.1999, 1761 , 101<br \/>\n1.8 16V, A\u00f1o 11.1995 &#8211; 10.2000, 1761 , 110<br \/>\n1.8 Bifuel, A\u00f1o 04.1999 &#8211; 05.2003, 1761 , 110<br \/>\n1.9 D, A\u00f1o 10.1996 &#8211; 05.2004, 1905 , 75<br \/>\n1.9 TD, A\u00f1o 01.1996 &#8211; 05.2004, 1905 , 90<br \/>\n1.9 TD, A\u00f1o 01.1996 &#8211; 05.2004, 1905 , 92<br \/>\n1.9 TD, A\u00f1o 10.1995 &#8211; 10.1997, 1905 , 94<br \/>\n2.0 16V, A\u00f1o 11.1995 &#8211; 05.2004, 1998 , 132<br \/>\n2.0 16V, A\u00f1o 01.1999 &#8211; 08.2000, 1997 , 135<br \/>\n2.0 HDI 90, A\u00f1o 02.1999 &#8211; 05.2004, 1997 , 90<br \/>\n2.0 Turbo, A\u00f1o 04.1996 &#8211; 05.2004, 1998 , 147<br \/>\nPEUGEOT Partner I Furg\u00f3n<br \/>\n1.1, A\u00f1o 06.1996 &#8211; 09.2005, 1124 , 60<br \/>\n1.4, A\u00f1o 06.1996 &#8211; 12.2015, 1360 , 75<br \/>\n1.8 D, A\u00f1o 06.1996 &#8211; 12.2002, 1769 , 58<br \/>\n1.8 D, A\u00f1o 11.1996 &#8211; 02.1998, 1769 , 60<br \/>\n1.9 D, A\u00f1o 05.1996 &#8211; 12.1998, 1905 , 68<br \/>\n1.9 D, A\u00f1o 06.1996 &#8211; 12.2015, 1868 , 69<br \/>\n1.9 D, A\u00f1o 06.1996 &#8211; 12.2002, 1905 , 69<br \/>\nPEUGEOT Partner I Combispace<br \/>\n1.4, A\u00f1o 06.1996 &#8211; 12.2015, 1360 , 75<br \/>\n1.8, A\u00f1o 05.1997 &#8211; 12.2003, 1761 , 90<br \/>\n1.9 D, A\u00f1o 06.1996 &#8211; 12.2002, 1905 , 68<br \/>\n1.9 D, A\u00f1o 05.1996 &#8211; 12.1998, 1905 , 69<br \/>\n1.9 D, A\u00f1o 12.1998 &#8211; 07.2008, 1868 , 69<br \/>\nPEUGEOT Expert I<br \/>\n1.6, A\u00f1o 02.1996 &#8211; 09.2000, 1581 , 79<br \/>\n1.8, A\u00f1o 10.1996 &#8211; 09.2000, 1761 , 101<br \/>\n1.9 D, A\u00f1o 02.1996 &#8211; 12.1998, 1905 , 70<br \/>\n1.9 D 70, A\u00f1o 12.1998 &#8211; 12.2006, 1868 , 69<br \/>\nPEUGEOT Expert I Cami\u00f3n de plataforma\/Chasis<br \/>\n1.6, A\u00f1o 02.1996 &#8211; 09.2000, 1581 , 79<br \/>\n1.9 D, A\u00f1o 02.1996 &#8211; 12.1998, 1905 , 70<br \/>\n1.9 D, A\u00f1o 06.1998 &#8211; 09.2001, 1868 , 69<br \/>\nPEUGEOT 206 Hatchback (2A\/C)<br \/>\n1.6 i, A\u00f1o 09.1998 &#8211; 12.2000, 1587 , 89<br \/>\n1.9 D, A\u00f1o 09.1998 &#8211; 11.2001, 1868 , 69<br \/>\nPEUGEOT 306<br \/>\n1.4, A\u00f1o 03.1997 &#8211; 04.2002, 1360 , 75<br \/>\n1.6, A\u00f1o 03.1997 &#8211; 10.2000, 1587 , 89<br \/>\n1.8 16V, A\u00f1o 03.1997 &#8211; 04.2002, 1761 , 110<br \/>\n1.8 D, A\u00f1o 05.1997 &#8211; 06.2000, 1769 , 60<br \/>\n1.9 D, A\u00f1o 03.1997 &#8211; 04.2002, 1905 , 68<br \/>\n1.9 D, A\u00f1o 09.1998 &#8211; 04.2002, 1868 , 69<br \/>\n1.9 D, A\u00f1o 05.1997 &#8211; 05.1999, 1905 , 69<br \/>\n1.9 D, A\u00f1o 03.1998 &#8211; 04.2002, 1905 , 75<br \/>\n1.9 TD, A\u00f1o 02.1997 &#8211; 04.2002, 1905 , 90<br \/>\n2.0, A\u00f1o 03.1997 &#8211; 04.2002, 1998 , 132<br \/>\n2.0 16V, A\u00f1o 03.1997 &#8211; 04.2002, 1998 , 135<br \/>\n2.0 HDI 90, A\u00f1o 06.1999 &#8211; 04.2002, 1997 , 90<br \/>\nPEUGEOT Expert II Tepee (VF3X)<br \/>\n2.0 HDi 120, A\u00f1o 01.2007 &#8211; 03.2016, 1997 , 120<br \/>\nPEUGEOT 206 Furg\u00f3n (A\u00f1o 04.1999 &#8211; 03.2009)<br \/>\n1.9 D, A\u00f1o 04.1999 &#8211; 05.2007, 1868 , 69<br \/>\nPEUGEOT Partner I Cami\u00f3n de plataforma\/Chasis<br \/>\n1.8, A\u00f1o 03.1997 &#8211; 08.2000, 1761 , 90<br \/>\n1.9 D, A\u00f1o 01.1999 &#8211; 07.2008, 1868 , 69<br \/>\n1.9 STD, A\u00f1o 02.1994 &#8211; 10.1995, 1905 , 69<\/p>\n<p>LA PIEZA ES NUEVA Y ORIGINAL.<\/p>\n","protected":false},"excerpt":{"rendered":"<p>Electrov\u00e1lvula, interruptor del indicador de la marcha atr\u00e1s del cambio de: M\u00e9trica: 14 FIAT Ducato II (230L) 1.9 D, A\u00f1o 04.1998 &#8211; 04.2002, 1905 , 68 1.9 D, A\u00f1o 03.1994 &#8211; 04.2002, 1929 , 69 1.9 TD, A\u00f1o 05.1998 &#8211; 11.2001, 1905 , 80 1.9 TD, A\u00f1o 03.1994 &#8211; 04.2002, 1929 , 82 1.9 TD, [&hellip;]<\/p>\n","protected":false},"featured_media":72719,"template":"","meta":{"_seopress_robots_primary_cat":"","_seopress_titles_title":"","_seopress_titles_desc":"","_seopress_robots_index":""},"product_cat":[146,147,150,151,203,189,129,23,136,88,188,156,20,138,21,158,24,104,113,141,142,143,128,144],"product_tag":[],"class_list":{"0":"post-72718","1":"product","2":"type-product","3":"status-publish","4":"has-post-thumbnail","6":"product_cat-recambios-peugeot-206","7":"product_cat-recambios-peugeot-306","8":"product_cat-recambios-peugeot-405","9":"product_cat-recambios-peugeot-406","10":"product_cat-recambios-peugeot-605","11":"product_cat-recambios-peugeot-806","12":"product_cat-recambios-citroen-berlingo","13":"product_cat-recambios-citroen","14":"product_cat-recambios-citroen-cx","15":"product_cat-recambios-fiat-ducato","16":"product_cat-recambios-citroen-evasion","17":"product_cat-recambios-peugeot-expert","18":"product_cat-recambios-fiat","19":"product_cat-recambios-citroen-jumpy","20":"product_cat-recambios-lancia","21":"product_cat-recambios-peugeot-partner","22":"product_cat-recambios-peugeot","23":"product_cat-recambios-fiat-scudo","24":"product_cat-recambios-fiat-ulysse","25":"product_cat-recambios-citroen-xantia","26":"product_cat-recambios-citroen-xm","27":"product_cat-recambios-citroen-xsara","28":"product_cat-recambios-lancia-z","29":"product_cat-recambios-citroen-zx","31":"first","32":"outofstock","33":"taxable","34":"shipping-taxable","35":"purchasable","36":"product-type-simple"},"_links":{"self":[{"href":"https:\/\/galicianparts.com\/shop\/wp-json\/wp\/v2\/product\/72718"}],"collection":[{"href":"https:\/\/galicianparts.com\/shop\/wp-json\/wp\/v2\/product"}],"about":[{"href":"https:\/\/galicianparts.com\/shop\/wp-json\/wp\/v2\/types\/product"}],"wp:featuredmedia":[{"embeddable":true,"href":"https:\/\/galicianparts.com\/shop\/wp-json\/wp\/v2\/media\/72719"}],"wp:attachment":[{"href":"https:\/\/galicianparts.com\/shop\/wp-json\/wp\/v2\/media?parent=72718"}],"wp:term":[{"taxonomy":"product_cat","embeddable":true,"href":"https:\/\/galicianparts.com\/shop\/wp-json\/wp\/v2\/product_cat?post=72718"},{"taxonomy":"product_tag","embeddable":true,"href":"https:\/\/galicianparts.com\/shop\/wp-json\/wp\/v2\/product_tag?post=72718"}],"curies":[{"name":"wp","href":"https:\/\/api.w.org\/{rel}","templated":true}]}}