{"id":72780,"date":"2023-04-27T19:08:18","date_gmt":"2023-04-27T17:08:18","guid":{"rendered":"https:\/\/galicianparts.com\/shop\/producto\/790595-pack-3-juntas-cilindro-tambor-freno-fiat-ritmo-seat-ronda-ibiza-lancia-original\/"},"modified":"2023-04-27T19:10:56","modified_gmt":"2023-04-27T17:10:56","slug":"790595-pack-3-juntas-cilindro-tambor-freno-fiat-ritmo-seat-ronda-ibiza-lancia-original","status":"publish","type":"product","link":"https:\/\/galicianparts.com\/shop\/producto\/790595-pack-3-juntas-cilindro-tambor-freno-fiat-ritmo-seat-ronda-ibiza-lancia-original\/","title":{"rendered":"790595 Pack 3 juntas cilindro tambor freno Fiat Ritmo \/Seat Ronda \/Ibiza \/Lancia ORIGINAL"},"content":{"rendered":"<p>Juego, set de 3 juntas del bomb\u00edn del tambor de freno de las ruedas traseras de:<br \/>\nDi\u00e1metro interior: 11mm<br \/>\nDi\u00e1metro exterior: 18mm<br \/>\nEspesor: 3,7mm<\/p>\n<p>FIAT Ritmo I Cabrio (A\u00f1o 10.1979 &#8211; 07.1989)<br \/>\nFIAT Ritmo I Hatchback (138) (A\u00f1o 01.1978 &#8211; 12.1988)<br \/>\nLANCIA Prisma (831) (A\u00f1o 01.1983 &#8211; 02.1992)<br \/>\nSEAT Ronda (022A) (A\u00f1o 06.1982 &#8211; 11.1988)<br \/>\nSEAT Malaga (023A) (A\u00f1o 11.1984 &#8211; 12.1993)<br \/>\nSEAT Ibiza I Hatchback (021A) (A\u00f1o 06.1984 &#8211; 12.1993)<\/p>\n<p>LA PIEZA ES NUEVA Y ORIGINAL.<\/p>\n","protected":false},"excerpt":{"rendered":"<p>Juego, set de 3 juntas del bomb\u00edn del tambor de freno de las ruedas traseras de: Di\u00e1metro interior: 11mm Di\u00e1metro exterior: 18mm Espesor: 3,7mm FIAT Ritmo I Cabrio (A\u00f1o 10.1979 &#8211; 07.1989) FIAT Ritmo I Hatchback (138) (A\u00f1o 01.1978 &#8211; 12.1988) LANCIA Prisma (831) (A\u00f1o 01.1983 &#8211; 02.1992) SEAT Ronda (022A) (A\u00f1o 06.1982 &#8211; 11.1988) [&hellip;]<\/p>\n","protected":false},"featured_media":72781,"template":"","meta":{"_seopress_robots_primary_cat":"","_seopress_titles_title":"","_seopress_titles_desc":"","_seopress_robots_index":""},"product_cat":[20,162,21,164,123,103,165,26],"product_tag":[],"class_list":{"0":"post-72780","1":"product","2":"type-product","3":"status-publish","4":"has-post-thumbnail","6":"product_cat-recambios-fiat","7":"product_cat-recambios-seat-ibiza","8":"product_cat-recambios-lancia","9":"product_cat-recambios-seat-malaga","10":"product_cat-recambios-lancia-prisma","11":"product_cat-recambios-fiat-ritmo","12":"product_cat-recambios-seat-ronda","13":"product_cat-recambios-seat","15":"first","16":"instock","17":"taxable","18":"shipping-taxable","19":"purchasable","20":"product-type-simple"},"_links":{"self":[{"href":"https:\/\/galicianparts.com\/shop\/wp-json\/wp\/v2\/product\/72780"}],"collection":[{"href":"https:\/\/galicianparts.com\/shop\/wp-json\/wp\/v2\/product"}],"about":[{"href":"https:\/\/galicianparts.com\/shop\/wp-json\/wp\/v2\/types\/product"}],"wp:featuredmedia":[{"embeddable":true,"href":"https:\/\/galicianparts.com\/shop\/wp-json\/wp\/v2\/media\/72781"}],"wp:attachment":[{"href":"https:\/\/galicianparts.com\/shop\/wp-json\/wp\/v2\/media?parent=72780"}],"wp:term":[{"taxonomy":"product_cat","embeddable":true,"href":"https:\/\/galicianparts.com\/shop\/wp-json\/wp\/v2\/product_cat?post=72780"},{"taxonomy":"product_tag","embeddable":true,"href":"https:\/\/galicianparts.com\/shop\/wp-json\/wp\/v2\/product_tag?post=72780"}],"curies":[{"name":"wp","href":"https:\/\/api.w.org\/{rel}","templated":true}]}}