{"id":72844,"date":"2023-04-28T11:20:41","date_gmt":"2023-04-28T09:20:41","guid":{"rendered":"https:\/\/galicianparts.com\/shop\/producto\/7642519-tornillo-tubo-escape-fiat-uno-1-4-td-1989-1995-nuevo-original\/"},"modified":"2023-04-28T11:22:47","modified_gmt":"2023-04-28T09:22:47","slug":"7642519-tornillo-tubo-escape-fiat-uno-1-4-td-1989-1995-nuevo-original","status":"publish","type":"product","link":"https:\/\/galicianparts.com\/shop\/producto\/7642519-tornillo-tubo-escape-fiat-uno-1-4-td-1989-1995-nuevo-original\/","title":{"rendered":"7642519 Tornillo tubo escape Fiat Uno 1.4 TD (1989-1995) NUEVO ORIGINAL"},"content":{"rendered":"<p>Esp\u00e1rrago de la junta del colector de la salida del turbo al tubo de escape de:<br \/>\nM\u00e9trica 1: 8<br \/>\nM\u00e9trica 2: 10<br \/>\nLargo total: 70 mm<\/p>\n<p>FIAT &#8211; MU UNO 1367 TURBO DIESEL R\/89 (1989-1995)<\/p>\n<p>LA PIEZA ES NUEVA Y ORIGINAL.<\/p>\n","protected":false},"excerpt":{"rendered":"<p>Esp\u00e1rrago de la junta del colector de la salida del turbo al tubo de escape de: M\u00e9trica 1: 8 M\u00e9trica 2: 10 Largo total: 70 mm FIAT &#8211; MU UNO 1367 TURBO DIESEL R\/89 (1989-1995) LA PIEZA ES NUEVA Y ORIGINAL.<\/p>\n","protected":false},"featured_media":72847,"template":"","meta":{"_seopress_robots_primary_cat":"","_seopress_titles_title":"","_seopress_titles_desc":"","_seopress_robots_index":""},"product_cat":[20,114],"product_tag":[],"class_list":{"0":"post-72844","1":"product","2":"type-product","3":"status-publish","4":"has-post-thumbnail","6":"product_cat-recambios-fiat","7":"product_cat-recambios-fiat-uno","9":"first","10":"instock","11":"taxable","12":"shipping-taxable","13":"purchasable","14":"product-type-simple"},"_links":{"self":[{"href":"https:\/\/galicianparts.com\/shop\/wp-json\/wp\/v2\/product\/72844"}],"collection":[{"href":"https:\/\/galicianparts.com\/shop\/wp-json\/wp\/v2\/product"}],"about":[{"href":"https:\/\/galicianparts.com\/shop\/wp-json\/wp\/v2\/types\/product"}],"wp:featuredmedia":[{"embeddable":true,"href":"https:\/\/galicianparts.com\/shop\/wp-json\/wp\/v2\/media\/72847"}],"wp:attachment":[{"href":"https:\/\/galicianparts.com\/shop\/wp-json\/wp\/v2\/media?parent=72844"}],"wp:term":[{"taxonomy":"product_cat","embeddable":true,"href":"https:\/\/galicianparts.com\/shop\/wp-json\/wp\/v2\/product_cat?post=72844"},{"taxonomy":"product_tag","embeddable":true,"href":"https:\/\/galicianparts.com\/shop\/wp-json\/wp\/v2\/product_tag?post=72844"}],"curies":[{"name":"wp","href":"https:\/\/api.w.org\/{rel}","templated":true}]}}