{"id":72906,"date":"2023-05-02T08:43:50","date_gmt":"2023-05-02T06:43:50","guid":{"rendered":"https:\/\/galicianparts.com\/shop\/producto\/4227649-tuerca-tensor-correa-auxiliar-fiat-panda-uno-seicento-cinquecento-original\/"},"modified":"2023-06-12T12:31:35","modified_gmt":"2023-06-12T10:31:35","slug":"4227649-tuerca-tensor-correa-auxiliar-fiat-panda-uno-seicento-cinquecento-original","status":"publish","type":"product","link":"https:\/\/galicianparts.com\/shop\/producto\/4227649-tuerca-tensor-correa-auxiliar-fiat-panda-uno-seicento-cinquecento-original\/","title":{"rendered":"4227649 Tuerca M18X1,5 polea cig\u00fce\u00f1al Fiat Panda \/Uno \/Seicento \/Cinquecento ORIGINAL"},"content":{"rendered":"<p>Tuerca de la polea del cig\u00fce\u00f1al de la correa de instrumentos del motor de:<br \/>\nM\u00e9trica: 18X1,5<\/p>\n<p>FIAT &#8211; NM CINQUECENTO (1992-1998) 903 CARB. \/ 903 SPI\u00bbW\u00bb USA&#8217;83 \/ 899 SPI\u00bbW\u00bb \/ 899 CARB.<br \/>\nFIAT &#8211; NM CINQUECENTO (1992-1998) AIRE ACONDICIONADO \/ 903 SPI\u00bbW\u00bb USA&#8217;83 \/ 899 SPI\u00bbW\u00bb<br \/>\nFIAT &#8211; 1S PANDA 4X2 MAQ 91 (1991-2003) 750 ACB CARB \/ 900 ACB CARB \/ 900 SPI USA 83<br \/>\nFIAT &#8211; LV PANDA 4X2 RL\/86 (1985-1991) 750 ACB \/ 900 ACB<br \/>\nFIAT &#8211; 1E SEICENTO (1998-2010) 899 SPI<br \/>\nFIAT &#8211; MR UNO R\/89 (1989-1995) 903<\/p>\n<p>LA PIEZA ES NUEVA Y ORIGINAL.<\/p>\n","protected":false},"excerpt":{"rendered":"<p>Tuerca de la polea del cig\u00fce\u00f1al de la correa de instrumentos del motor de: M\u00e9trica: 18X1,5 FIAT &#8211; NM CINQUECENTO (1992-1998) 903 CARB. \/ 903 SPI\u00bbW\u00bb USA&#8217;83 \/ 899 SPI\u00bbW\u00bb \/ 899 CARB. FIAT &#8211; NM CINQUECENTO (1992-1998) AIRE ACONDICIONADO \/ 903 SPI\u00bbW\u00bb USA&#8217;83 \/ 899 SPI\u00bbW\u00bb FIAT &#8211; 1S PANDA 4X2 MAQ 91 (1991-2003) [&hellip;]<\/p>\n","protected":false},"featured_media":72909,"template":"","meta":{"_seopress_robots_primary_cat":"","_seopress_titles_title":"","_seopress_titles_desc":"","_seopress_robots_index":""},"product_cat":[84,20,99,106,114],"product_tag":[],"class_list":{"0":"post-72906","1":"product","2":"type-product","3":"status-publish","4":"has-post-thumbnail","6":"product_cat-recambios-fiat-cinquecento","7":"product_cat-recambios-fiat","8":"product_cat-recambios-fiat-panda","9":"product_cat-recambios-fiat-seicento","10":"product_cat-recambios-fiat-uno","12":"first","13":"outofstock","14":"taxable","15":"shipping-taxable","16":"purchasable","17":"product-type-simple"},"_links":{"self":[{"href":"https:\/\/galicianparts.com\/shop\/wp-json\/wp\/v2\/product\/72906"}],"collection":[{"href":"https:\/\/galicianparts.com\/shop\/wp-json\/wp\/v2\/product"}],"about":[{"href":"https:\/\/galicianparts.com\/shop\/wp-json\/wp\/v2\/types\/product"}],"wp:featuredmedia":[{"embeddable":true,"href":"https:\/\/galicianparts.com\/shop\/wp-json\/wp\/v2\/media\/72909"}],"wp:attachment":[{"href":"https:\/\/galicianparts.com\/shop\/wp-json\/wp\/v2\/media?parent=72906"}],"wp:term":[{"taxonomy":"product_cat","embeddable":true,"href":"https:\/\/galicianparts.com\/shop\/wp-json\/wp\/v2\/product_cat?post=72906"},{"taxonomy":"product_tag","embeddable":true,"href":"https:\/\/galicianparts.com\/shop\/wp-json\/wp\/v2\/product_tag?post=72906"}],"curies":[{"name":"wp","href":"https:\/\/api.w.org\/{rel}","templated":true}]}}