{"id":72946,"date":"2023-05-03T09:55:18","date_gmt":"2023-05-03T07:55:18","guid":{"rendered":"https:\/\/galicianparts.com\/shop\/producto\/15505921-pack-2-tuercas-m14-amortiguador-lancia-delta-evo-thema-alfa-fiat-original\/"},"modified":"2025-10-01T19:18:19","modified_gmt":"2025-10-01T17:18:19","slug":"15505921-pack-2-tuercas-m14-amortiguador-lancia-delta-evo-thema-alfa-fiat-original","status":"publish","type":"product","link":"https:\/\/galicianparts.com\/shop\/producto\/15505921-pack-2-tuercas-m14-amortiguador-lancia-delta-evo-thema-alfa-fiat-original\/","title":{"rendered":"15505921 Pack 2 tuercas M14 amortiguador Lancia Delta Evo \/Thema \/Alfa \/Fiat ORIGINAL"},"content":{"rendered":"<p>Juego, set de 2 tuercas superiores de los amortiguadores de la suspensi\u00f3n delantera y trasera, tirantes suspensi\u00f3n trasera, soporte de los cables del varillaje de:<br \/>\nM\u00e9trica: 14<\/p>\n<p>FIAT &#8211; MZ CROMA CHT FL.90 (1990-1992)<br \/>\nFIAT &#8211; MY CROMA IE-IE TB. FL.90 (1990-1996)<br \/>\nFIAT &#8211; NQ CROMA IE. 2500 V6 (1993-1996)<br \/>\nFIAT &#8211; MJ CROMA TURBO DS FL.90 (1990-1996)<br \/>\nALFA ROMEO &#8211; W8 147 BZ\/DS (2000-2010)<br \/>\nALFA ROMEO &#8211; T7 156 BENZINA (1997-2002) BN BASE \/ BN MEDIO\/PROGRESSION \/ BN RICO\/DISTINTIVE<br \/>\nALFA ROMEO &#8211; X1 156 M.Y.2002 BZ\/DS (2001-2005) BN PROGRESSION \/ BN DISTINCTIVE \/ BN GTA SELESPEED \/ BN GTA \/ SEDAN IMPRESSION MY.03 \/ SEDAN PROGRESSION MY.03 \/ SEDAN DISTINCTIVE MY.03<br \/>\nALFA ROMEO &#8211; X1 156 M.Y.2002 BZ\/DS (2001-2005) SW PROGRESSION \/ SW DISTINCTIVE \/ SW GTA SELESPEED \/ SW GTA \/ SW\u00a0IMPRESSION\u00a0MY.03 \/ SW PROGRESSION MY.03 \/ SW\u00a0DISTINCTIVE\u00a0MY.03<br \/>\nALFA ROMEO &#8211; X1 156 M.Y.2002 BZ\/DS (2001-2005) CROSSWAGON 4X4 PROGRESSION \/ CROSSWAGON 4X4 DISTINCTIVE \/ SW 4X4 PROGRESSION \/ SW 4X4 DISTINCTIVE \/ SW POLICA DE CARRETERA Q4<br \/>\nALFA ROMEO &#8211; T8 156 TD.ID. (1997-2002)<br \/>\nALFA ROMEO &#8211; W9 166 (1998-2007) 2000 T.S. 16V CF2 \/ 2000 T.S. 16V CF3 \/ 2000 TB V6 12V \/ 2500 V6 24V \/ 2500 V6 24V CF3 \/ 3000 V6 24V \/ 3000 V6 24V CF3 \/ 3200 V6 24V<br \/>\nALFA ROMEO &#8211; W9 166 (1998-2007) 3000 V6 24V C.A. (BRASIL) \/ 3000 V6 24V CF3 C.A. (BRASIL)<br \/>\nALFA ROMEO &#8211; U8 GTV (1995-1998) CONDUCCION A\u00a0IZQUIERDA \/ 2000 TB V6 \/ 3000 V6 24V<br \/>\nALFA ROMEO &#8211; U8 GTV (1995-1998) CONDUCCION\u00a0A DERECHA \/ 3000 V6 24V<br \/>\nALFA ROMEO &#8211; U8 GTV (1995-1998)<br \/>\nALFA ROMEO &#8211; X2 GT (2003-2010)<br \/>\nALFA ROMEO &#8211; W0 GTV &#8217;98 (1998-2005) CONDUCCION A\u00a0IZQUIERDA \/ 2000 TB V6 \/ 3000 V6 24V \/ 3000 24V 6M CF3 \/ 3200 V6 24V<br \/>\nALFA ROMEO &#8211; W0 GTV &#8217;98 (1998-2005) CONDUCCION\u00a0A DERECHA \/ 3000 V6 24V \/ 3000 24V 6M CF3 \/ 3200 V6 24V<br \/>\nALFA ROMEO &#8211; W0 GTV &#8217;98 (1998-2005)<br \/>\nALFA ROMEO &#8211; U7 NUOVO SPIDER (1995-1998) 3000 V6 12V \/ 3000 V6 12V BRASILE<br \/>\nALFA ROMEO &#8211; U7 NUOVO SPIDER (1995-1998)<br \/>\nALFA ROMEO &#8211; U9 SPIDER &#8217;98 (1998-2006) CONDUCCION A\u00a0IZQUIERDA \/ 2000 TB V6 \/ 3000 V6 12V \/ 3000 V6 12V BRASIL<br \/>\nALFA ROMEO &#8211; U9 SPIDER &#8217;98 (1998-2006) CONDUCCION A\u00a0IZQUIERDA \/ 3000 24V 6M CF3 \/ 3200 V6 24V<br \/>\nALFA ROMEO &#8211; U9 SPIDER &#8217;98 (1998-2006) CONDUCCION\u00a0A DERECHA \/ 3000 24V 6M CF3 \/ 3200 V6 24V<br \/>\nALFA ROMEO &#8211; U9 SPIDER &#8217;98 (1998-2006)<br \/>\nALFA ROMEO &#8211; P6 SPIDER EUROPA FL.90 (1990-1993)<br \/>\nALFA ROMEO &#8211; P8 SPIDER FL.USA MY.91-93(1990-1993)<br \/>\nLANCIA &#8211; SA DELTA EVOLUZIONE (1991-1994)<br \/>\nLANCIA &#8211; SS KAPPA 3.0 V6 (1994-2001) BN LS \/ BN LX \/ ST.W. LS<br \/>\nLANCIA &#8211; SS KAPPA 3.0 V6 (1994-2001) BN LS \/ BN LX<br \/>\nLANCIA &#8211; SS KAPPA 3.0 V6 (1994-2001) ST.W. LS<br \/>\nLANCIA &#8211; SS KAPPA 3.0 V6 (1994-2001) BN.\u00bbLS\u00bb CARGA AUM.3 NIV \/ BN.\u00bbLS\u00bb CARGA AUM.5 NIV<br \/>\nLANCIA &#8211; SS KAPPA 3.0 V6 (1994-2001) BN.\u00bbLS\u00bb CARGA AUM.3 NIV \/ BN.\u00bbLS\u00bb CARGA AUM.5 NIV \/ BN.CARGA AUM.4 NIV<br \/>\nLANCIA &#8211; SV KAPPA  COUPE&#8217; (1997-2001)<br \/>\nLANCIA &#8211; SP KAPPA BZ (1994-2001) 2000 IE. (838A1.000) \/ 2000 IE. (838A6.000)<br \/>\nLANCIA &#8211; SP KAPPA BZ (1994-2001) 2400 IE. (838A2.000) \/ 2400 IE. EM. 04 \/ 2400 IE.(838B2.000)<br \/>\nLANCIA &#8211; SP KAPPA BZ (1994-2001) 2000 IE. TB 16V \/ 2000 IE. TB 20V<br \/>\nLANCIA &#8211; SP KAPPA BZ 2000-2400 (1994-2001) BN LE \/ BN LS \/ BN LX<br \/>\nLANCIA &#8211; SP KAPPA BZ 2000-2400 (1994-2001) BN.CARGA AUM.3 NIV<br \/>\nLANCIA &#8211; SP KAPPA BZ 2000-2400 (1994-2001) ST.W. LE \/ ST.W. LS \/ ST.W. LX<br \/>\nLANCIA &#8211; SR KAPPA DIESEL (1994-2001)<br \/>\nLANCIA &#8211; SR KAPPA DIESEL (1994-2001) BN.\u00bbLE\u00bb \/ BN.\u00bbLS\u00bb<br \/>\nLANCIA &#8211; SR KAPPA DIESEL (1994-2001) SW.LS<br \/>\nLANCIA &#8211; SD THEMA 3.0 V6 FL.92 (1992-1994)<br \/>\nLANCIA &#8211; SZ THEMA BZ\/DS R.88 (1988-1992) BN 8V \/ BN 16V \/ SW 16V \/ BN TB LX 16V \/ BN TB\/DS \/ SW TB\/DS \/ BN 6V<br \/>\nLANCIA &#8211; SE THEMA I.E. 8V FL.92 (1992-1994)<br \/>\nLANCIA &#8211; SB THEMA IE. 16V FL.92 (1992-1994)<br \/>\nLANCIA &#8211; SC THEMA TURBO DS FL.92 (1992-1994)<br \/>\nLANCIA &#8211; SJ THESIS (2001-2007)<br \/>\nLANCIA &#8211; SJ THESIS (2001-2007) 2000 TB 5C BZ \/ 2400 5C BZ \/ 2400\u00a0JTD\u00a010V\u00a0150CV\/110\u00a0KW \/ 2400\u00a0JTD\u00a020V\u00a0163CV\/120\u00a0KW\u00a0C.\u00a0MEC. \/ 2400\u00a0JTD\u00a020V\u00a0163CV\/120KW\u00a0C.AUTOM. \/ 2400\u00a0JTD\u00a020V\u00a0175CV\/129KW\u00a0\u00a0C.\u00a0MEC. \/ 2400\u00a0JTD\u00a020V\u00a0175CV\/129KW\u00a0C.AUTOM. \/ 2.4\u00a0JTD\u00a020V\u00a0CF4\u00a0175CV\/129KW<br \/>\nLANCIA &#8211; SJ THESIS (2001-2007) 3000 V6 BZ \/ EXECUTIVE \/ BN \u00abLX\u00bb<br \/>\nLANCIA &#8211; SJ THESIS (2001-2007) 3000 V6 BZ \/ 3.0 V6 24V C.A.E. BLINDADO B4 \/ 3.0 V6 24V C.A.E. BLINDADO B6<br \/>\nLANCIA &#8211; SJ THESIS (2001-2007) 3200 V6 24V \/ EXECUTIVE \/ BN \u00abLX\u00bb<br \/>\nLANCIA &#8211; SJ THESIS (2001-2007) 3200 V6 24V \/ ARMOURED 3.2 V6 C.A.E. B4 \/ ARMOURED 3.2 V6 C.A.E. B6 \/ ARMOURED 3.2 V6 C.A.E. B4 CARABINIERI<\/p>\n<p>LA PIEZA ES NUEVA Y ORIGINAL.<\/p>\n","protected":false},"excerpt":{"rendered":"<p>Juego, set de 2 tuercas superiores de los amortiguadores de la suspensi\u00f3n delantera y trasera, tirantes suspensi\u00f3n trasera, soporte de los cables del varillaje de: M\u00e9trica: 14 FIAT &#8211; MZ CROMA CHT FL.90 (1990-1992) FIAT &#8211; MY CROMA IE-IE TB. FL.90 (1990-1996) FIAT &#8211; NQ CROMA IE. 2500 V6 (1993-1996) FIAT &#8211; MJ CROMA TURBO [&hellip;]<\/p>\n","protected":false},"featured_media":72947,"template":"","meta":{"_seopress_robots_primary_cat":"","_seopress_titles_title":"","_seopress_titles_desc":"","_seopress_robots_index":""},"product_cat":[44,49,57,16,86,118,20,50,55,119,21,56,124,125],"product_tag":[],"class_list":{"0":"post-72946","1":"product","2":"type-product","3":"status-publish","4":"has-post-thumbnail","6":"product_cat-recambios-alfa-romeo-147","7":"product_cat-recambios-alfa-romeo-156","8":"product_cat-recambios-alfa-romeo-166","9":"product_cat-recambios-alfa-romeo","10":"product_cat-recambios-fiat-croma","11":"product_cat-recambios-lancia-delta","12":"product_cat-recambios-fiat","13":"product_cat-recambios-alfa-romeo-gt","14":"product_cat-recambios-alfa-romeo-gtv","15":"product_cat-recambios-lancia-kappa","16":"product_cat-recambios-lancia","17":"product_cat-recambios-alfa-romeo-spider","18":"product_cat-recambios-lancia-thema","19":"product_cat-recambios-lancia-thesis","21":"first","22":"instock","23":"taxable","24":"shipping-taxable","25":"purchasable","26":"product-type-simple"},"_links":{"self":[{"href":"https:\/\/galicianparts.com\/shop\/wp-json\/wp\/v2\/product\/72946"}],"collection":[{"href":"https:\/\/galicianparts.com\/shop\/wp-json\/wp\/v2\/product"}],"about":[{"href":"https:\/\/galicianparts.com\/shop\/wp-json\/wp\/v2\/types\/product"}],"wp:featuredmedia":[{"embeddable":true,"href":"https:\/\/galicianparts.com\/shop\/wp-json\/wp\/v2\/media\/72947"}],"wp:attachment":[{"href":"https:\/\/galicianparts.com\/shop\/wp-json\/wp\/v2\/media?parent=72946"}],"wp:term":[{"taxonomy":"product_cat","embeddable":true,"href":"https:\/\/galicianparts.com\/shop\/wp-json\/wp\/v2\/product_cat?post=72946"},{"taxonomy":"product_tag","embeddable":true,"href":"https:\/\/galicianparts.com\/shop\/wp-json\/wp\/v2\/product_tag?post=72946"}],"curies":[{"name":"wp","href":"https:\/\/api.w.org\/{rel}","templated":true}]}}