{"id":73043,"date":"2023-05-04T09:08:38","date_gmt":"2023-05-04T07:08:38","guid":{"rendered":"https:\/\/galicianparts.com\/shop\/producto\/5894320-conexion-electrica-comando-luces-fiat-punto-gt-bravo-lancia-lybra-ypsilon-original\/"},"modified":"2023-05-04T09:11:43","modified_gmt":"2023-05-04T07:11:43","slug":"5894320-conexion-electrica-comando-luces-fiat-punto-gt-bravo-lancia-lybra-ypsilon-original","status":"publish","type":"product","link":"https:\/\/galicianparts.com\/shop\/producto\/5894320-conexion-electrica-comando-luces-fiat-punto-gt-bravo-lancia-lybra-ypsilon-original\/","title":{"rendered":"5894320 Conexi\u00f3n el\u00e9ctrica comando luces Fiat Punto GT \/Bravo \/Lancia Lybra \/Ypsilon ORIGINAL"},"content":{"rendered":"<p>Ficha, clavija el\u00e9ctrica del mando de las luces e intermitentes y del m\u00f3dulo de la calefacci\u00f3n de:<br \/>\nFIAT &#8211; 1V BRAVA BZ\/DS (1995-1998)<br \/>\nFIAT &#8211; 1U BRAVO BZ\/DS (1995-1998)<br \/>\nFIAT &#8211; NV PUNTO (1993-1997) 1.2 MPI \/ 1.2 SPI CF2 176B4000<br \/>\nFIAT &#8211; NV PUNTO (1993-1997) 1.6 MPI<br \/>\nFIAT &#8211; NV PUNTO (1993-1997) 1.2 SPI \u00abSELECTA<br \/>\nFIAT &#8211; NV PUNTO 55-60-75-90 (1993-1997)<br \/>\nFIAT &#8211; 1A PUNTO BZ. GAMMA &#8217;97 (1997-1999) CONDUCCION A\u00a0IZQUIERDA \/ 1108 SPI CF2<br \/>\nFIAT &#8211; 1A PUNTO BZ. GAMMA &#8217;97 (1997-1999) 1242 SPI \/ 1242 MPI 8V \/ 1242 MPI 16V<br \/>\nFIAT &#8211; 1A PUNTO BZ. GAMMA &#8217;97 (1997-1999) 1242 MPI 16V<br \/>\nFIAT &#8211; 1A PUNTO BZ. GAMMA &#8217;97 (1997-1999) 1242 SPI \/ SELECTA<br \/>\nFIAT &#8211; 1A PUNTO BZ. GAMMA &#8217;97 (1997-1999)<br \/>\nFIAT &#8211; PF PUNTO CABRIO (1994-1997) 1242 SPI CF2 \/ \u00abELX\u00bb CAMBIO AUTOMATICO<br \/>\nFIAT &#8211; PF PUNTO CABRIO (1994-1997) 1580 MPI<br \/>\nFIAT &#8211; PF PUNTO CABRIO (1994-1997)<br \/>\nFIAT &#8211; 1C PUNTO CABRIO GAMMA&#8217;97 (1997-2000) \u00abS\u00bb \/ \u00abELX\u00bb<br \/>\nFIAT &#8211; 1C PUNTO CABRIO GAMMA&#8217;97 (1997-2000) ELX SELECTA TAIWAN<br \/>\nFIAT &#8211; 1C PUNTO CABRIO GAMMA&#8217;97 (1997-2000)<br \/>\nFIAT &#8211; NX PUNTO D-TD (1993-1997)<br \/>\nFIAT &#8211; NW PUNTO GT (1993-1997)<br \/>\nFIAT &#8211; 1B PUNTO TB.DS. GAMMA&#8217;97 (1997-1999)<br \/>\nLANCIA &#8211; SX LYBRA BZ (1999-2005)<br \/>\nLANCIA &#8211; SY LYBRA DS (1999-2005)<br \/>\nLANCIA &#8211; SU Y (1995-2000)<br \/>\nLANCIA &#8211; TA Y FL.2000 (2000-2003)<\/p>\n<p>LA PIEZA ES NUEVA Y ORIGINAL.<\/p>\n","protected":false},"excerpt":{"rendered":"<p>Ficha, clavija el\u00e9ctrica del mando de las luces e intermitentes y del m\u00f3dulo de la calefacci\u00f3n de: FIAT &#8211; 1V BRAVA BZ\/DS (1995-1998) FIAT &#8211; 1U BRAVO BZ\/DS (1995-1998) FIAT &#8211; NV PUNTO (1993-1997) 1.2 MPI \/ 1.2 SPI CF2 176B4000 FIAT &#8211; NV PUNTO (1993-1997) 1.6 MPI FIAT &#8211; NV PUNTO (1993-1997) 1.2 SPI [&hellip;]<\/p>\n","protected":false},"featured_media":73048,"template":"","meta":{"_seopress_robots_primary_cat":"","_seopress_titles_title":"","_seopress_titles_desc":"","_seopress_robots_index":""},"product_cat":[81,82,20,21,120,101,127],"product_tag":[],"class_list":{"0":"post-73043","1":"product","2":"type-product","3":"status-publish","4":"has-post-thumbnail","6":"product_cat-recambios-fiat-brava","7":"product_cat-recambios-fiat-bravo","8":"product_cat-recambios-fiat","9":"product_cat-recambios-lancia","10":"product_cat-recambios-lancia-lybra","11":"product_cat-recambios-fiat-punto","12":"product_cat-recambios-lancia-ypsilon","14":"first","15":"instock","16":"taxable","17":"shipping-taxable","18":"purchasable","19":"product-type-simple"},"_links":{"self":[{"href":"https:\/\/galicianparts.com\/shop\/wp-json\/wp\/v2\/product\/73043"}],"collection":[{"href":"https:\/\/galicianparts.com\/shop\/wp-json\/wp\/v2\/product"}],"about":[{"href":"https:\/\/galicianparts.com\/shop\/wp-json\/wp\/v2\/types\/product"}],"wp:featuredmedia":[{"embeddable":true,"href":"https:\/\/galicianparts.com\/shop\/wp-json\/wp\/v2\/media\/73048"}],"wp:attachment":[{"href":"https:\/\/galicianparts.com\/shop\/wp-json\/wp\/v2\/media?parent=73043"}],"wp:term":[{"taxonomy":"product_cat","embeddable":true,"href":"https:\/\/galicianparts.com\/shop\/wp-json\/wp\/v2\/product_cat?post=73043"},{"taxonomy":"product_tag","embeddable":true,"href":"https:\/\/galicianparts.com\/shop\/wp-json\/wp\/v2\/product_tag?post=73043"}],"curies":[{"name":"wp","href":"https:\/\/api.w.org\/{rel}","templated":true}]}}