{"id":73103,"date":"2023-05-04T12:25:09","date_gmt":"2023-05-04T10:25:09","guid":{"rendered":"https:\/\/galicianparts.com\/shop\/producto\/46400104-pack-3-tornillos-m8x38mm-fiat-lancia-alfa-romeo-autobianchi-original\/"},"modified":"2026-04-22T19:38:17","modified_gmt":"2026-04-22T17:38:17","slug":"46400104-pack-3-tornillos-m8x38mm-fiat-lancia-alfa-romeo-autobianchi-original","status":"publish","type":"product","link":"https:\/\/galicianparts.com\/shop\/producto\/46400104-pack-3-tornillos-m8x38mm-fiat-lancia-alfa-romeo-autobianchi-original\/","title":{"rendered":"46400104 Pack 3 tornillos M8X38mm Fiat \/Lancia \/Alfa Romeo \/Autobianchi ORIGINAL"},"content":{"rendered":"<p>Juego, set de 3 esp\u00e1rragos del colector de admisi\u00f3n, colector de escape, tapa del termostato, carcasa de la caja de cambios, etc&#8230; de:<br \/>\nM\u00e9trica: 8&#215;1,25<br \/>\nLargo total: 38 mm<br \/>\nLargo roscas: 15mm<\/p>\n<p>FIAT &#8211; 1M BRAVA G.98 (1998-2001) 1910 JTD (105 CV)<br \/>\nFIAT &#8211; 1M BRAVA G.98 (1998-2001) 1910 JTD CF3<br \/>\nFIAT &#8211; 1L BRAVO G.98 (1998-2001) 1910 JTD CF2 (105 CV)<br \/>\nFIAT &#8211; 1L BRAVO G.98 (1998-2001) 1910 JTD CF3<br \/>\nFIAT &#8211; NM CINQUECENTO (1992-1998) 1108 SPI\u00bbW\u00bbCF2<br \/>\nFIAT &#8211; NM CINQUECENTO (1992-1998) 903 CARB. \/ 903 SPI\u00bbW\u00bb USA&#8217;83 \/ 899 SPI\u00bbW\u00bb \/ 899 CARB.<br \/>\nFIAT &#8211; 2T CROMA (2005-2010) 1910\u00a0JTD\u00a0CF4\u00a08V\u00a0115CV\/85KW\u00a0MENOR POTENCIA BELGICA \/ 1900 JTD 8V 120 HP\/88KW<br \/>\nFIAT &#8211; 2T CROMA (2005-2010) 1910\u00a0JTD\u00a0CF4\u00a08V\u00a0115CV\/85KW\u00a0MENOR POTENCIA BELGICA \/ 1900 JTD 8V 120 HP\/88KW \/ 1910\u00a0JTD\u00a0CF4\u00a016V136CV\/100KW\u00a0MENOR POTENCIA BELGICA \/ 1900 JTD 16V  150HP\/110KW<br \/>\nFIAT &#8211; XP ELBA CSL (1991-1996) 1500 SPI USA&#8217;83<br \/>\nFIAT &#8211; 2Y GRANDE PUNTO (2005-2008) 1910\u00a0JTD\u00a0CF4\u00a08V\u00a0115CV\/85KW\u00a0MENOR POTENCIA BELGICA \/ 1.9\u00a0JTD\u00a08V\u00a0CF4\u00a0120CV\/88KW \/ 1.9\u00a0JTD\u00a08V\u00a0CF4\u00a0130CV\/95KW<br \/>\nFIAT &#8211; 4C GRANDE PUNTO (2008-2009) 1910 \/ DI\u00c9SEL \/ 8 V\u00c1LVULAS<br \/>\nFIAT &#8211; 4C GRANDE PUNTO (2008-2009) 1910 \/ 120CV \/ LIM.CEE FASE 4 \/ 1.9\u00a0JTD\u00a08V\u00a0130CV<br \/>\nFIAT &#8211; 4C GRANDE PUNTO (2008-2009) 1500-1599 \/ DI\u00c9SEL \/ 120CV \/ CAMBIO MEC\u00c1NICO 20\/28 KGM (M20\/M28 3H)<br \/>\nFIAT &#8211; 2S IDEA (2003-2008)  1910\u00a08V\u00a0JTD\u00a0100CV\/74KW<br \/>\nFIAT &#8211; 1R MAREA DS GAMMA&#8217;99 (1999-2002) 1910 JTD CF2 105CV<br \/>\nFIAT &#8211; 1R MAREA DS GAMMA&#8217;99 (1999-2002) 2400 JTD CF2 136CV<br \/>\nFIAT &#8211; 1R MAREA DS GAMMA&#8217;99 (1999-2002) 1910 JTD CF3 110CV \/ 1910 JTD CF3 100 CV<br \/>\nFIAT &#8211; 1F MULTIPLA (1998-2010) 1910 JTD CF2<br \/>\nFIAT &#8211; 1F MULTIPLA (1998-2010) 1910 JTD CF3 110 CV\/81KW \/ 1910 JTD CF3 115 CV\/85KW<br \/>\nFIAT &#8211; 1F MULTIPLA (1998-2010) 1910\u00a0JTD\u00a0CF4\u00a08V\u00a0115CV\/85KW\u00a0MENOR POTENCIA BELGICA \/ 1.9\u00a0JTD\u00a0120\u00a0CV\/88KW\u00a0CF4<br \/>\nFIAT &#8211; 3L NUOVA BRAVO (2007-2009) 1910\u00a0JTD \/ (1.4 MPI)  (1.9 90CV) (1.6 90CV) \/ 1400 TRB GS \/1598\/1910 JTD 120CV<br \/>\nFIAT &#8211; 3L NUOVA BRAVO (2007-2009) 1370 ASP.GS.-1.4 TB.GS. \/ 1400 TRB GS \/1598\/1910 JTD 120CV \/  \/ CAMBIO MEC.(M32)1.4TB.GS 120\/150CV.1.8TB \/ 1400 TRB GS \/1910 JTD 150CV<br \/>\nFIAT &#8211; 3Y NUOVA BRAVO MY 2010 (2010-2014) 1910 \/ 8 V\u00c1LVULAS<br \/>\nFIAT &#8211; 3Y NUOVA BRAVO MY 2010 (2010-2014) 1368 \/ 120 CV \/ TURBO \/  \/ CAMBIO MEC.(M32)1.4TB.GS 120\/150CV.1.8TB \/ 150 CV<br \/>\nFIAT &#8211; 2H PALIO 2V EXTRA EUROPA REST. 2002 (2002-2011) 1242 MPI 8V CF2 87RON \/ 1242\u00a08V\u00a0MPI\u00a0EM.\u00a004<br \/>\nFIAT &#8211; 2G PALIO WE EUROPA REST. (2002-2004) 1910 JTD CF3<br \/>\nFIAT &#8211; 2K PALIO WE EXTRA EUROPA REST. 2002 (2002-2008) 1910 JTD CF3<br \/>\nFIAT &#8211; 1S PANDA 4X2 MAQ 91 (1991-2003) 900 SPI USA 83<br \/>\nFIAT &#8211; 1S PANDA 4X2 MAQ 91 (1991-2003) 750 ACT CARB \/ 750 ACT CARB.DAV. \/ 1000 CARB. \/ 1000 CARB.DAV.<br \/>\nFIAT &#8211; 1S PANDA 4X2 MAQ 91 (1991-2003) 1000 SPI USA 83 WEBER \/ 1100 SPI USA 83 \/ 1000\u00a0SPI\u00a0USA\u00a083\u00a0BOSCH<br \/>\nFIAT &#8211; LV PANDA 4X2 RL\/86 (1985-1991) 750 ACB \/ 900 ACB<br \/>\nFIAT &#8211; LV PANDA 4X2 RL\/86 (1985-1991) 750 ACT \/ 750 ACT DAV 15 \/ 1000 ACT \/ 1000 ACT DAV-15 \/ 1000 ACT USA&#8217;77 (CH) \/ 1000 ACT B.N.O. (D)<br \/>\nFIAT &#8211; LV PANDA 4X2 RL\/86 (1985-1991) 1000 SPI USA&#8217;83 \/ 1100 SPI USA&#8217;83 C.A.<br \/>\nFIAT &#8211; 1T PANDA 4X4 MAQ 91 (1991-2003) 1000 CARB.<br \/>\nFIAT &#8211; 1T PANDA 4X4 MAQ 91 (1991-2003) 1000 SPI USA 83 \/ 1100 SPI USA 83<br \/>\nFIAT &#8211; 2R PANDA 4X4 R\/86 (1985-1991)<br \/>\nFIAT &#8211; NV PUNTO (1993-1997) 1.1 SPI 176A6000 \/ 1.2 SPI 176A7000 \/ 1.2 SPI \u00abSELECTA<br \/>\nFIAT &#8211; 1A PUNTO BZ. GAMMA &#8217;97 (1997-1999) 1108 SPI EM.04<br \/>\nFIAT &#8211; PF PUNTO CABRIO (1994-1997) 1242 SPI USA&#8217;83<br \/>\nFIAT &#8211; 1P PUNTO DS (1999-2003) 1.9 JTD 80 CV \/ 1.9 JTD 85 CV<br \/>\nFIAT &#8211; 3J PUNTO EVO (2009-2011) DI\u00c9SEL \/ 1500-1599 \/ LIM.CEE FASE 5 \/ 1.6 JTD 120CV ECOF5<br \/>\nFIAT &#8211; 2U PUNTO FL.&#8217;03 (2003-2010) 1910 JTD 85CV\/63 KW<br \/>\nFIAT &#8211; 2U PUNTO FL.&#8217;03 (2003-2010) 1910 JTD 74 KW\/100CV<br \/>\nFIAT &#8211; 3B SEDICI (2006-2011) 1910 JTD CF4 8V 120HP 88KW<br \/>\nFIAT &#8211; 1E SEICENTO (1998-2010) 1108 SPI<br \/>\nFIAT &#8211; 1E SEICENTO (1998-2010) 899 SPI<br \/>\nFIAT &#8211; 2L SIENA EXTRA EUROPA REST.(2002-2012) 1242 MPI 8V CF2 87 RON \/ 1242\u00a08V\u00a0MPI\u00a0EM.\u00a004<br \/>\nFIAT &#8211; 2C STILO (2001-2003) 1.9 JTD 58KW\/80CV \/ 1.9 JTD 85KW\/115CV<br \/>\nFIAT &#8211; 2V STILO F.L.L. 2003 (2003-2007) 1.9 JTD 58KW\/80CV \/ 1.9\u00a0JTD\u00a08V\u00a0100\u00a0CV\/74KW \/ 1.9 JTD 85KW\/115CV<br \/>\nFIAT &#8211; 2V STILO F.L.L. 2003 (2003-2007) 1.9\u00a0JTD\u00a08V\u00a0CF4\u00a090CV\/66KW\u00a0MENOR POT. AUSTRIA \/ 1910\u00a0JTD\u00a0CF4\u00a08V\u00a0115CV\/85KW\u00a0MENOR POTENCIA BELGICA \/ 1.9 JTD CF4 8V 120HP 88KW<br \/>\nFIAT &#8211; ME TIPO (1987-1993) 1100 CARB.<br \/>\nFIAT &#8211; NS TIPO MQ.93 (1993-1995) 1108 SPI<br \/>\nFIAT &#8211; 1D UNO MONDO (1995-2010) 1000 CARB. \/ 1000 USA 83<br \/>\nFIAT &#8211; 1D UNO MONDO (1995-2010) 1100 CARB.<br \/>\nFIAT &#8211; MS UNO R\/89 (1989-1995) 1116 \/ 1500 SPI USA&#8217;83<br \/>\nFIAT &#8211; MR UNO R\/89 (1989-1995) 1000 \/ 1108 \/ 1000 DAV. \/ 1000 USA&#8217;83 \/ 1108 USA&#8217;83 (51CV) \/ 1100 USA&#8217;83 (49CV)<br \/>\nFIAT &#8211; MT UNO TURBO R\/89 (1989-1993)<br \/>\nALFA ROMEO &#8211; W3 145 M.Y. &#8217;99 (1999-2000) 1910 JTD CF2<br \/>\nALFA ROMEO &#8211; W4 146 M.Y. &#8217;99 (1999-2000) 1910 JTD CF2<br \/>\nALFA ROMEO &#8211; W8 147 (2000-2010) 1910\u00a0JTD\u00a0CF3\u00a08V\u00a0100CV\/74\u00a0KW \/ 1910\u00a0JTD\u00a0CF3\u00a08V\u00a0115CV\/85\u00a0KW<br \/>\nALFA ROMEO &#8211; W8 147 (2000-2010) 1910\u00a0JTD\u00a0CF4\u00a08V\u00a0115CV\/85KW\u00a0MENOR POT\u00a0BEL. \/ 1.9\u00a0JTD\u00a08V\u00a0CF4<br \/>\nALFA ROMEO &#8211; T4 155 GAMMA 96 DS (1996-1997) 2500 TD<br \/>\nALFA ROMEO &#8211; U6 155 TURBO (1992-1996) 2500 TD \/ 2.5 T.DS. CEE F2<br \/>\nALFA ROMEO &#8211; X1 156 M.Y.2002 (2001-2005) 1910\u00a0JTD\u00a08V\u00a0115CV\/85KW<br \/>\nALFA ROMEO &#8211; X1 156 M.Y.2002 (2001-2005) 2400\u00a0JTD\u00a010V\u00a0150CV\/110\u00a0KW<br \/>\nALFA ROMEO &#8211; T8 156 TD.ID. (1997-2002) 1910 JTD CF2<br \/>\nALFA ROMEO &#8211; T8 156 TD.ID. (1997-2002) 1910 JTD CF3 110CV \/ 1910 JTD CF3 115CV<br \/>\nALFA ROMEO &#8211; T8 156 TD.ID. (1997-2002) 2400 JTD CF3<br \/>\nALFA ROMEO &#8211; X8 159 MY11 (2010-2011) 1858-1910\u00a0CC<br \/>\nALFA ROMEO &#8211; X8 159 MY11 (2010-2011) 1858-1910\u00a0CC \/ DI\u00c9SEL \/  \/<br \/>\nALFA ROMEO &#8211; X8 159 MY11 (2010-2011) 1742-1796\u00a0CC \/ CAMBIO\u00a06\u00a0M \/ TURBO<br \/>\nALFA ROMEO &#8211; W9 166 (1998-2007) 2400 JTD CF2 140CV\/103KW<br \/>\nALFA ROMEO &#8211; W9 166 (1998-2007) 2400\u00a0JTD\u00a0CF3\u00a0140\u00a0CV\/103KW \/ 2400\u00a0JTD\u00a0CF3\u00a0150\u00a0CV\/110KW<br \/>\nALFA ROMEO &#8211; X3 ALFA 159  (2005-2008) 1910\u00a0JTD\u00a0CF4\u00a08V\u00a0115CV\/85KW\u00a0MENOR POTENCIA BELGICA \/ 1.9 JTD 8V E4<br \/>\nALFA ROMEO &#8211; X3 ALFA 159  (2005-2008) 1910\u00a0JTD\u00a0CF4\u00a08V\u00a0115CV\/85KW\u00a0MENOR POTENCIA BELGICA \/ 1.9 JTD 8V E4 \/ 1910JTD\u00a0CF4\u00a016V\u00a0136CV\/100KW\u00a0MENOR POT. BELGICA \/ 1.9 JTD 16V E4<br \/>\nALFA ROMEO &#8211; X9 ALFA 159 (2008-2010)  8 V\u00c1LVULAS<br \/>\nALFA ROMEO &#8211; X9 ALFA 159 (2008-2010)  1858-1910\u00a0CC \/ DI\u00c9SEL \/  \/<br \/>\nALFA ROMEO &#8211; X9 ALFA 159 (2008-2010)  1742-1796\u00a0CC \/ TURBO \/ 200\u00a0CV<br \/>\nALFA ROMEO &#8211; X6 ALFA MITO (2008-2011) 1370 \/ GASOLINA \/ 1.4\u00a0FIRE\u00a016V\u00a0TURBO\u00a0155CV\u00a0(EURO\u00a05) \/ CAMBIO MEC\u00c1NICO 20\/28 KGM (M20\/M28 3H) \/ CAMBIO\u00a06\u00a0M<br \/>\nALFA ROMEO &#8211; X6 ALFA MITO (2008-2011) 1598 \/ DI\u00c9SEL \/ CAMBIO MEC\u00c1NICO 20\/28 KGM (M20\/M28 3H) \/ CAMBIO\u00a06\u00a0M<br \/>\nALFA ROMEO &#8211; 12 BRERA COUPE&#8217; M.Y. (2008-2010) 1742 CF5 147 KW<br \/>\nALFA ROMEO &#8211; QZ MITO MY2011 (2011-2013) 1370 \/ GASOLINA \/ 1.4\u00a0FIRE\u00a016V\u00a0TURBO\u00a0155CV\u00a0(EURO\u00a05) \/ CAMBIO MEC\u00c1NICO 20\/28 KGM (M20\/M28 3H) \/ CAMBIO\u00a06\u00a0M<br \/>\nALFA ROMEO &#8211; X5 NUOVO SPIDER (2006-2008)<br \/>\nALFA ROMEO &#8211; 13 NUOVO SPIDER M.Y. (2008-2010) 1742 CF5 147 KW<br \/>\nLANCIA &#8211; SV KAPPA  COUPE&#8217; (1997-2001) 2400 I.E.(838A2.000)<br \/>\nLANCIA &#8211; SP KAPPA BZ (1994-2001) 2400 IE.(838A2.000) \/ 2000 IE.(838A6.000) \/ 2400 IE. EM. 04<br \/>\nLANCIA &#8211; SR KAPPA DIESEL (1994-2001) 2400 T.DS(838A3.000) \/ 2400 T.DS(838A7.000)<br \/>\nLANCIA &#8211; SR KAPPA DIESEL (1994-2001) 2400 JTD CF2<br \/>\nLANCIA &#8211; SY LYBRA DS (1999-2005) 1910 JTD CF2<br \/>\nLANCIA &#8211; SY LYBRA DS (1999-2005) 2400 JTD CF2 (AR32501) \/ 2400 JTD CF2 (839A5000)<br \/>\nLANCIA &#8211; SY LYBRA DS (1999-2005) 1910\u00a0JTD\u00a0CF3\u00a0110CV\/81KW \/ 1910\u00a0JTD\u00a0CF3\u00a0115CV\/85KW<br \/>\nLANCIA &#8211; SY LYBRA DS (1999-2005) 2400\u00a0JTD\u00a0CF3\u00a0140\u00a0CV\/103KW \/ 2400\u00a0JTD\u00a0CF3\u00a0150\u00a0CV\/110KW<br \/>\nLANCIA &#8211; TG MUSA (2004-2007) 1910\u00a08V\u00a0JTD\u00a0CF4\u00a0100CV\/74KW<br \/>\nLANCIA &#8211; TJ MUSA (2007-2011) (1800-1899 CC)<br \/>\nLANCIA &#8211; TH NUOVA DELTA 844 (2008-2011) 1370 1.4 TRB GS FIRE \/ GASOLINA \/ CAMBIO MEC. (M3)1.4 120\/150 1.6 JTD MTA \/ 1400 GS TRB CEEF4  \/1598 JTD -120 CV \/ 1400 GS TRB 150 CV CEEF4<br \/>\nLANCIA &#8211; SJ THESIS (2001-2007) 2400\u00a0JTD\u00a010V\u00a0150CV\/110\u00a0KW<br \/>\nLANCIA &#8211; ZL Y10 FL.89 (1988-1992) 1000 \/ 1000 DAV. \/ 1000 SPI USA&#8217;83 \/ 1100 SPI \/ 1100 SPI USA&#8217;83<br \/>\nLANCIA &#8211; ZM Y10 R.92 (1992-1995) 1100 SPI 156C046<br \/>\nFIAT PROFESSIONAL &#8211; 2W DOBLO MY. 2004 (2004-2005) 1.9 JTD CF3 105HP<br \/>\nFIAT PROFESSIONAL &#8211; 3C DOBLO REST. 2005 (2005-&#8230;.) 1910\u00a0JTD\u00a08V\u00a0CF4\u00a0105CV\/77KW \/ 1910\u00a0JTD\u00a08V\u00a0CF4\u00a0100CV\/74KW \/ 1910\u00a0JTD\u00a08V\u00a0CF4\u00a0120CV\/88KW<br \/>\nFIAT PROFESSIONAL &#8211; 2M FIORINO (1991-1993) 1500 SPI USA&#8217;83<br \/>\nFIAT PROFESSIONAL &#8211; 1G STRADA (1999-2005) 1910 JTD CF3<br \/>\nFIAT PROFESSIONAL &#8211; 3G STRADA REST. 2 (2005-2011) 1242\u00a08V\u00a0RL\u00a0GS\u00a0EM04<br \/>\nABARTH &#8211; 4A GRANDE PUNTO ABARTH (2007-2010)<br \/>\nAUTOBIANCHI &#8211; Y10<\/p>\n<p>LA PIEZA ES NUEVA Y ORIGINAL.<\/p>\n","protected":false},"excerpt":{"rendered":"<p>Juego, set de 3 esp\u00e1rragos del colector de admisi\u00f3n, colector de escape, tapa del termostato, carcasa de la caja de cambios, etc&#8230; de: M\u00e9trica: 8&#215;1,25 Largo total: 38 mm Largo roscas: 15mm FIAT &#8211; 1M BRAVA G.98 (1998-2001) 1910 JTD (105 CV) FIAT &#8211; 1M BRAVA G.98 (1998-2001) 1910 JTD CF3 FIAT &#8211; 1L BRAVO [&hellip;]<\/p>\n","protected":false},"featured_media":73106,"template":"","meta":{"_seopress_robots_primary_cat":"","_seopress_titles_title":"","_seopress_titles_desc":"","_seopress_robots_index":""},"product_cat":[45,46,44,48,49,51,57,16,25,81,82,52,84,86,118,87,90,20,91,92,93,119,21,94,120,95,47,96,121,98,99,101,105,106,107,56,108,109,125,112,114,64,126],"product_tag":[],"class_list":{"0":"post-73103","1":"product","2":"type-product","3":"status-publish","4":"has-post-thumbnail","6":"product_cat-recambios-alfa-romeo-145","7":"product_cat-recambios-alfa-romeo-146","8":"product_cat-recambios-alfa-romeo-147","9":"product_cat-recambios-alfa-romeo-155","10":"product_cat-recambios-alfa-romeo-156","11":"product_cat-recambios-alfa-romeo-159","12":"product_cat-recambios-alfa-romeo-166","13":"product_cat-recambios-alfa-romeo","14":"product_cat-recambios-autobianchi","15":"product_cat-recambios-fiat-brava","16":"product_cat-recambios-fiat-bravo","17":"product_cat-recambios-alfa-romeo-brera","18":"product_cat-recambios-fiat-cinquecento","19":"product_cat-recambios-fiat-croma","20":"product_cat-recambios-lancia-delta","21":"product_cat-recambios-fiat-doblo","22":"product_cat-recambios-fiat-elba","23":"product_cat-recambios-fiat","24":"product_cat-recambios-fiat-fiorino","25":"product_cat-recambios-fiat-grande-punto","26":"product_cat-recambios-fiat-idea","27":"product_cat-recambios-lancia-kappa","28":"product_cat-recambios-lancia","29":"product_cat-recambios-fiat-linea","30":"product_cat-recambios-lancia-lybra","31":"product_cat-recambios-fiat-marea","32":"product_cat-recambios-alfa-romeo-mito","33":"product_cat-recambios-fiat-multipla","34":"product_cat-recambios-lancia-musa","35":"product_cat-recambios-fiat-palio","36":"product_cat-recambios-fiat-panda","37":"product_cat-recambios-fiat-punto","38":"product_cat-recambios-fiat-sedici","39":"product_cat-recambios-fiat-seicento","40":"product_cat-recambios-fiat-siena","41":"product_cat-recambios-alfa-romeo-spider","42":"product_cat-recambios-fiat-stilo","43":"product_cat-recambios-fiat-strada","44":"product_cat-recambios-lancia-thesis","45":"product_cat-recambios-fiat-tipo","46":"product_cat-recambios-fiat-uno","47":"product_cat-recambios-autobianchi-y10","48":"product_cat-recambios-lancia-y10","50":"first","51":"instock","52":"taxable","53":"shipping-taxable","54":"purchasable","55":"product-type-simple"},"_links":{"self":[{"href":"https:\/\/galicianparts.com\/shop\/wp-json\/wp\/v2\/product\/73103"}],"collection":[{"href":"https:\/\/galicianparts.com\/shop\/wp-json\/wp\/v2\/product"}],"about":[{"href":"https:\/\/galicianparts.com\/shop\/wp-json\/wp\/v2\/types\/product"}],"wp:featuredmedia":[{"embeddable":true,"href":"https:\/\/galicianparts.com\/shop\/wp-json\/wp\/v2\/media\/73106"}],"wp:attachment":[{"href":"https:\/\/galicianparts.com\/shop\/wp-json\/wp\/v2\/media?parent=73103"}],"wp:term":[{"taxonomy":"product_cat","embeddable":true,"href":"https:\/\/galicianparts.com\/shop\/wp-json\/wp\/v2\/product_cat?post=73103"},{"taxonomy":"product_tag","embeddable":true,"href":"https:\/\/galicianparts.com\/shop\/wp-json\/wp\/v2\/product_tag?post=73103"}],"curies":[{"name":"wp","href":"https:\/\/api.w.org\/{rel}","templated":true}]}}