{"id":73163,"date":"2023-05-05T09:52:54","date_gmt":"2023-05-05T07:52:54","guid":{"rendered":"https:\/\/galicianparts.com\/shop\/producto\/7519878-tubo-l-90mm-modulo-calefaccion-fiat-uno-994-spi-1989-1997-nuevo-original\/"},"modified":"2023-05-05T09:56:41","modified_gmt":"2023-05-05T07:56:41","slug":"7519878-tubo-l-90mm-modulo-calefaccion-fiat-uno-994-spi-1989-1997-nuevo-original","status":"publish","type":"product","link":"https:\/\/galicianparts.com\/shop\/producto\/7519878-tubo-l-90mm-modulo-calefaccion-fiat-uno-994-spi-1989-1997-nuevo-original\/","title":{"rendered":"7519878 Tubo L 90mm m\u00f3dulo calefacci\u00f3n Fiat Uno 994 SPI (1989-1997) NUEVO ORIGINAL"},"content":{"rendered":"<p>Manguito del m\u00f3dulo de la calefacci\u00f3n de:<br \/>\nFIAT &#8211; XR MILLE (1994-1995) 1000 SPI<br \/>\nFIAT &#8211; XS MILLE CLIP (1995-1997) 994 SPI<br \/>\nFIAT &#8211; MR UNO R\/89 (1989-1995) 994 SPI<\/p>\n<p>LA PIEZA ES NUEVA Y ORIGINAL.<\/p>\n","protected":false},"excerpt":{"rendered":"<p>Manguito del m\u00f3dulo de la calefacci\u00f3n de: FIAT &#8211; XR MILLE (1994-1995) 1000 SPI FIAT &#8211; XS MILLE CLIP (1995-1997) 994 SPI FIAT &#8211; MR UNO R\/89 (1989-1995) 994 SPI LA PIEZA ES NUEVA Y ORIGINAL.<\/p>\n","protected":false},"featured_media":73165,"template":"","meta":{"_seopress_robots_primary_cat":"","_seopress_titles_title":"","_seopress_titles_desc":"","_seopress_robots_index":""},"product_cat":[20,114],"product_tag":[],"class_list":{"0":"post-73163","1":"product","2":"type-product","3":"status-publish","4":"has-post-thumbnail","6":"product_cat-recambios-fiat","7":"product_cat-recambios-fiat-uno","9":"first","10":"instock","11":"taxable","12":"shipping-taxable","13":"purchasable","14":"product-type-simple"},"_links":{"self":[{"href":"https:\/\/galicianparts.com\/shop\/wp-json\/wp\/v2\/product\/73163"}],"collection":[{"href":"https:\/\/galicianparts.com\/shop\/wp-json\/wp\/v2\/product"}],"about":[{"href":"https:\/\/galicianparts.com\/shop\/wp-json\/wp\/v2\/types\/product"}],"wp:featuredmedia":[{"embeddable":true,"href":"https:\/\/galicianparts.com\/shop\/wp-json\/wp\/v2\/media\/73165"}],"wp:attachment":[{"href":"https:\/\/galicianparts.com\/shop\/wp-json\/wp\/v2\/media?parent=73163"}],"wp:term":[{"taxonomy":"product_cat","embeddable":true,"href":"https:\/\/galicianparts.com\/shop\/wp-json\/wp\/v2\/product_cat?post=73163"},{"taxonomy":"product_tag","embeddable":true,"href":"https:\/\/galicianparts.com\/shop\/wp-json\/wp\/v2\/product_tag?post=73163"}],"curies":[{"name":"wp","href":"https:\/\/api.w.org\/{rel}","templated":true}]}}