{"id":73174,"date":"2023-05-05T10:37:26","date_gmt":"2023-05-05T08:37:26","guid":{"rendered":"https:\/\/galicianparts.com\/shop\/producto\/7642910-deposito-limpiaparabrisas-fiat-tempra-1989-1993-nuevo-original\/"},"modified":"2024-05-09T09:03:43","modified_gmt":"2024-05-09T07:03:43","slug":"7642910-deposito-limpiaparabrisas-fiat-tempra-1989-1993-nuevo-original","status":"publish","type":"product","link":"https:\/\/galicianparts.com\/shop\/producto\/7642910-deposito-limpiaparabrisas-fiat-tempra-1989-1993-nuevo-original\/","title":{"rendered":"7642910 Dep\u00f3sito limpiaparabrisas Fiat Tempra (1989-1993) NUEVO ORIGINAL"},"content":{"rendered":"<p>Dep\u00f3sito con motor del rociador del l\u00edquido del limpiaparabrisas de:<br \/>\nFIAT &#8211; MV TEMPRA 1370-1580 (1989-1993) BN.SX-SRX<br \/>\nFIAT &#8211; MX TEMPRA DIESEL-TURBO D. (1989-1993) SEDAN T.DS-T.DSE<\/p>\n<p>LA PIEZA ES NUEVA Y ORIGINAL.<\/p>\n","protected":false},"excerpt":{"rendered":"<p>Dep\u00f3sito con motor del rociador del l\u00edquido del limpiaparabrisas de: FIAT &#8211; MV TEMPRA 1370-1580 (1989-1993) BN.SX-SRX FIAT &#8211; MX TEMPRA DIESEL-TURBO D. (1989-1993) SEDAN T.DS-T.DSE LA PIEZA ES NUEVA Y ORIGINAL.<\/p>\n","protected":false},"featured_media":73179,"template":"","meta":{"_seopress_robots_primary_cat":"","_seopress_titles_title":"","_seopress_titles_desc":"","_seopress_robots_index":""},"product_cat":[20,111],"product_tag":[],"class_list":{"0":"post-73174","1":"product","2":"type-product","3":"status-publish","4":"has-post-thumbnail","6":"product_cat-recambios-fiat","7":"product_cat-recambios-fiat-tempra","9":"first","10":"instock","11":"taxable","12":"shipping-taxable","13":"purchasable","14":"product-type-simple"},"_links":{"self":[{"href":"https:\/\/galicianparts.com\/shop\/wp-json\/wp\/v2\/product\/73174"}],"collection":[{"href":"https:\/\/galicianparts.com\/shop\/wp-json\/wp\/v2\/product"}],"about":[{"href":"https:\/\/galicianparts.com\/shop\/wp-json\/wp\/v2\/types\/product"}],"wp:featuredmedia":[{"embeddable":true,"href":"https:\/\/galicianparts.com\/shop\/wp-json\/wp\/v2\/media\/73179"}],"wp:attachment":[{"href":"https:\/\/galicianparts.com\/shop\/wp-json\/wp\/v2\/media?parent=73174"}],"wp:term":[{"taxonomy":"product_cat","embeddable":true,"href":"https:\/\/galicianparts.com\/shop\/wp-json\/wp\/v2\/product_cat?post=73174"},{"taxonomy":"product_tag","embeddable":true,"href":"https:\/\/galicianparts.com\/shop\/wp-json\/wp\/v2\/product_tag?post=73174"}],"curies":[{"name":"wp","href":"https:\/\/api.w.org\/{rel}","templated":true}]}}