{"id":73377,"date":"2023-05-10T12:32:45","date_gmt":"2023-05-10T10:32:45","guid":{"rendered":"https:\/\/galicianparts.com\/shop\/producto\/46554493-casquillo-bulon-pedal-embrague-fiat-punto-doblo-alfa-147-gt-nuevo-original\/"},"modified":"2025-05-14T10:59:29","modified_gmt":"2025-05-14T08:59:29","slug":"46554493-casquillo-bulon-pedal-embrague-fiat-punto-doblo-alfa-147-gt-nuevo-original","status":"publish","type":"product","link":"https:\/\/galicianparts.com\/shop\/producto\/46554493-casquillo-bulon-pedal-embrague-fiat-punto-doblo-alfa-147-gt-nuevo-original\/","title":{"rendered":"46554493 Casquillo bul\u00f3n pedal embrague Fiat Punto \/Doblo \/Alfa 147 \/GT NUEVO ORIGINAL"},"content":{"rendered":"<p>71734845 Casquillo de pl\u00e1stico del eje de soporte del pedal del embrague de:<br \/>\nDi\u00e1metro interior: 16 mm<br \/>\nDi\u00e1metro exterior: 20 mm<br \/>\nAltura: 12 mm<\/p>\n<p>FIAT &#8211; 1N PUNTO BZ (1999-2003)<br \/>\nFIAT &#8211; 1P PUNTO DS (1999-2003)<br \/>\nFIAT &#8211; 2U PUNTO FL.&#8217;03 (2003-2010)<br \/>\nALFA ROMEO &#8211; W8 147 BZ\/DS (2000-2010)<br \/>\nALFA ROMEO &#8211; X2 GT (2003-2010)<br \/>\nFIAT PROFESSIONAL &#8211; 1W DOBLO (2000-2004) 1596 16V CF3 \/ 1596 16V GASOLINA\/METANO \/ 1.9 DS CF3 \/ 1910 JTD CF3 \/ 1910 JTD CF3 105 CV<br \/>\nFIAT PROFESSIONAL &#8211; 2W DOBLO MY. 2004 (2004-2005) 1.6\u00a016V\u00a0CF3\u00a0GS \/ 1.6\u00a016V\u00a0CF3\u00a0BIPOWER \/ 1250\u00a0MJTD\u00a051KW \/ 1.9\u00a0DS\u00a0ASP\u00a0CF3 \/ 1.9 JTD CF3 105HP<br \/>\nFIAT PROFESSIONAL &#8211; 3C DOBLO REST. 2005 (2005-&#8230;.)<\/p>\n<p>LA PIEZA ES NUEVA Y ORIGINAL.<\/p>\n","protected":false},"excerpt":{"rendered":"<p>71734845 Casquillo de pl\u00e1stico del eje de soporte del pedal del embrague de: Di\u00e1metro interior: 16 mm Di\u00e1metro exterior: 20 mm Altura: 12 mm FIAT &#8211; 1N PUNTO BZ (1999-2003) FIAT &#8211; 1P PUNTO DS (1999-2003) FIAT &#8211; 2U PUNTO FL.&#8217;03 (2003-2010) ALFA ROMEO &#8211; W8 147 BZ\/DS (2000-2010) ALFA ROMEO &#8211; X2 GT (2003-2010) [&hellip;]<\/p>\n","protected":false},"featured_media":73378,"template":"","meta":{"_seopress_robots_primary_cat":"","_seopress_titles_title":"","_seopress_titles_desc":"","_seopress_robots_index":""},"product_cat":[44,16,87,20,50,101],"product_tag":[],"class_list":{"0":"post-73377","1":"product","2":"type-product","3":"status-publish","4":"has-post-thumbnail","6":"product_cat-recambios-alfa-romeo-147","7":"product_cat-recambios-alfa-romeo","8":"product_cat-recambios-fiat-doblo","9":"product_cat-recambios-fiat","10":"product_cat-recambios-alfa-romeo-gt","11":"product_cat-recambios-fiat-punto","13":"first","14":"outofstock","15":"taxable","16":"shipping-taxable","17":"purchasable","18":"product-type-simple"},"_links":{"self":[{"href":"https:\/\/galicianparts.com\/shop\/wp-json\/wp\/v2\/product\/73377"}],"collection":[{"href":"https:\/\/galicianparts.com\/shop\/wp-json\/wp\/v2\/product"}],"about":[{"href":"https:\/\/galicianparts.com\/shop\/wp-json\/wp\/v2\/types\/product"}],"wp:featuredmedia":[{"embeddable":true,"href":"https:\/\/galicianparts.com\/shop\/wp-json\/wp\/v2\/media\/73378"}],"wp:attachment":[{"href":"https:\/\/galicianparts.com\/shop\/wp-json\/wp\/v2\/media?parent=73377"}],"wp:term":[{"taxonomy":"product_cat","embeddable":true,"href":"https:\/\/galicianparts.com\/shop\/wp-json\/wp\/v2\/product_cat?post=73377"},{"taxonomy":"product_tag","embeddable":true,"href":"https:\/\/galicianparts.com\/shop\/wp-json\/wp\/v2\/product_tag?post=73377"}],"curies":[{"name":"wp","href":"https:\/\/api.w.org\/{rel}","templated":true}]}}