{"id":73382,"date":"2023-05-10T12:46:29","date_gmt":"2023-05-10T10:46:29","guid":{"rendered":"https:\/\/galicianparts.com\/shop\/producto\/7637484-pinon-velocimetro-lancia-delta-hf-turbo-fiat-duna-elba-nuevo-original\/"},"modified":"2025-08-25T10:59:44","modified_gmt":"2025-08-25T08:59:44","slug":"7637484-pinon-velocimetro-lancia-delta-hf-turbo-fiat-duna-elba-nuevo-original","status":"publish","type":"product","link":"https:\/\/galicianparts.com\/shop\/producto\/7637484-pinon-velocimetro-lancia-delta-hf-turbo-fiat-duna-elba-nuevo-original\/","title":{"rendered":"7637484 Pi\u00f1\u00f3n veloc\u00edmetro Lancia Delta HF Turbo \/Fiat Duna \/Elba NUEVO ORIGINAL"},"content":{"rendered":"<p>Engranaje del medidor del cuentakil\u00f3metros del diferencial de:<br \/>\nN\u00ba de dientes: 12<\/p>\n<p>FIAT &#8211; 2B DUNA BENZINA\/DIESEL (1986-1990)<br \/>\nFIAT &#8211; XP ELBA CSL (1991-1996) 1300 CARB. \/ 1500 SPI USA&#8217;83 \/ 1697 DS<br \/>\nLANCIA &#8211; TB DELTA R.86 (1986-1992) 1100 CARB \/ 1300 CARB \/ 1500 CARB<br \/>\nLANCIA &#8211; TB DELTA R.86 (1986-1992) 1600 MPI \/ 1600 SPI USA 83 \/ 1930 TB\/DS<br \/>\nLANCIA &#8211; DELTA HF TURBO (1986-1992) 1600 MPI TB \/ 1600 MPI TB USA 83<\/p>\n<p>LA PIEZA ES NUEVA Y ORIGINAL.<\/p>\n","protected":false},"excerpt":{"rendered":"<p>Engranaje del medidor del cuentakil\u00f3metros del diferencial de: N\u00ba de dientes: 12 FIAT &#8211; 2B DUNA BENZINA\/DIESEL (1986-1990) FIAT &#8211; XP ELBA CSL (1991-1996) 1300 CARB. \/ 1500 SPI USA&#8217;83 \/ 1697 DS LANCIA &#8211; TB DELTA R.86 (1986-1992) 1100 CARB \/ 1300 CARB \/ 1500 CARB LANCIA &#8211; TB DELTA R.86 (1986-1992) 1600 MPI [&hellip;]<\/p>\n","protected":false},"featured_media":73383,"template":"","meta":{"_seopress_robots_primary_cat":"","_seopress_titles_title":"","_seopress_titles_desc":"","_seopress_robots_index":""},"product_cat":[118,89,90,20,21],"product_tag":[],"class_list":{"0":"post-73382","1":"product","2":"type-product","3":"status-publish","4":"has-post-thumbnail","6":"product_cat-recambios-lancia-delta","7":"product_cat-recambios-fiat-duna","8":"product_cat-recambios-fiat-elba","9":"product_cat-recambios-fiat","10":"product_cat-recambios-lancia","12":"first","13":"outofstock","14":"taxable","15":"shipping-taxable","16":"purchasable","17":"product-type-simple"},"_links":{"self":[{"href":"https:\/\/galicianparts.com\/shop\/wp-json\/wp\/v2\/product\/73382"}],"collection":[{"href":"https:\/\/galicianparts.com\/shop\/wp-json\/wp\/v2\/product"}],"about":[{"href":"https:\/\/galicianparts.com\/shop\/wp-json\/wp\/v2\/types\/product"}],"wp:featuredmedia":[{"embeddable":true,"href":"https:\/\/galicianparts.com\/shop\/wp-json\/wp\/v2\/media\/73383"}],"wp:attachment":[{"href":"https:\/\/galicianparts.com\/shop\/wp-json\/wp\/v2\/media?parent=73382"}],"wp:term":[{"taxonomy":"product_cat","embeddable":true,"href":"https:\/\/galicianparts.com\/shop\/wp-json\/wp\/v2\/product_cat?post=73382"},{"taxonomy":"product_tag","embeddable":true,"href":"https:\/\/galicianparts.com\/shop\/wp-json\/wp\/v2\/product_tag?post=73382"}],"curies":[{"name":"wp","href":"https:\/\/api.w.org\/{rel}","templated":true}]}}