{"id":73518,"date":"2023-05-12T09:44:12","date_gmt":"2023-05-12T07:44:12","guid":{"rendered":"https:\/\/galicianparts.com\/shop\/producto\/4434812-amortiguador-trasero-fiat-ducato-81-94-citroen-c25-peugeot-j5-nuevo-original\/"},"modified":"2024-09-10T12:48:40","modified_gmt":"2024-09-10T10:48:40","slug":"4434812-amortiguador-trasero-fiat-ducato-81-94-citroen-c25-peugeot-j5-nuevo-original","status":"publish","type":"product","link":"https:\/\/galicianparts.com\/shop\/producto\/4434812-amortiguador-trasero-fiat-ducato-81-94-citroen-c25-peugeot-j5-nuevo-original\/","title":{"rendered":"4434812 Amortiguador trasero Fiat Ducato (81-94) Citro\u00ebn C25 \/Peugeot J5 NUEVO ORIGINAl"},"content":{"rendered":"<p>Amortiguador de aceite de la suspensi\u00f3n posterior de:<br \/>\nCITRO\u00cbN C25 Bus<br \/>\n1.8, A\u00f1o 11.1981 &#8211; 01.1994, 1796 , 68<br \/>\n1.8 E, A\u00f1o 07.1987 &#8211; 02.1994, 1796 , 69<br \/>\n1.9 D, A\u00f1o 07.1987 &#8211; 02.1994, 1905 , 69<br \/>\n1.9 TD, A\u00f1o 04.1992 &#8211; 02.1994, 1930 , 82<br \/>\n2.0, A\u00f1o 02.1991 &#8211; 02.1994, 1971 , 84<br \/>\n2.0 E, A\u00f1o 09.1981 &#8211; 02.1994, 1971 , 79<br \/>\n2.5 D, A\u00f1o 10.1985 &#8211; 02.1994, 2500 , 73<br \/>\n2.5 D, A\u00f1o 11.1981 &#8211; 01.1994, 2498 , 75<br \/>\n2.5 D 4&#215;4, A\u00f1o 01.1987 &#8211; 02.1994, 2500 , 73<br \/>\n2.5 D Turbo, A\u00f1o 08.1987 &#8211; 02.1994, 2500 , 95<br \/>\n2.5 D Turbo 4&#215;4, A\u00f1o 08.1987 &#8211; 02.1994, 2500 , 95<br \/>\nCITRO\u00cbN C25 Furg\u00f3n<br \/>\n1.8, A\u00f1o 11.1981 &#8211; 01.1994, 1796 , 68<br \/>\n1.9 D 1400, A\u00f1o 01.1988 &#8211; 01.1994, 1905 , 69<br \/>\n2.0, A\u00f1o 11.1981 &#8211; 12.1986, 1971 , 78<br \/>\n2.0, A\u00f1o 02.1991 &#8211; 03.1994, 1971 , 84<br \/>\n2.0 E, A\u00f1o 09.1981 &#8211; 03.1994, 1971 , 79<br \/>\n2.5 D, A\u00f1o 11.1981 &#8211; 01.1994, 2498 , 75<br \/>\n2.5 D 4&#215;4, A\u00f1o 11.1983 &#8211; 12.1986, 2498 , 75<br \/>\n2.5 DT, A\u00f1o 08.1991 &#8211; 01.1994, 2498 , 95<br \/>\n2.5 DT 4&#215;4, A\u00f1o 08.1991 &#8211; 01.1994, 2498 , 95<\/p>\n<p>FIAT Ducato I Furg\u00f3n (290)<br \/>\n1.9 D, A\u00f1o 07.1990 &#8211; 03.1994, 1929 , 71<br \/>\n1.9 TD, A\u00f1o 03.1989 &#8211; 03.1994, 1929 , 82<br \/>\n2.0, A\u00f1o 06.1990 &#8211; 05.1994, 1971 , 86<br \/>\n2.5 D, A\u00f1o 06.1990 &#8211; 05.1994, 2499 , 75<br \/>\n2.5 D 4&#215;4, A\u00f1o 07.1990 &#8211; 03.1994, 2500 , 75<br \/>\n2.5 TD, A\u00f1o 07.1990 &#8211; 03.1994, 2500 , 95<br \/>\n2.5 TD 4&#215;4, A\u00f1o 07.1990 &#8211; 03.1994, 2500 , 95<br \/>\nFIAT Ducato I Panorama (290)<br \/>\n1.9 D, A\u00f1o 07.1990 &#8211; 03.1994, 1929 , 71<br \/>\n1.9 TD, A\u00f1o 07.1990 &#8211; 03.1994, 1929 , 82<br \/>\n2.0, A\u00f1o 07.1990 &#8211; 03.1994, 1971 , 84<br \/>\n2.0 4&#215;4, A\u00f1o 06.1990 &#8211; 05.1994, 1971 , 86<br \/>\n2.5 D, A\u00f1o 07.1990 &#8211; 03.1994, 2500 , 75<br \/>\n2.5 D 4&#215;4, A\u00f1o 07.1990 &#8211; 03.1994, 2500 , 75<br \/>\n2.5 TD, A\u00f1o 08.1990 &#8211; 03.1994, 2500 , 95<br \/>\n2.5 TD 4&#215;4, A\u00f1o 01.1991 &#8211; 03.1994, 2500 , 95<br \/>\n2.5 TD 4&#215;4, A\u00f1o 06.1990 &#8211; 05.1994, 2499 , 95<br \/>\nFIAT Ducato I Furg\u00f3n (280)<br \/>\n1.8, A\u00f1o 01.1982 &#8211; 10.1988, 1783 , 67<br \/>\n1.9 D, A\u00f1o 01.1988 &#8211; 08.1990, 1929 , 71<br \/>\n1.9 TD, A\u00f1o 03.1989 &#8211; 08.1990, 1929 , 82<br \/>\n2.0, A\u00f1o 07.1985 &#8211; 08.1990, 1971 , 75<br \/>\n2.0, A\u00f1o 01.1982 &#8211; 08.1990, 1971 , 79<br \/>\n2.4 D, A\u00f1o 01.1982 &#8211; 08.1990, 2428 , 72<br \/>\n2.5 D, A\u00f1o 01.1982 &#8211; 08.1990, 2500 , 75<br \/>\n2.5 D, A\u00f1o 09.1986 &#8211; 05.1990, 2445 , 75<br \/>\n2.5 D 4&#215;4, A\u00f1o 09.1986 &#8211; 10.1987, 2445 , 72<br \/>\n2.5 D 4&#215;4, A\u00f1o 03.1989 &#8211; 08.1990, 2500 , 75<br \/>\n2.5 D 4&#215;4, A\u00f1o 09.1986 &#8211; 05.1990, 2445 , 75<br \/>\nFIAT Ducato I Panorama (280)<br \/>\n1.8, A\u00f1o 07.1982 &#8211; 12.1988, 1796 , 67<br \/>\n1.9 D, A\u00f1o 02.1987 &#8211; 08.1990, 1929 , 71<br \/>\n1.9 TD, A\u00f1o 03.1989 &#8211; 08.1990, 1929 , 82<br \/>\n2.0, A\u00f1o 01.1986 &#8211; 08.1990, 1971 , 75<br \/>\n2.0, A\u00f1o 07.1982 &#8211; 05.1985, 1971 , 79<br \/>\n2.4 D, A\u00f1o 07.1982 &#8211; 12.1985, 2428 , 72<br \/>\n2.5 D, A\u00f1o 01.1986 &#8211; 08.1990, 2500 , 75<br \/>\n2.5 D, A\u00f1o 09.1986 &#8211; 05.1990, 2499 , 92<br \/>\n2.5 D 4&#215;4, A\u00f1o 09.1986 &#8211; 05.1990, 2499 , 92<br \/>\n2.5 TD, A\u00f1o 01.1987 &#8211; 08.1990, 2445 , 92<br \/>\n2.5 TD 4&#215;4, A\u00f1o 01.1986 &#8211; 08.1990, 2445 , 92<br \/>\nFIAT Ducato I Cami\u00f3n de plataforma\/Chasis (280)<br \/>\n2.0, A\u00f1o 07.1985 &#8211; 08.1990, 1971 , 75<br \/>\n2.5 D, A\u00f1o 07.1982 &#8211; 08.1990, 2500 , 75<br \/>\n2.5 TD (8144.21), A\u00f1o 01.1986 &#8211; 08.1990, 2445 , 92<br \/>\nFIAT Talento Furg\u00f3n (290)<br \/>\n1.9 D, A\u00f1o 03.1989 &#8211; 03.1994, 1929 , 71<br \/>\n2.0, A\u00f1o 03.1989 &#8211; 03.1994, 1971 , 75<\/p>\n<p>PEUGEOT J5 Bus (280)<br \/>\n2.0, A\u00f1o 09.1981 &#8211; 09.1990, 1971 , 75<br \/>\n2.0, A\u00f1o 01.1983 &#8211; 09.1990, 1971 , 79<br \/>\n2.5 D, A\u00f1o 09.1981 &#8211; 09.1990, 2498 , 73<br \/>\n2.5 DT, A\u00f1o 01.1986 &#8211; 08.1990, 2498 , 95<br \/>\nPEUGEOT J5 (280)<br \/>\n1.8, A\u00f1o 01.1983 &#8211; 11.1988, 1796 , 69<br \/>\n2.0, A\u00f1o 09.1987 &#8211; 08.1990, 1971 , 75<br \/>\n2.0, A\u00f1o 09.1981 &#8211; 08.1990, 1971 , 79<br \/>\n2.5 D, A\u00f1o 09.1981 &#8211; 08.1990, 2498 , 73<br \/>\nPEUGEOT J5 Bus (290)<br \/>\n1.9 D, A\u00f1o 10.1990 &#8211; 02.1994, 1905 , 70<br \/>\n2.0, A\u00f1o 10.1990 &#8211; 02.1994, 1971 , 84<br \/>\n2.5 D, A\u00f1o 10.1990 &#8211; 02.1994, 2500 , 73<br \/>\n2.5 TD, A\u00f1o 10.1990 &#8211; 02.1994, 2500 , 95<br \/>\nPEUGEOT J5 Furg\u00f3n (290)<br \/>\n1.8, A\u00f1o 09.1990 &#8211; 01.1994, 1796 , 69<br \/>\n1.9 D, A\u00f1o 10.1990 &#8211; 03.1994, 1905 , 70<br \/>\n2.0, A\u00f1o 09.1990 &#8211; 01.1994, 1971 , 84<br \/>\n2.5 D, A\u00f1o 09.1990 &#8211; 01.1994, 2498 , 73<\/p>\n<p>LA PIEZA ES NUEVA Y ORIGINAL.<\/p>\n","protected":false},"excerpt":{"rendered":"<p>Amortiguador de aceite de la suspensi\u00f3n posterior de: CITRO\u00cbN C25 Bus 1.8, A\u00f1o 11.1981 &#8211; 01.1994, 1796 , 68 1.8 E, A\u00f1o 07.1987 &#8211; 02.1994, 1796 , 69 1.9 D, A\u00f1o 07.1987 &#8211; 02.1994, 1905 , 69 1.9 TD, A\u00f1o 04.1992 &#8211; 02.1994, 1930 , 82 2.0, A\u00f1o 02.1991 &#8211; 02.1994, 1971 , 84 2.0 [&hellip;]<\/p>\n","protected":false},"featured_media":73520,"template":"","meta":{"_seopress_robots_primary_cat":"","_seopress_titles_title":"","_seopress_titles_desc":"","_seopress_robots_index":""},"product_cat":[132,23,88,20,157,24,110],"product_tag":[],"class_list":{"0":"post-73518","1":"product","2":"type-product","3":"status-publish","4":"has-post-thumbnail","6":"product_cat-recambios-citroen-c25","7":"product_cat-recambios-citroen","8":"product_cat-recambios-fiat-ducato","9":"product_cat-recambios-fiat","10":"product_cat-recambios-peugeot-j5","11":"product_cat-recambios-peugeot","12":"product_cat-recambios-fiat-talento","14":"first","15":"instock","16":"taxable","17":"shipping-taxable","18":"purchasable","19":"product-type-simple"},"_links":{"self":[{"href":"https:\/\/galicianparts.com\/shop\/wp-json\/wp\/v2\/product\/73518"}],"collection":[{"href":"https:\/\/galicianparts.com\/shop\/wp-json\/wp\/v2\/product"}],"about":[{"href":"https:\/\/galicianparts.com\/shop\/wp-json\/wp\/v2\/types\/product"}],"wp:featuredmedia":[{"embeddable":true,"href":"https:\/\/galicianparts.com\/shop\/wp-json\/wp\/v2\/media\/73520"}],"wp:attachment":[{"href":"https:\/\/galicianparts.com\/shop\/wp-json\/wp\/v2\/media?parent=73518"}],"wp:term":[{"taxonomy":"product_cat","embeddable":true,"href":"https:\/\/galicianparts.com\/shop\/wp-json\/wp\/v2\/product_cat?post=73518"},{"taxonomy":"product_tag","embeddable":true,"href":"https:\/\/galicianparts.com\/shop\/wp-json\/wp\/v2\/product_tag?post=73518"}],"curies":[{"name":"wp","href":"https:\/\/api.w.org\/{rel}","templated":true}]}}