{"id":73625,"date":"2023-05-16T10:27:26","date_gmt":"2023-05-16T08:27:26","guid":{"rendered":"https:\/\/galicianparts.com\/shop\/producto\/46463792-amortiguador-trasero-fiat-tempra-palio-marea-nuevo-original\/"},"modified":"2023-05-24T12:41:43","modified_gmt":"2023-05-24T10:41:43","slug":"46463792-amortiguador-trasero-fiat-tempra-palio-marea-nuevo-original","status":"publish","type":"product","link":"https:\/\/galicianparts.com\/shop\/producto\/46463792-amortiguador-trasero-fiat-tempra-palio-marea-nuevo-original\/","title":{"rendered":"46463792 Amortiguador trasero Fiat Tempra SW \/Palio \/Marea NUEVO ORIGINAL"},"content":{"rendered":"<p>46747928 Amortiguador de gas de la suspensi\u00f3n posterior de:<\/p>\n<p>FIAT Tempra S.W. (159)<br \/>\n1.4 i.e., A\u00f1o 03.1991 &#8211; 08.1996, 1372 , 78<br \/>\n1.4 i.e., A\u00f1o 10.1992 &#8211; 08.1996, 1372 , 69<br \/>\n1.6, A\u00f1o 07.1993 &#8211; 07.1996, 1581 , 69<br \/>\n1.6, A\u00f1o 12.1990 &#8211; 04.1993, 1581 , 86<br \/>\n1.6 i.e., A\u00f1o 10.1990 &#8211; 08.1996, 1581 , 78<br \/>\n1.6 i.e., A\u00f1o 06.1994 &#8211; 08.1996, 1581 , 90<br \/>\n1.6 i.e., A\u00f1o 10.1992 &#8211; 08.1996, 1581 , 75<br \/>\n1.8 i.e., A\u00f1o 03.1992 &#8211; 12.1993, 1756 , 105<br \/>\n1.8 i.e., A\u00f1o 03.1990 &#8211; 08.1996, 1756 , 110<br \/>\n1.8 i.e., A\u00f1o 09.1993 &#8211; 08.1996, 1756 , 103<br \/>\n1.8 i.e., A\u00f1o 09.1993 &#8211; 08.1996, 1756 , 90<br \/>\n1.8 i.e., A\u00f1o 10.1994 &#8211; 08.1996, 1756 , 101<br \/>\n1.9 D, A\u00f1o 07.1991 &#8211; 08.1996, 1929 , 65<br \/>\n1.9 TD, A\u00f1o 07.1991 &#8211; 02.1995, 1929 , 90<br \/>\n1.9 TD, A\u00f1o 03.1992 &#8211; 06.1993, 1929 , 80<br \/>\n2.0, A\u00f1o 04.1991 &#8211; 06.1993, 1995 , 109<br \/>\n2.0 i.e., A\u00f1o 01.1991 &#8211; 03.1995, 1995 , 113<br \/>\nFIAT Marea Berlina (185)<br \/>\n1.2 16V, A\u00f1o 10.1998 &#8211; 05.2002, 1242 , 82<br \/>\n1.4 80 12V, A\u00f1o 09.1996 &#8211; 05.2002, 1370 , 80<br \/>\n1.6, A\u00f1o 03.1999 &#8211; 08.2000, 1581 , 92<br \/>\n1.6, A\u00f1o 09.2000 &#8211; 08.2002, 1596 , 103<br \/>\n1.6 100 16V, A\u00f1o 09.1996 &#8211; 05.2002, 1581 , 103<br \/>\n1.6 16V, A\u00f1o 04.1997 &#8211; 02.1999, 1581 , 102<br \/>\n1.6 SX, A\u00f1o 09.2000 &#8211; 08.2002, 1581 , 98<br \/>\n1.8 115 16V, A\u00f1o 09.1996 &#8211; 05.2002, 1747 , 113<br \/>\n1.9 JTD 105, A\u00f1o 04.1999 &#8211; 01.2001, 1910 , 105<br \/>\n1.9 JTD 110, A\u00f1o 01.2001 &#8211; 05.2002, 1910 , 110<br \/>\n1.9 TD 100, A\u00f1o 09.1996 &#8211; 05.2002, 1910 , 100<br \/>\n1.9 TD 75, A\u00f1o 09.1996 &#8211; 05.2002, 1910 , 75<br \/>\n2.0 150 20V, A\u00f1o 09.1996 &#8211; 04.1999, 1998 , 147<br \/>\n2.0 150 20V, A\u00f1o 01.2001 &#8211; 05.2002, 1998 , 150<br \/>\n2.0 155 20V, A\u00f1o 04.1999 &#8211; 01.2001, 1998 , 154<br \/>\n2.4 JTD 130, A\u00f1o 04.1999 &#8211; 05.2002, 2387 , 130<br \/>\n2.4 TD 125, A\u00f1o 09.1996 &#8211; 04.1999, 2387 , 125<br \/>\nFIAT Marea Weekend (185)<br \/>\n1.2 16V, A\u00f1o 10.1998 &#8211; 05.2002, 1242 , 82<br \/>\n1.4 80 12V, A\u00f1o 09.1996 &#8211; 05.2002, 1370 , 80<br \/>\n1.6, A\u00f1o 09.2000 &#8211; 08.2002, 1596 , 103<br \/>\n1.6 100 16V, A\u00f1o 09.1996 &#8211; 05.2002, 1581 , 103<br \/>\n1.8 115 16V, A\u00f1o 09.1996 &#8211; 05.2002, 1747 , 113<br \/>\n1.9 JTD 105, A\u00f1o 04.1999 &#8211; 05.2002, 1910 , 105<br \/>\n1.9 JTD 110, A\u00f1o 01.2001 &#8211; 05.2002, 1910 , 110<br \/>\n1.9 TD 100, A\u00f1o 09.1996 &#8211; 05.2002, 1910 , 100<br \/>\n1.9 TD 75, A\u00f1o 09.1996 &#8211; 05.2002, 1910 , 75<br \/>\n2.0 150 20V, A\u00f1o 09.1996 &#8211; 04.1999, 1998 , 147<br \/>\n2.0 150 20V, A\u00f1o 01.2001 &#8211; 05.2002, 1998 , 150<br \/>\n2.0 155 20V, A\u00f1o 04.1999 &#8211; 02.2003, 1998 , 154<br \/>\n2.4 JTD 130, A\u00f1o 04.1999 &#8211; 05.2002, 2387 , 130<br \/>\n2.4 TD 125, A\u00f1o 09.1996 &#8211; 04.1999, 2387 , 125<br \/>\nFIAT Palio I Weekend (178)<br \/>\n1.2, A\u00f1o 07.1997 &#8211; 10.2004, 1242 , 60<br \/>\n1.2, A\u00f1o 06.1999 &#8211; 10.2002, 1242 , 68<br \/>\n1.2, A\u00f1o 04.1996 &#8211; 02.2001, 1242 , 73<br \/>\n1.2, A\u00f1o 09.2001 &#8211; 10.2004, 1242 , 80<br \/>\n1.4, A\u00f1o 07.1997 &#8211; 08.2001, 1372 , 69<br \/>\n1.5, A\u00f1o 02.2002 &#8211; &#8230;, 1461 , 84<br \/>\n1.6 16V, A\u00f1o 07.1997 &#8211; 10.2003, 1581 , 92<br \/>\n1.6 16V, A\u00f1o 04.1996 &#8211; 02.2001, 1581 , 100<br \/>\n1.6 16V, A\u00f1o 02.2001 &#8211; 01.2012, 1596 , 103<br \/>\n1.7 TD, A\u00f1o 04.1996 &#8211; 03.2001, 1698 , 70<br \/>\n1.7 TD, A\u00f1o 07.1997 &#8211; 08.2001, 1697 , 71<br \/>\n1.7 TD, A\u00f1o 07.1997 &#8211; &#8230;, 1697 , 72<br \/>\n1.9 D, A\u00f1o 03.2001 &#8211; &#8230;, 1910 , 63<br \/>\n1.9 JTD, A\u00f1o 09.2001 &#8211; &#8230;, 1910 , 80<\/p>\n<p>LA PIEZA ES NUEVA Y ORIGINAL.<\/p>\n","protected":false},"excerpt":{"rendered":"<p>46747928 Amortiguador de gas de la suspensi\u00f3n posterior de: FIAT Tempra S.W. (159) 1.4 i.e., A\u00f1o 03.1991 &#8211; 08.1996, 1372 , 78 1.4 i.e., A\u00f1o 10.1992 &#8211; 08.1996, 1372 , 69 1.6, A\u00f1o 07.1993 &#8211; 07.1996, 1581 , 69 1.6, A\u00f1o 12.1990 &#8211; 04.1993, 1581 , 86 1.6 i.e., A\u00f1o 10.1990 &#8211; 08.1996, 1581 , [&hellip;]<\/p>\n","protected":false},"featured_media":73629,"template":"","meta":{"_seopress_robots_primary_cat":"","_seopress_titles_title":"","_seopress_titles_desc":"","_seopress_robots_index":""},"product_cat":[20,95,98,111],"product_tag":[],"class_list":{"0":"post-73625","1":"product","2":"type-product","3":"status-publish","4":"has-post-thumbnail","6":"product_cat-recambios-fiat","7":"product_cat-recambios-fiat-marea","8":"product_cat-recambios-fiat-palio","9":"product_cat-recambios-fiat-tempra","11":"first","12":"instock","13":"taxable","14":"shipping-taxable","15":"purchasable","16":"product-type-simple"},"_links":{"self":[{"href":"https:\/\/galicianparts.com\/shop\/wp-json\/wp\/v2\/product\/73625"}],"collection":[{"href":"https:\/\/galicianparts.com\/shop\/wp-json\/wp\/v2\/product"}],"about":[{"href":"https:\/\/galicianparts.com\/shop\/wp-json\/wp\/v2\/types\/product"}],"wp:featuredmedia":[{"embeddable":true,"href":"https:\/\/galicianparts.com\/shop\/wp-json\/wp\/v2\/media\/73629"}],"wp:attachment":[{"href":"https:\/\/galicianparts.com\/shop\/wp-json\/wp\/v2\/media?parent=73625"}],"wp:term":[{"taxonomy":"product_cat","embeddable":true,"href":"https:\/\/galicianparts.com\/shop\/wp-json\/wp\/v2\/product_cat?post=73625"},{"taxonomy":"product_tag","embeddable":true,"href":"https:\/\/galicianparts.com\/shop\/wp-json\/wp\/v2\/product_tag?post=73625"}],"curies":[{"name":"wp","href":"https:\/\/api.w.org\/{rel}","templated":true}]}}