{"id":73640,"date":"2023-05-16T11:00:51","date_gmt":"2023-05-16T09:00:51","guid":{"rendered":"https:\/\/galicianparts.com\/shop\/producto\/5956073-tapizado-marron-pilar-central-izq-fiat-uno-3p-1983-1989-nuevo-original\/"},"modified":"2024-04-26T06:49:17","modified_gmt":"2024-04-26T04:49:17","slug":"5956073-tapizado-marron-pilar-central-izq-fiat-uno-3p-1983-1989-nuevo-original","status":"publish","type":"product","link":"https:\/\/galicianparts.com\/shop\/producto\/5956073-tapizado-marron-pilar-central-izq-fiat-uno-3p-1983-1989-nuevo-original\/","title":{"rendered":"5956073 Tapizado marr\u00f3n pilar central izq Fiat Uno 3p (1983-1989) NUEVO ORIGINAL"},"content":{"rendered":"<p>Guarnecido color marr\u00f3n, embellecedor del pilar B izquierdo de la carrocer\u00eda de 3 puertas de:<br \/>\nFIAT &#8211; UNO PRIMERA SERIE (1983-1989)<\/p>\n<p>LA PIEZA ES NUEVA Y ORIGINAL.<\/p>\n","protected":false},"excerpt":{"rendered":"<p>Guarnecido color marr\u00f3n, embellecedor del pilar B izquierdo de la carrocer\u00eda de 3 puertas de: FIAT &#8211; UNO PRIMERA SERIE (1983-1989) LA PIEZA ES NUEVA Y ORIGINAL.<\/p>\n","protected":false},"featured_media":73647,"template":"","meta":{"_seopress_robots_primary_cat":"","_seopress_titles_title":"","_seopress_titles_desc":"","_seopress_robots_index":""},"product_cat":[20,114],"product_tag":[],"class_list":{"0":"post-73640","1":"product","2":"type-product","3":"status-publish","4":"has-post-thumbnail","6":"product_cat-recambios-fiat","7":"product_cat-recambios-fiat-uno","9":"first","10":"outofstock","11":"taxable","12":"shipping-taxable","13":"purchasable","14":"product-type-simple"},"_links":{"self":[{"href":"https:\/\/galicianparts.com\/shop\/wp-json\/wp\/v2\/product\/73640"}],"collection":[{"href":"https:\/\/galicianparts.com\/shop\/wp-json\/wp\/v2\/product"}],"about":[{"href":"https:\/\/galicianparts.com\/shop\/wp-json\/wp\/v2\/types\/product"}],"wp:featuredmedia":[{"embeddable":true,"href":"https:\/\/galicianparts.com\/shop\/wp-json\/wp\/v2\/media\/73647"}],"wp:attachment":[{"href":"https:\/\/galicianparts.com\/shop\/wp-json\/wp\/v2\/media?parent=73640"}],"wp:term":[{"taxonomy":"product_cat","embeddable":true,"href":"https:\/\/galicianparts.com\/shop\/wp-json\/wp\/v2\/product_cat?post=73640"},{"taxonomy":"product_tag","embeddable":true,"href":"https:\/\/galicianparts.com\/shop\/wp-json\/wp\/v2\/product_tag?post=73640"}],"curies":[{"name":"wp","href":"https:\/\/api.w.org\/{rel}","templated":true}]}}