{"id":73716,"date":"2023-05-18T10:14:06","date_gmt":"2023-05-18T08:14:06","guid":{"rendered":"https:\/\/galicianparts.com\/shop\/producto\/5882685-bomba-agua-m-0-9-fiat-850-900-nueva-original\/"},"modified":"2023-10-31T18:37:37","modified_gmt":"2023-10-31T16:37:37","slug":"5882685-bomba-agua-m-0-9-fiat-850-900-nueva-original","status":"publish","type":"product","link":"https:\/\/galicianparts.com\/shop\/producto\/5882685-bomba-agua-m-0-9-fiat-850-900-nueva-original\/","title":{"rendered":"5882685 Bomba agua M 903cc Fiat 850 \/900 NUEVA ORIGINAL"},"content":{"rendered":"<p>Bomba de agua de refrigeraci\u00f3n del motor de:<br \/>\nFIAT 850 Coup\u00e9 (100)<br \/>\n0.9 Sport, A\u00f1o 02.1968 &#8211; 10.1972, 903 , 52<br \/>\nFIAT 850 Spider<br \/>\n0.9 Sport, A\u00f1o 03.1968 &#8211; 12.1972, 903 , 52<br \/>\nFIAT 900 T\/E Panorama (200_)<br \/>\n0.9, A\u00f1o 01.1978 &#8211; 01.1986, 903 , 35<\/p>\n<p>LA PIEZA ES NUEVA Y ORIGINAL.<\/p>\n","protected":false},"excerpt":{"rendered":"<p>Bomba de agua de refrigeraci\u00f3n del motor de: FIAT 850 Coup\u00e9 (100) 0.9 Sport, A\u00f1o 02.1968 &#8211; 10.1972, 903 , 52 FIAT 850 Spider 0.9 Sport, A\u00f1o 03.1968 &#8211; 12.1972, 903 , 52 FIAT 900 T\/E Panorama (200_) 0.9, A\u00f1o 01.1978 &#8211; 01.1986, 903 , 35 LA PIEZA ES NUEVA Y ORIGINAL.<\/p>\n","protected":false},"featured_media":73722,"template":"","meta":{"_seopress_robots_primary_cat":"","_seopress_titles_title":"","_seopress_titles_desc":"","_seopress_robots_index":""},"product_cat":[76,186,20],"product_tag":[],"class_list":{"0":"post-73716","1":"product","2":"type-product","3":"status-publish","4":"has-post-thumbnail","6":"product_cat-recambios-fiat-850","7":"product_cat-recambios-fiat-900","8":"product_cat-recambios-fiat","10":"first","11":"outofstock","12":"taxable","13":"shipping-taxable","14":"purchasable","15":"product-type-simple"},"_links":{"self":[{"href":"https:\/\/galicianparts.com\/shop\/wp-json\/wp\/v2\/product\/73716"}],"collection":[{"href":"https:\/\/galicianparts.com\/shop\/wp-json\/wp\/v2\/product"}],"about":[{"href":"https:\/\/galicianparts.com\/shop\/wp-json\/wp\/v2\/types\/product"}],"wp:featuredmedia":[{"embeddable":true,"href":"https:\/\/galicianparts.com\/shop\/wp-json\/wp\/v2\/media\/73722"}],"wp:attachment":[{"href":"https:\/\/galicianparts.com\/shop\/wp-json\/wp\/v2\/media?parent=73716"}],"wp:term":[{"taxonomy":"product_cat","embeddable":true,"href":"https:\/\/galicianparts.com\/shop\/wp-json\/wp\/v2\/product_cat?post=73716"},{"taxonomy":"product_tag","embeddable":true,"href":"https:\/\/galicianparts.com\/shop\/wp-json\/wp\/v2\/product_tag?post=73716"}],"curies":[{"name":"wp","href":"https:\/\/api.w.org\/{rel}","templated":true}]}}