{"id":73760,"date":"2023-05-18T11:53:37","date_gmt":"2023-05-18T09:53:37","guid":{"rendered":"https:\/\/galicianparts.com\/shop\/producto\/7552281-correa-auxiliar-fiat-croma-lancia-thema-alfa-164-citroen-peugeot-original\/"},"modified":"2023-09-21T12:49:16","modified_gmt":"2023-09-21T10:49:16","slug":"7552281-correa-auxiliar-fiat-croma-lancia-thema-alfa-164-citroen-peugeot-original","status":"publish","type":"product","link":"https:\/\/galicianparts.com\/shop\/producto\/7552281-correa-auxiliar-fiat-croma-lancia-thema-alfa-164-citroen-peugeot-original\/","title":{"rendered":"7552281 Correa auxiliar Fiat Croma \/Lancia Thema \/Alfa 164 \/Citro\u00ebn \/Peugeot ORIGINAL"},"content":{"rendered":"<p>Correa de instrumentos de:<br \/>\nAncho: 10 mm<br \/>\nLongitud: 1088 mm<\/p>\n<p>ALFA ROMEO 164 (164)<br \/>\n2.0 Turbo, A\u00f1o 10.1987 &#8211; 09.1998, 1995 , 174<\/p>\n<p>CITRO\u00cbN XM I (Y3)<br \/>\n2.1 D 12V, A\u00f1o 05.1989 &#8211; 06.1994, 2138 , 82<br \/>\n2.1 TD 12V, A\u00f1o 05.1989 &#8211; 06.1994, 2088 , 109<\/p>\n<p>FIAT Croma I Hatchback (154)<br \/>\n2.0 16V, A\u00f1o 08.1992 &#8211; 08.1996, 1995 , 137<br \/>\n2.0 CHT, A\u00f1o 12.1985 &#8211; 02.1989, 1995 , 90<br \/>\n2.0 i.e., A\u00f1o 03.1987 &#8211; 09.1992, 1995 , 120<br \/>\n2.0 i.e., A\u00f1o 03.1986 &#8211; 09.1990, 1995 , 113<br \/>\n2.0 i.e., A\u00f1o 10.1987 &#8211; 08.1996, 1995 , 116<br \/>\n2.0 i.e. Turbo, A\u00f1o 11.1986 &#8211; 11.1988, 1995 , 151<br \/>\n2.0 i.e. Turbo, A\u00f1o 12.1985 &#8211; 06.1990, 1995 , 155<br \/>\n2.0 i.e. Turbo, A\u00f1o 06.1987 &#8211; 08.1996, 1995 , 150<br \/>\nFIAT Argenta (132)<br \/>\n2, A\u00f1o 06.1978 &#8211; 12.1985, 1995 , 113<br \/>\n2.0 i.e., A\u00f1o 06.1981 &#8211; 07.1986, 1995 , 122<\/p>\n<p>LANCIA Thema Berlina (834)<br \/>\n2.0 i.e, A\u00f1o 09.1988 &#8211; 05.1992, 1995 , 117<br \/>\n2.0 i.e, A\u00f1o 03.1986 &#8211; 09.1988, 1995 , 113<br \/>\n2.0 i.e., A\u00f1o 11.1984 &#8211; 09.1988, 1995 , 120<br \/>\n2.0 i.e., A\u00f1o 09.1987 &#8211; 05.1992, 1995 , 115<br \/>\n2.0 i.e. 16V, A\u00f1o 05.1988 &#8211; 08.1992, 1995 , 147<br \/>\n2.0 i.e. Turbo, A\u00f1o 11.1984 &#8211; 12.1989, 1995 , 166<br \/>\n2.0 i.e.Turbo, A\u00f1o 07.1986 &#8211; 05.1990, 1995 , 150<\/p>\n<p>PEUGEOT 604 Berlina<br \/>\n2.7 SL, A\u00f1o 08.1977 &#8211; 05.1983, 2664 , 136<\/p>\n<p>LA PIEZA ES NUEVA Y ORIGINAL.<\/p>\n","protected":false},"excerpt":{"rendered":"<p>Correa de instrumentos de: Ancho: 10 mm Longitud: 1088 mm ALFA ROMEO 164 (164) 2.0 Turbo, A\u00f1o 10.1987 &#8211; 09.1998, 1995 , 174 CITRO\u00cbN XM I (Y3) 2.1 D 12V, A\u00f1o 05.1989 &#8211; 06.1994, 2138 , 82 2.1 TD 12V, A\u00f1o 05.1989 &#8211; 06.1994, 2088 , 109 FIAT Croma I Hatchback (154) 2.0 16V, A\u00f1o [&hellip;]<\/p>\n","protected":false},"featured_media":73762,"template":"","meta":{"_seopress_robots_primary_cat":"","_seopress_titles_title":"","_seopress_titles_desc":"","_seopress_robots_index":""},"product_cat":[54,349,16,79,23,86,20,21,24,124,142],"product_tag":[],"class_list":{"0":"post-73760","1":"product","2":"type-product","3":"status-publish","4":"has-post-thumbnail","6":"product_cat-recambios-alfa-romeo-164","7":"product_cat-recambios-peugeot-604","8":"product_cat-recambios-alfa-romeo","9":"product_cat-recambios-fiat-argenta","10":"product_cat-recambios-citroen","11":"product_cat-recambios-fiat-croma","12":"product_cat-recambios-fiat","13":"product_cat-recambios-lancia","14":"product_cat-recambios-peugeot","15":"product_cat-recambios-lancia-thema","16":"product_cat-recambios-citroen-xm","18":"first","19":"instock","20":"taxable","21":"shipping-taxable","22":"purchasable","23":"product-type-simple"},"_links":{"self":[{"href":"https:\/\/galicianparts.com\/shop\/wp-json\/wp\/v2\/product\/73760"}],"collection":[{"href":"https:\/\/galicianparts.com\/shop\/wp-json\/wp\/v2\/product"}],"about":[{"href":"https:\/\/galicianparts.com\/shop\/wp-json\/wp\/v2\/types\/product"}],"wp:featuredmedia":[{"embeddable":true,"href":"https:\/\/galicianparts.com\/shop\/wp-json\/wp\/v2\/media\/73762"}],"wp:attachment":[{"href":"https:\/\/galicianparts.com\/shop\/wp-json\/wp\/v2\/media?parent=73760"}],"wp:term":[{"taxonomy":"product_cat","embeddable":true,"href":"https:\/\/galicianparts.com\/shop\/wp-json\/wp\/v2\/product_cat?post=73760"},{"taxonomy":"product_tag","embeddable":true,"href":"https:\/\/galicianparts.com\/shop\/wp-json\/wp\/v2\/product_tag?post=73760"}],"curies":[{"name":"wp","href":"https:\/\/api.w.org\/{rel}","templated":true}]}}