{"id":73776,"date":"2023-05-18T13:06:15","date_gmt":"2023-05-18T11:06:15","guid":{"rendered":"https:\/\/galicianparts.com\/shop\/producto\/7686599-sensor-temperatura-admision-fiat-punto-gt-coupe-lancia-thema-original-bosch\/"},"modified":"2023-06-22T09:41:49","modified_gmt":"2023-06-22T07:41:49","slug":"7686599-sensor-temperatura-admision-fiat-punto-gt-coupe-lancia-thema-original-bosch","status":"publish","type":"product","link":"https:\/\/galicianparts.com\/shop\/producto\/7686599-sensor-temperatura-admision-fiat-punto-gt-coupe-lancia-thema-original-bosch\/","title":{"rendered":"7686599 Sensor temperatura admisi\u00f3n Fiat Punto GT \/Coupe \/Lancia Thema ORIGINAL BOSCH"},"content":{"rendered":"<p>Electrov\u00e1lvula de la temperatura del aire del colector de admisi\u00f3n de:<br \/>\nM\u00e9trica: 12&#215;1,5<br \/>\nFIAT &#8211; PX COUPE&#8217; GAMMA&#8217;96 (1996-2000) 2000 20V 5CIL.TB.<br \/>\nFIAT &#8211; PT MAREA BENZINA (1996-1999) 2000 TURBO BRASIL<br \/>\nFIAT &#8211; 1A PUNTO BZ. GAMMA &#8217;97 (1997-1999) 1372 MPI TURBO<br \/>\nFIAT &#8211; NW PUNTO GT (1993-1997)<br \/>\nLANCIA &#8211; SV KAPPA COUPE&#8217; (1997-2001) 2000 IE. TB 16V<br \/>\nLANCIA &#8211; SV KAPPA COUPE&#8217; (1997-2001) 2000 IE TB 20V<br \/>\nLANCIA &#8211; SP KAPPA BZ (1994-2001) 2000 IE. TB 16V<br \/>\nLANCIA &#8211; SP KAPPA BZ (1994-2001) 2000 IE. TB 20V<br \/>\nLANCIA &#8211; SB THEMA IE. 16V FL.92 (1992-1994) 2000 TB.<\/p>\n<p>LA PIEZA ES NUEVA Y ORIGINAL BOSCH.<\/p>\n","protected":false},"excerpt":{"rendered":"<p>Electrov\u00e1lvula de la temperatura del aire del colector de admisi\u00f3n de: M\u00e9trica: 12&#215;1,5 FIAT &#8211; PX COUPE&#8217; GAMMA&#8217;96 (1996-2000) 2000 20V 5CIL.TB. FIAT &#8211; PT MAREA BENZINA (1996-1999) 2000 TURBO BRASIL FIAT &#8211; 1A PUNTO BZ. GAMMA &#8217;97 (1997-1999) 1372 MPI TURBO FIAT &#8211; NW PUNTO GT (1993-1997) LANCIA &#8211; SV KAPPA COUPE&#8217; (1997-2001) 2000 [&hellip;]<\/p>\n","protected":false},"featured_media":73780,"template":"","meta":{"_seopress_robots_primary_cat":"","_seopress_titles_title":"","_seopress_titles_desc":"","_seopress_robots_index":""},"product_cat":[85,20,119,21,95,101,124],"product_tag":[],"class_list":{"0":"post-73776","1":"product","2":"type-product","3":"status-publish","4":"has-post-thumbnail","6":"product_cat-recambios-fiat-coupe","7":"product_cat-recambios-fiat","8":"product_cat-recambios-lancia-kappa","9":"product_cat-recambios-lancia","10":"product_cat-recambios-fiat-marea","11":"product_cat-recambios-fiat-punto","12":"product_cat-recambios-lancia-thema","14":"first","15":"outofstock","16":"taxable","17":"shipping-taxable","18":"purchasable","19":"product-type-simple"},"_links":{"self":[{"href":"https:\/\/galicianparts.com\/shop\/wp-json\/wp\/v2\/product\/73776"}],"collection":[{"href":"https:\/\/galicianparts.com\/shop\/wp-json\/wp\/v2\/product"}],"about":[{"href":"https:\/\/galicianparts.com\/shop\/wp-json\/wp\/v2\/types\/product"}],"wp:featuredmedia":[{"embeddable":true,"href":"https:\/\/galicianparts.com\/shop\/wp-json\/wp\/v2\/media\/73780"}],"wp:attachment":[{"href":"https:\/\/galicianparts.com\/shop\/wp-json\/wp\/v2\/media?parent=73776"}],"wp:term":[{"taxonomy":"product_cat","embeddable":true,"href":"https:\/\/galicianparts.com\/shop\/wp-json\/wp\/v2\/product_cat?post=73776"},{"taxonomy":"product_tag","embeddable":true,"href":"https:\/\/galicianparts.com\/shop\/wp-json\/wp\/v2\/product_tag?post=73776"}],"curies":[{"name":"wp","href":"https:\/\/api.w.org\/{rel}","templated":true}]}}