{"id":73892,"date":"2023-05-23T11:25:15","date_gmt":"2023-05-23T09:25:15","guid":{"rendered":"https:\/\/galicianparts.com\/shop\/producto\/4477080-sensor-temperatura-92o-87o-ventilador-fiat-ritmo-panda-regata-nuevo-original\/"},"modified":"2023-06-02T09:30:58","modified_gmt":"2023-06-02T07:30:58","slug":"4477080-sensor-temperatura-92o-87o-ventilador-fiat-ritmo-panda-regata-nuevo-original","status":"publish","type":"product","link":"https:\/\/galicianparts.com\/shop\/producto\/4477080-sensor-temperatura-92o-87o-ventilador-fiat-ritmo-panda-regata-nuevo-original\/","title":{"rendered":"4477080 Sensor temperatura 92\u00ba\/87\u00ba ventilador Fiat Ritmo \/Panda \/Regata NUEVO ORIGINAL"},"content":{"rendered":"<p>9032401 Electrov\u00e1lvula, interruptor del electroventilador del radiador de la refrigeraci\u00f3n del motor de:<br \/>\nTemperatura: 92\u00ba\/87\u00ba<br \/>\nM\u00e9trica: 22&#215;1.5<\/p>\n<p>FIAT Regata (138)<br \/>\n1.6 Super 100, A\u00f1o 10.1983 &#8211; 12.1990, 1585 , 101<br \/>\n1.3 70, A\u00f1o 09.1983 &#8211; 07.1989, 1301 , 65<br \/>\n1.3 70, A\u00f1o 09.1983 &#8211; 07.1986, 1301 , 68<br \/>\n1.5 75, A\u00f1o 12.1983 &#8211; 07.1989, 1498 , 75<br \/>\n1.5 85, A\u00f1o 05.1985 &#8211; 12.1987, 1498 , 79<br \/>\n1.6 85, A\u00f1o 10.1983 &#8211; 06.1990, 1585 , 82<br \/>\n1.5 Super 85, A\u00f1o 09.1983 &#8211; 04.1985, 1498 , 82<br \/>\nFIAT Ritmo I Hatchback (138)<br \/>\n1.3 70, A\u00f1o 01.1983 &#8211; 04.1985, 1301 , 68<br \/>\nFIAT Panda I Hatchback (141)<br \/>\n0.9 Fire S A las 4 ruedas, A\u00f1o 10.1980 &#8211; 04.1986, 903 , 45<br \/>\n1.0, A\u00f1o 01.1985 &#8211; 12.1992, 999 , 50<br \/>\n0.65 , A\u00f1o 01.1982 &#8211; 07.2004, 652 , 30<br \/>\n0.8, A\u00f1o 02.1981 &#8211; 12.1985, 837 , 34<br \/>\n0.9, A\u00f1o 10.1980 &#8211; 06.1994, 903 , 45<br \/>\n1.0 4&#215;4, A\u00f1o 09.1983 &#8211; 12.1986, 965 , 48<\/p>\n<p>LA PIEZA ES NUEVA Y ORIGINAL.<\/p>\n","protected":false},"excerpt":{"rendered":"<p>9032401 Electrov\u00e1lvula, interruptor del electroventilador del radiador de la refrigeraci\u00f3n del motor de: Temperatura: 92\u00ba\/87\u00ba M\u00e9trica: 22&#215;1.5 FIAT Regata (138) 1.6 Super 100, A\u00f1o 10.1983 &#8211; 12.1990, 1585 , 101 1.3 70, A\u00f1o 09.1983 &#8211; 07.1989, 1301 , 65 1.3 70, A\u00f1o 09.1983 &#8211; 07.1986, 1301 , 68 1.5 75, A\u00f1o 12.1983 &#8211; 07.1989, 1498 [&hellip;]<\/p>\n","protected":false},"featured_media":74462,"template":"","meta":{"_seopress_robots_primary_cat":"","_seopress_titles_title":"","_seopress_titles_desc":"","_seopress_robots_index":""},"product_cat":[20,99,102,103],"product_tag":[],"class_list":{"0":"post-73892","1":"product","2":"type-product","3":"status-publish","4":"has-post-thumbnail","6":"product_cat-recambios-fiat","7":"product_cat-recambios-fiat-panda","8":"product_cat-recambios-fiat-regata","9":"product_cat-recambios-fiat-ritmo","11":"first","12":"outofstock","13":"taxable","14":"shipping-taxable","15":"purchasable","16":"product-type-simple"},"_links":{"self":[{"href":"https:\/\/galicianparts.com\/shop\/wp-json\/wp\/v2\/product\/73892"}],"collection":[{"href":"https:\/\/galicianparts.com\/shop\/wp-json\/wp\/v2\/product"}],"about":[{"href":"https:\/\/galicianparts.com\/shop\/wp-json\/wp\/v2\/types\/product"}],"wp:featuredmedia":[{"embeddable":true,"href":"https:\/\/galicianparts.com\/shop\/wp-json\/wp\/v2\/media\/74462"}],"wp:attachment":[{"href":"https:\/\/galicianparts.com\/shop\/wp-json\/wp\/v2\/media?parent=73892"}],"wp:term":[{"taxonomy":"product_cat","embeddable":true,"href":"https:\/\/galicianparts.com\/shop\/wp-json\/wp\/v2\/product_cat?post=73892"},{"taxonomy":"product_tag","embeddable":true,"href":"https:\/\/galicianparts.com\/shop\/wp-json\/wp\/v2\/product_tag?post=73892"}],"curies":[{"name":"wp","href":"https:\/\/api.w.org\/{rel}","templated":true}]}}