{"id":74007,"date":"2023-05-24T12:22:36","date_gmt":"2023-05-24T10:22:36","guid":{"rendered":"https:\/\/galicianparts.com\/shop\/producto\/46768351-kit-latiguillos-servodireccion-alfa-romeo-147-1-9-8v-jtd-nuevo-original\/"},"modified":"2023-11-30T14:58:53","modified_gmt":"2023-11-30T12:58:53","slug":"46768351-kit-latiguillos-servodireccion-alfa-romeo-147-1-9-8v-jtd-nuevo-original","status":"publish","type":"product","link":"https:\/\/galicianparts.com\/shop\/producto\/46768351-kit-latiguillos-servodireccion-alfa-romeo-147-1-9-8v-jtd-nuevo-original\/","title":{"rendered":"46768351 Kit latiguillos servodirecci\u00f3n Alfa Romeo 147 1.9 8V JTD NUEVO ORIGINAL"},"content":{"rendered":"<p>50501667 Juego de tubos del dep\u00f3sito a la cremallera de direcci\u00f3n de:<br \/>\nALFA ROMEO &#8211; W8 147 (2000-2010) 1910\u00a0JTD\u00a0CF3\u00a08V\u00a0115CV\/85\u00a0KW<br \/>\nALFA ROMEO &#8211; W8 147 (2000-2010) 1910\u00a0JTD\u00a0CF4\u00a08V\u00a0115CV\/85KW\u00a0MENOR POT\u00a0BEL. \/ 1.9\u00a0JTD\u00a08V\u00a0CF4<\/p>\n<p>LA PIEZA ES NUEVA Y ORIGINAL.<\/p>\n","protected":false},"excerpt":{"rendered":"<p>50501667 Juego de tubos del dep\u00f3sito a la cremallera de direcci\u00f3n de: ALFA ROMEO &#8211; W8 147 (2000-2010) 1910\u00a0JTD\u00a0CF3\u00a08V\u00a0115CV\/85\u00a0KW ALFA ROMEO &#8211; W8 147 (2000-2010) 1910\u00a0JTD\u00a0CF4\u00a08V\u00a0115CV\/85KW\u00a0MENOR POT\u00a0BEL. \/ 1.9\u00a0JTD\u00a08V\u00a0CF4 LA PIEZA ES NUEVA Y ORIGINAL.<\/p>\n","protected":false},"featured_media":77765,"template":"","meta":{"_seopress_robots_primary_cat":"","_seopress_titles_title":"","_seopress_titles_desc":"","_seopress_robots_index":""},"product_cat":[44,16],"product_tag":[],"class_list":{"0":"post-74007","1":"product","2":"type-product","3":"status-publish","4":"has-post-thumbnail","6":"product_cat-recambios-alfa-romeo-147","7":"product_cat-recambios-alfa-romeo","9":"first","10":"outofstock","11":"taxable","12":"shipping-taxable","13":"purchasable","14":"product-type-simple"},"_links":{"self":[{"href":"https:\/\/galicianparts.com\/shop\/wp-json\/wp\/v2\/product\/74007"}],"collection":[{"href":"https:\/\/galicianparts.com\/shop\/wp-json\/wp\/v2\/product"}],"about":[{"href":"https:\/\/galicianparts.com\/shop\/wp-json\/wp\/v2\/types\/product"}],"wp:featuredmedia":[{"embeddable":true,"href":"https:\/\/galicianparts.com\/shop\/wp-json\/wp\/v2\/media\/77765"}],"wp:attachment":[{"href":"https:\/\/galicianparts.com\/shop\/wp-json\/wp\/v2\/media?parent=74007"}],"wp:term":[{"taxonomy":"product_cat","embeddable":true,"href":"https:\/\/galicianparts.com\/shop\/wp-json\/wp\/v2\/product_cat?post=74007"},{"taxonomy":"product_tag","embeddable":true,"href":"https:\/\/galicianparts.com\/shop\/wp-json\/wp\/v2\/product_tag?post=74007"}],"curies":[{"name":"wp","href":"https:\/\/api.w.org\/{rel}","templated":true}]}}