{"id":74245,"date":"2023-05-31T09:54:05","date_gmt":"2023-05-31T07:54:05","guid":{"rendered":"https:\/\/galicianparts.com\/shop\/producto\/95556710-capuchon-palier-lado-rueda-fiat-242-citroen-c35-nuevo-original\/"},"modified":"2023-05-31T09:59:21","modified_gmt":"2023-05-31T07:59:21","slug":"95556710-capuchon-palier-lado-rueda-fiat-242-citroen-c35-nuevo-original","status":"publish","type":"product","link":"https:\/\/galicianparts.com\/shop\/producto\/95556710-capuchon-palier-lado-rueda-fiat-242-citroen-c35-nuevo-original\/","title":{"rendered":"95556710 Capuch\u00f3n palier lado rueda Fiat 242 \/ Citro\u00ebn C35 NUEVO ORIGINAL"},"content":{"rendered":"<p>Guardapolvo de la junta homocin\u00e9tica de los semiejes de transmisi\u00f3n de:<br \/>\nDi\u00e1metro barra: 27 mm<br \/>\nDi\u00e1metro junta homocin\u00e9tica: 102 mm<br \/>\nAltura: 81 mm<\/p>\n<p>FIAT 242<br \/>\n1.6, A\u00f1o 10.1975 &#8211; 07.1982, 1585 , 63<br \/>\n1.9, A\u00f1o 10.1975 &#8211; 07.1982, 1995 , 69<br \/>\n2.2 D, A\u00f1o 10.1975 &#8211; 08.1980, 2175 , 63<br \/>\n2.5 D, A\u00f1o 08.1980 &#8211; 07.1982, 2498 , 71<\/p>\n<p>CITRO\u00cbN C35<br \/>\n2.0, A\u00f1o 12.1973 &#8211; 01.1994, 1985 , 88<br \/>\n2.2 D, A\u00f1o 12.1973 &#8211; 01.1980, 2175 , 61<br \/>\n2.5 D, A\u00f1o 03.1980 &#8211; 01.1994, 2498 , 69<\/p>\n<p>LA PIEZA ES NUEVA Y ORIGINAL.<\/p>\n","protected":false},"excerpt":{"rendered":"<p>Guardapolvo de la junta homocin\u00e9tica de los semiejes de transmisi\u00f3n de: Di\u00e1metro barra: 27 mm Di\u00e1metro junta homocin\u00e9tica: 102 mm Altura: 81 mm FIAT 242 1.6, A\u00f1o 10.1975 &#8211; 07.1982, 1585 , 63 1.9, A\u00f1o 10.1975 &#8211; 07.1982, 1995 , 69 2.2 D, A\u00f1o 10.1975 &#8211; 08.1980, 2175 , 63 2.5 D, A\u00f1o 08.1980 &#8211; [&hellip;]<\/p>\n","protected":false},"featured_media":74246,"template":"","meta":{"_seopress_robots_primary_cat":"","_seopress_titles_title":"","_seopress_titles_desc":"","_seopress_robots_index":""},"product_cat":[73,133,23,20],"product_tag":[],"class_list":{"0":"post-74245","1":"product","2":"type-product","3":"status-publish","4":"has-post-thumbnail","6":"product_cat-recambios-fiat-242","7":"product_cat-recambios-citroen-c35","8":"product_cat-recambios-citroen","9":"product_cat-recambios-fiat","11":"first","12":"instock","13":"taxable","14":"shipping-taxable","15":"purchasable","16":"product-type-simple"},"_links":{"self":[{"href":"https:\/\/galicianparts.com\/shop\/wp-json\/wp\/v2\/product\/74245"}],"collection":[{"href":"https:\/\/galicianparts.com\/shop\/wp-json\/wp\/v2\/product"}],"about":[{"href":"https:\/\/galicianparts.com\/shop\/wp-json\/wp\/v2\/types\/product"}],"wp:featuredmedia":[{"embeddable":true,"href":"https:\/\/galicianparts.com\/shop\/wp-json\/wp\/v2\/media\/74246"}],"wp:attachment":[{"href":"https:\/\/galicianparts.com\/shop\/wp-json\/wp\/v2\/media?parent=74245"}],"wp:term":[{"taxonomy":"product_cat","embeddable":true,"href":"https:\/\/galicianparts.com\/shop\/wp-json\/wp\/v2\/product_cat?post=74245"},{"taxonomy":"product_tag","embeddable":true,"href":"https:\/\/galicianparts.com\/shop\/wp-json\/wp\/v2\/product_tag?post=74245"}],"curies":[{"name":"wp","href":"https:\/\/api.w.org\/{rel}","templated":true}]}}