{"id":74405,"date":"2023-06-01T12:16:29","date_gmt":"2023-06-01T10:16:29","guid":{"rendered":"https:\/\/galicianparts.com\/shop\/producto\/735385169-embellecedor-pilar-delantero-der-lancia-musa-2004-2012-nuevo-original\/"},"modified":"2023-06-01T12:18:53","modified_gmt":"2023-06-01T10:18:53","slug":"735385169-embellecedor-pilar-delantero-der-lancia-musa-2004-2012-nuevo-original","status":"publish","type":"product","link":"https:\/\/galicianparts.com\/shop\/producto\/735385169-embellecedor-pilar-delantero-der-lancia-musa-2004-2012-nuevo-original\/","title":{"rendered":"735385169 Embellecedor pilar delantero der. Lancia Musa (2004-2012) NUEVO ORIGINAL"},"content":{"rendered":"<p>Guarnecido, tapizado del montante del pilar A derecho de:<br \/>\nLANCIA &#8211; TG MUSA (2004-2007)<br \/>\nLANCIA &#8211; TJ MUSA (2007-2011) AIR BAG LATERALES PROTECCI\u00d3N CABEZA<br \/>\nLANCIA &#8211; TJ MUSA (2007-2011) SIN AIR BAG LATERALES PROTECCI\u00d3N CABEZA<br \/>\nLANCIA &#8211; 43 MUSA FLL (2011-2012) AIR BAG LATERALES PROTECCI\u00d3N CABEZA<\/p>\n<p>LA PIEZA ES NUEVA Y ORIGINAL.<\/p>\n","protected":false},"excerpt":{"rendered":"<p>Guarnecido, tapizado del montante del pilar A derecho de: LANCIA &#8211; TG MUSA (2004-2007) LANCIA &#8211; TJ MUSA (2007-2011) AIR BAG LATERALES PROTECCI\u00d3N CABEZA LANCIA &#8211; TJ MUSA (2007-2011) SIN AIR BAG LATERALES PROTECCI\u00d3N CABEZA LANCIA &#8211; 43 MUSA FLL (2011-2012) AIR BAG LATERALES PROTECCI\u00d3N CABEZA LA PIEZA ES NUEVA Y ORIGINAL.<\/p>\n","protected":false},"featured_media":74408,"template":"","meta":{"_seopress_robots_primary_cat":"","_seopress_titles_title":"","_seopress_titles_desc":"","_seopress_robots_index":""},"product_cat":[21,121],"product_tag":[],"class_list":{"0":"post-74405","1":"product","2":"type-product","3":"status-publish","4":"has-post-thumbnail","6":"product_cat-recambios-lancia","7":"product_cat-recambios-lancia-musa","9":"first","10":"instock","11":"taxable","12":"shipping-taxable","13":"purchasable","14":"product-type-simple"},"_links":{"self":[{"href":"https:\/\/galicianparts.com\/shop\/wp-json\/wp\/v2\/product\/74405"}],"collection":[{"href":"https:\/\/galicianparts.com\/shop\/wp-json\/wp\/v2\/product"}],"about":[{"href":"https:\/\/galicianparts.com\/shop\/wp-json\/wp\/v2\/types\/product"}],"wp:featuredmedia":[{"embeddable":true,"href":"https:\/\/galicianparts.com\/shop\/wp-json\/wp\/v2\/media\/74408"}],"wp:attachment":[{"href":"https:\/\/galicianparts.com\/shop\/wp-json\/wp\/v2\/media?parent=74405"}],"wp:term":[{"taxonomy":"product_cat","embeddable":true,"href":"https:\/\/galicianparts.com\/shop\/wp-json\/wp\/v2\/product_cat?post=74405"},{"taxonomy":"product_tag","embeddable":true,"href":"https:\/\/galicianparts.com\/shop\/wp-json\/wp\/v2\/product_tag?post=74405"}],"curies":[{"name":"wp","href":"https:\/\/api.w.org\/{rel}","templated":true}]}}