{"id":74461,"date":"2023-06-02T09:30:20","date_gmt":"2023-06-02T07:30:20","guid":{"rendered":"https:\/\/galicianparts.com\/shop\/producto\/1498471087-amortiguador-delantero-izq-fiat-ulysse-lancia-phedra-citroen-c8-peugeot-807-original\/"},"modified":"2024-10-17T12:23:17","modified_gmt":"2024-10-17T10:23:17","slug":"1498471087-amortiguador-delantero-izq-fiat-ulysse-lancia-phedra-citroen-c8-peugeot-807-original","status":"publish","type":"product","link":"https:\/\/galicianparts.com\/shop\/producto\/1498471087-amortiguador-delantero-izq-fiat-ulysse-lancia-phedra-citroen-c8-peugeot-807-original\/","title":{"rendered":"1498471087 Amortiguador delantero izq. Fiat Ulysse \/Lancia Phedra \/Citro\u00ebn C8 \/Peugeot 807 ORIGINAL"},"content":{"rendered":"<p>Amortiguador izquierdo de presi\u00f3n de gas de la suspensi\u00f3n delantera de:<\/p>\n<p>FIAT Ulysse II (179)<br \/>\n2.0, A\u00f1o 08.2002 &#8211; 06.2011, 1997 , 136<br \/>\n2.0 D Multijet, A\u00f1o 05.2006 &#8211; 06.2011, 1997 , 120<br \/>\n2.0 D Multijet, A\u00f1o 05.2006 &#8211; 06.2011, 1997 , 136<br \/>\n2.0 JTD, A\u00f1o 05.2003 &#8211; 08.2006, 1997 , 107<br \/>\n2.2 D Multijet, A\u00f1o 03.2008 &#8211; 06.2011, 2179 , 170<br \/>\n2.2 JTD, A\u00f1o 08.2002 &#8211; 08.2006, 2179 , 128<br \/>\n2.2 JTD, A\u00f1o 03.2008 &#8211; 06.2011, 2179 , 163<br \/>\n3.0, A\u00f1o 08.2002 &#8211; 06.2011, 2946 , 204<\/p>\n<p>LANCIA Phedra (179)<br \/>\n2.0, A\u00f1o 09.2002 &#8211; 11.2010, 1997 , 136<br \/>\n2.0 D Multijet, A\u00f1o 07.2006 &#8211; 11.2010, 1997 , 136<br \/>\n2.0 JTD, A\u00f1o 07.2003 &#8211; 11.2010, 1997 , 107<br \/>\n2.0 JTD, A\u00f1o 06.2006 &#8211; 11.2010, 1997 , 120<br \/>\n2.0 JTD, A\u00f1o 09.2002 &#8211; 11.2010, 1997 , 109<br \/>\n2.2 D Multijet, A\u00f1o 03.2008 &#8211; 11.2010, 2179 , 170<br \/>\n2.2 JTD, A\u00f1o 04.2006 &#8211; 11.2010, 2179 , 163<br \/>\n2.2 JTD, A\u00f1o 09.2002 &#8211; 11.2010, 2179 , 128<br \/>\n3.0 V6, A\u00f1o 09.2002 &#8211; 11.2010, 2946 , 204<\/p>\n<p>CITRO\u00cbN C8<br \/>\n2.0, A\u00f1o 07.2002 &#8211; &#8230;, 1997 , 136<br \/>\n2.0 16V, A\u00f1o 09.2005 &#8211; &#8230;, 1997 , 140<br \/>\n2.0 HDi, A\u00f1o 07.2002 &#8211; &#8230;, 1997 , 107<br \/>\n2.0 HDi, A\u00f1o 07.2002 &#8211; &#8230;, 1997 , 109<br \/>\n2.0 HDi, A\u00f1o 07.2002 &#8211; &#8230;, 1997 , 110<br \/>\n2.0 HDi, A\u00f1o 07.2006 &#8211; &#8230;, 1997 , 120<br \/>\n2.0 HDi 135, A\u00f1o 03.2006 &#8211; &#8230;, 1997 , 136<br \/>\n2.2, A\u00f1o 07.2002 &#8211; &#8230;, 2230 , 158<br \/>\n2.2 HDi, A\u00f1o 07.2002 &#8211; &#8230;, 2179 , 128<br \/>\n2.2 HDi, A\u00f1o 06.2007 &#8211; &#8230;, 2179 , 163<br \/>\n2.2 HDi, A\u00f1o 06.2006 &#8211; &#8230;, 2179 , 170<br \/>\n3.0 V6, A\u00f1o 07.2002 &#8211; &#8230;, 2946 , 204<\/p>\n<p>PEUGEOT 807<br \/>\n2.0, A\u00f1o 06.2002 &#8211; &#8230;, 1997 , 136<br \/>\n2.0 16V, A\u00f1o 09.2005 &#8211; &#8230;, 1997 , 140<br \/>\n2.0 HDi, A\u00f1o 06.2002 &#8211; &#8230;, 1997 , 107<br \/>\n2.0 HDi, A\u00f1o 04.2004 &#8211; 05.2006, 1997 , 109<br \/>\n2.0 HDi, A\u00f1o 02.2006 &#8211; &#8230;, 1997 , 120<br \/>\n2.0 HDI, A\u00f1o 06.2006 &#8211; &#8230;, 1997 , 136<br \/>\n2.0 HDi, A\u00f1o 06.2009 &#8211; &#8230;, 1997 , 163<br \/>\n2.2, A\u00f1o 06.2002 &#8211; &#8230;, 2230 , 158<br \/>\n2.2 HDi, A\u00f1o 06.2002 &#8211; &#8230;, 2179 , 128<\/p>\n<p>LA PIEZA ES NUEVA Y ORIGINAL.<\/p>\n","protected":false},"excerpt":{"rendered":"<p>Amortiguador izquierdo de presi\u00f3n de gas de la suspensi\u00f3n delantera de: FIAT Ulysse II (179) 2.0, A\u00f1o 08.2002 &#8211; 06.2011, 1997 , 136 2.0 D Multijet, A\u00f1o 05.2006 &#8211; 06.2011, 1997 , 120 2.0 D Multijet, A\u00f1o 05.2006 &#8211; 06.2011, 1997 , 136 2.0 JTD, A\u00f1o 05.2003 &#8211; 08.2006, 1997 , 107 2.2 D Multijet, [&hellip;]<\/p>\n","protected":false},"featured_media":74469,"template":"","meta":{"_seopress_robots_primary_cat":"","_seopress_titles_title":"","_seopress_titles_desc":"","_seopress_robots_index":""},"product_cat":[182,181,23,20,21,24,122,113],"product_tag":[],"class_list":{"0":"post-74461","1":"product","2":"type-product","3":"status-publish","4":"has-post-thumbnail","6":"product_cat-recambios-peugeot-807","7":"product_cat-recambios-citroen-c8","8":"product_cat-recambios-citroen","9":"product_cat-recambios-fiat","10":"product_cat-recambios-lancia","11":"product_cat-recambios-peugeot","12":"product_cat-recambios-lancia-phedra","13":"product_cat-recambios-fiat-ulysse","15":"first","16":"instock","17":"taxable","18":"shipping-taxable","19":"purchasable","20":"product-type-simple"},"_links":{"self":[{"href":"https:\/\/galicianparts.com\/shop\/wp-json\/wp\/v2\/product\/74461"}],"collection":[{"href":"https:\/\/galicianparts.com\/shop\/wp-json\/wp\/v2\/product"}],"about":[{"href":"https:\/\/galicianparts.com\/shop\/wp-json\/wp\/v2\/types\/product"}],"wp:featuredmedia":[{"embeddable":true,"href":"https:\/\/galicianparts.com\/shop\/wp-json\/wp\/v2\/media\/74469"}],"wp:attachment":[{"href":"https:\/\/galicianparts.com\/shop\/wp-json\/wp\/v2\/media?parent=74461"}],"wp:term":[{"taxonomy":"product_cat","embeddable":true,"href":"https:\/\/galicianparts.com\/shop\/wp-json\/wp\/v2\/product_cat?post=74461"},{"taxonomy":"product_tag","embeddable":true,"href":"https:\/\/galicianparts.com\/shop\/wp-json\/wp\/v2\/product_tag?post=74461"}],"curies":[{"name":"wp","href":"https:\/\/api.w.org\/{rel}","templated":true}]}}