{"id":74652,"date":"2023-06-08T09:15:26","date_gmt":"2023-06-08T07:15:26","guid":{"rendered":"https:\/\/galicianparts.com\/shop\/producto\/4174313-protector-guia-delantera-cristal-puertas-fiat-126-1987-1999-nuevo-original\/"},"modified":"2023-06-08T09:20:16","modified_gmt":"2023-06-08T07:20:16","slug":"4174313-protector-guia-delantera-cristal-puertas-fiat-126-1987-1999-nuevo-original","status":"publish","type":"product","link":"https:\/\/galicianparts.com\/shop\/producto\/4174313-protector-guia-delantera-cristal-puertas-fiat-126-1987-1999-nuevo-original\/","title":{"rendered":"4174313 Protector gu\u00eda delantera cristal puertas Fiat 126 (1987-1999) NUEVO ORIGINAL"},"content":{"rendered":"<p>Perfil de pl\u00e1stico de la gu\u00eda delantera del cristal de la ventanilla de las puertas de:<br \/>\nLargo: 1000 mm<\/p>\n<p>FIAT &#8211; MD 126 BIS (1987-1999)<\/p>\n<p>LA PIEZA ES NUEVA Y ORIGINAL.<\/p>\n","protected":false},"excerpt":{"rendered":"<p>Perfil de pl\u00e1stico de la gu\u00eda delantera del cristal de la ventanilla de las puertas de: Largo: 1000 mm FIAT &#8211; MD 126 BIS (1987-1999) LA PIEZA ES NUEVA Y ORIGINAL.<\/p>\n","protected":false},"featured_media":74656,"template":"","meta":{"_seopress_robots_primary_cat":"","_seopress_titles_title":"","_seopress_titles_desc":"","_seopress_robots_index":""},"product_cat":[67,20],"product_tag":[],"class_list":{"0":"post-74652","1":"product","2":"type-product","3":"status-publish","4":"has-post-thumbnail","6":"product_cat-recambios-fiat-126","7":"product_cat-recambios-fiat","9":"first","10":"instock","11":"taxable","12":"shipping-taxable","13":"purchasable","14":"product-type-simple"},"_links":{"self":[{"href":"https:\/\/galicianparts.com\/shop\/wp-json\/wp\/v2\/product\/74652"}],"collection":[{"href":"https:\/\/galicianparts.com\/shop\/wp-json\/wp\/v2\/product"}],"about":[{"href":"https:\/\/galicianparts.com\/shop\/wp-json\/wp\/v2\/types\/product"}],"wp:featuredmedia":[{"embeddable":true,"href":"https:\/\/galicianparts.com\/shop\/wp-json\/wp\/v2\/media\/74656"}],"wp:attachment":[{"href":"https:\/\/galicianparts.com\/shop\/wp-json\/wp\/v2\/media?parent=74652"}],"wp:term":[{"taxonomy":"product_cat","embeddable":true,"href":"https:\/\/galicianparts.com\/shop\/wp-json\/wp\/v2\/product_cat?post=74652"},{"taxonomy":"product_tag","embeddable":true,"href":"https:\/\/galicianparts.com\/shop\/wp-json\/wp\/v2\/product_tag?post=74652"}],"curies":[{"name":"wp","href":"https:\/\/api.w.org\/{rel}","templated":true}]}}