{"id":75163,"date":"2023-06-20T11:20:48","date_gmt":"2023-06-20T09:20:48","guid":{"rendered":"https:\/\/galicianparts.com\/shop\/producto\/4400850-pack-4-arandelas-35x16mm-fiat-lancia-seat-clasico-nuevo-original\/"},"modified":"2023-06-20T11:24:11","modified_gmt":"2023-06-20T09:24:11","slug":"4400850-pack-4-arandelas-35x16mm-fiat-lancia-seat-clasico-nuevo-original","status":"publish","type":"product","link":"https:\/\/galicianparts.com\/shop\/producto\/4400850-pack-4-arandelas-35x16mm-fiat-lancia-seat-clasico-nuevo-original\/","title":{"rendered":"4400850 Pack 4 arandelas 35x16mm Fiat \/ Lancia \/ Seat cl\u00e1sico NUEVO ORIGINAL"},"content":{"rendered":"<p>Juego, set de 4 platillos de Fiat, Lancia, Seat cl\u00e1sico.<br \/>\nDi\u00e1metro exterior: 35mm<br \/>\nDi\u00e1metro interior: 16mm<\/p>\n<p>LA PIEZA ES NUEVA Y ORIGINAL.<\/p>\n","protected":false},"excerpt":{"rendered":"<p>Juego, set de 4 platillos de Fiat, Lancia, Seat cl\u00e1sico. Di\u00e1metro exterior: 35mm Di\u00e1metro interior: 16mm LA PIEZA ES NUEVA Y ORIGINAL.<\/p>\n","protected":false},"featured_media":75164,"template":"","meta":{"_seopress_robots_primary_cat":"","_seopress_titles_title":"","_seopress_titles_desc":"","_seopress_robots_index":""},"product_cat":[20,21,26],"product_tag":[],"class_list":{"0":"post-75163","1":"product","2":"type-product","3":"status-publish","4":"has-post-thumbnail","6":"product_cat-recambios-fiat","7":"product_cat-recambios-lancia","8":"product_cat-recambios-seat","10":"first","11":"instock","12":"taxable","13":"shipping-taxable","14":"purchasable","15":"product-type-simple"},"_links":{"self":[{"href":"https:\/\/galicianparts.com\/shop\/wp-json\/wp\/v2\/product\/75163"}],"collection":[{"href":"https:\/\/galicianparts.com\/shop\/wp-json\/wp\/v2\/product"}],"about":[{"href":"https:\/\/galicianparts.com\/shop\/wp-json\/wp\/v2\/types\/product"}],"wp:featuredmedia":[{"embeddable":true,"href":"https:\/\/galicianparts.com\/shop\/wp-json\/wp\/v2\/media\/75164"}],"wp:attachment":[{"href":"https:\/\/galicianparts.com\/shop\/wp-json\/wp\/v2\/media?parent=75163"}],"wp:term":[{"taxonomy":"product_cat","embeddable":true,"href":"https:\/\/galicianparts.com\/shop\/wp-json\/wp\/v2\/product_cat?post=75163"},{"taxonomy":"product_tag","embeddable":true,"href":"https:\/\/galicianparts.com\/shop\/wp-json\/wp\/v2\/product_tag?post=75163"}],"curies":[{"name":"wp","href":"https:\/\/api.w.org\/{rel}","templated":true}]}}