{"id":75321,"date":"2023-06-22T13:15:09","date_gmt":"2023-06-22T11:15:09","guid":{"rendered":"https:\/\/galicianparts.com\/shop\/producto\/4483134-pack-3-grapas-anclaje-fiat-lancia-seat-clasico-nuevo-original\/"},"modified":"2023-11-18T20:25:07","modified_gmt":"2023-11-18T18:25:07","slug":"4483134-pack-3-grapas-anclaje-fiat-lancia-seat-clasico-nuevo-original","status":"publish","type":"product","link":"https:\/\/galicianparts.com\/shop\/producto\/4483134-pack-3-grapas-anclaje-fiat-lancia-seat-clasico-nuevo-original\/","title":{"rendered":"4483134 Pack 3 grapas anclaje Fiat \/Lancia \/Seat cl\u00e1sico NUEVO ORIGINAL"},"content":{"rendered":"<p>Juego, set de 3 clips de pl\u00e1stico de soporte de Fiat, Lancia, Seat cl\u00e1sico<\/p>\n<p>LA PIEZA ES NUEVA Y ORIGINAL.<\/p>\n","protected":false},"excerpt":{"rendered":"<p>Juego, set de 3 clips de pl\u00e1stico de soporte de Fiat, Lancia, Seat cl\u00e1sico LA PIEZA ES NUEVA Y ORIGINAL.<\/p>\n","protected":false},"featured_media":75322,"template":"","meta":{"_seopress_robots_primary_cat":"","_seopress_titles_title":"","_seopress_titles_desc":"","_seopress_robots_index":""},"product_cat":[20,21,26],"product_tag":[],"class_list":{"0":"post-75321","1":"product","2":"type-product","3":"status-publish","4":"has-post-thumbnail","6":"product_cat-recambios-fiat","7":"product_cat-recambios-lancia","8":"product_cat-recambios-seat","10":"first","11":"outofstock","12":"taxable","13":"shipping-taxable","14":"purchasable","15":"product-type-simple"},"_links":{"self":[{"href":"https:\/\/galicianparts.com\/shop\/wp-json\/wp\/v2\/product\/75321"}],"collection":[{"href":"https:\/\/galicianparts.com\/shop\/wp-json\/wp\/v2\/product"}],"about":[{"href":"https:\/\/galicianparts.com\/shop\/wp-json\/wp\/v2\/types\/product"}],"wp:featuredmedia":[{"embeddable":true,"href":"https:\/\/galicianparts.com\/shop\/wp-json\/wp\/v2\/media\/75322"}],"wp:attachment":[{"href":"https:\/\/galicianparts.com\/shop\/wp-json\/wp\/v2\/media?parent=75321"}],"wp:term":[{"taxonomy":"product_cat","embeddable":true,"href":"https:\/\/galicianparts.com\/shop\/wp-json\/wp\/v2\/product_cat?post=75321"},{"taxonomy":"product_tag","embeddable":true,"href":"https:\/\/galicianparts.com\/shop\/wp-json\/wp\/v2\/product_tag?post=75321"}],"curies":[{"name":"wp","href":"https:\/\/api.w.org\/{rel}","templated":true}]}}