{"id":75326,"date":"2023-06-22T13:25:14","date_gmt":"2023-06-22T11:25:14","guid":{"rendered":"https:\/\/galicianparts.com\/shop\/producto\/7609872-pack-2-silentblock-d-12mm-soporte-fiat-punto-gt-barchetta-lancia-alfa-original\/"},"modified":"2025-08-01T14:16:46","modified_gmt":"2025-08-01T12:16:46","slug":"7609872-pack-2-silentblock-d-12mm-soporte-fiat-punto-gt-barchetta-lancia-alfa-original","status":"publish","type":"product","link":"https:\/\/galicianparts.com\/shop\/producto\/7609872-pack-2-silentblock-d-12mm-soporte-fiat-punto-gt-barchetta-lancia-alfa-original\/","title":{"rendered":"7609872 Pack 2 silentblock D 12mm soporte Fiat Punto GT \/Barchetta \/Lancia \/Alfa ORIGINAL"},"content":{"rendered":"<p>Juego, set de 2 casquillos de goma de anclaje del radiador, caja del filtro de aire, m\u00f3dulo ABS, etc&#8230; de:<br \/>\nDi\u00e1metro interior: 12 mm<br \/>\nDi\u00e1metro anclaje: 20 mm<br \/>\nAltura: 19 mm<\/p>\n<p>FIAT &#8211; PK BARCHETTA (1995-2004) 1.8 16V (183A1000)<br \/>\nFIAT &#8211; PK BARCHETTA (1995-2004) 1.8 16V (188A6000)<br \/>\nFIAT &#8211; NM CINQUECENTO (1992-1998) 704 CARB. \/ 704 CARB.USA&#8217;83<br \/>\nFIAT &#8211; NM CINQUECENTO (1992-1998) 903 CARB. \/ 903 SPI\u00bbW\u00bb USA&#8217;83 \/ 899 SPI\u00bbW\u00bb \/ 899 CARB.<br \/>\nFIAT &#8211; PC COUPE&#8217; (1994-1996) 2000 ASPIRATO \/ 2000 TURBO \/ 2000 ASP. (BRASILE)<br \/>\nFIAT &#8211; PC COUPE&#8217; (1994-1996) 1750 16V CEE F2<br \/>\nFIAT &#8211; PX COUPE&#8217; GAMMA&#8217;96 (1996-2000) 1750 16V ASP.<br \/>\nFIAT &#8211; PX COUPE&#8217; GAMMA&#8217;96 (1996-2000) 2000 20V 5CIL.ASP. \/ 2000 20V 5CIL.TB. \/ 2000 20V 5CIL.ASP.STEP-A<br \/>\nFIAT &#8211; PT MAREA BENZINA (1996-1999)<br \/>\nFIAT &#8211; 1Q MAREA BZ GAMMA&#8217;99 (1999-2002)<br \/>\nFIAT &#8211; PU MAREA DIESEL (1996-1999) 2400 TD<br \/>\nFIAT &#8211; PU MAREA DIESEL (1996-1999)<br \/>\nFIAT &#8211; 1R MAREA DS GAMMA&#8217;99 (1999-2002) ANTISKID<br \/>\nFIAT &#8211; NV PUNTO (1993-1997) 1.1 SPI 176A6000 \/ 1.2 SPI 176A7000 \/ 1.2 MPI \/ 1.2 SPI \u00abSELECTA \/ 1.1 SPI 176B2000 \/ 1.2 SPI CF2 176B4000<br \/>\nFIAT &#8211; NV PUNTO (1993-1997) 1.6 MPI<br \/>\nFIAT &#8211; NV PUNTO (1993-1997) AIRE ACONDICIONADO \/ 1.2 MPI \/ 1.2 SPI \u00abSELECTA \/ 1.2 SPI CF2 176B4000<br \/>\nFIAT &#8211; NV PUNTO (1993-1997) AIRE ACONDICIONADO \/ 1.6 MPI<br \/>\nFIAT &#8211; NV PUNTO (1993-1997) 1.2 SPI \u00abSELECTA \/ 1.2 SPI CF2 176B4000<br \/>\nFIAT &#8211; 1A PUNTO BZ. GAMMA &#8217;97 (1997-1999) 1372 MPI TURBO<br \/>\nFIAT &#8211; 1A PUNTO BZ. GAMMA &#8217;97 (1997-1999) 1108 SPI CF2 \/ 1242 SPI \/ 1242 MPI 8V \/ 1242 MPI 16V \/ 1108 SPI EM.04<br \/>\nFIAT &#8211; 1A PUNTO BZ. GAMMA &#8217;97 (1997-1999) AIRE ACONDICIONADO \/ 1242 SPI \/ 1242 MPI 8V<br \/>\nFIAT &#8211; 1A PUNTO BZ. GAMMA &#8217;97 (1997-1999) AIRE ACONDICIONADO \/ 1242 MPI 16V<br \/>\nFIAT &#8211; 1A PUNTO BZ. GAMMA &#8217;97 (1997-1999) AIRE ACONDICIONADO \/ 1372 MPI TURBO<br \/>\nFIAT &#8211; 1A PUNTO BZ. GAMMA &#8217;97 (1997-1999) AIRE ACONDICIONADO \/ 1108 SPI CF2<br \/>\nFIAT &#8211; 1A PUNTO BZ. GAMMA &#8217;97 (1997-1999) SELECTA<br \/>\nFIAT &#8211; PF PUNTO CABRIO (1994-1997)<br \/>\nFIAT &#8211; PF PUNTO CABRIO (1994-1997) 1580 MPI \/ AIRE ACONDICIONADO<br \/>\nFIAT &#8211; PF PUNTO CABRIO (1994-1997) 1242 SPI CF2 \/ \u00abELX\u00bb CAMBIO AUTOMATICO \/ AIRE ACONDICIONADO<br \/>\nFIAT &#8211; PF PUNTO CABRIO (1994-1997) \u00abELX\u00bb CAMBIO AUTOMATICO<br \/>\nFIAT &#8211; 1C PUNTO CABRIO GAMMA&#8217;97 (1997-2000) ELX SELECTA JAPON \/ AIRE ACONDICIONADO<br \/>\nFIAT &#8211; 1C PUNTO CABRIO GAMMA&#8217;97 (1997-2000) \u00abS\u00bb \/ AIRE ACONDICIONADO<br \/>\nFIAT &#8211; 1C PUNTO CABRIO GAMMA&#8217;97 (1997-2000) 1242 SPI \/ AIRE ACONDICIONADO<br \/>\nFIAT &#8211; 1C PUNTO CABRIO GAMMA&#8217;97 (1997-2000) \u00abELX\u00bb \/ AIRE ACONDICIONADO<br \/>\nFIAT &#8211; 1C PUNTO CABRIO GAMMA&#8217;97 (1997-2000) 1242 MPI 16V \/ AIRE ACONDICIONADO<br \/>\nFIAT &#8211; 1C PUNTO CABRIO GAMMA&#8217;97 (1997-2000)<br \/>\nFIAT &#8211; NX PUNTO D-TD (1993-1997) 1697 T.DS EM.08 (70 CV) \/ 1697 T.DS USA&#8217;87-CEE FASE 2 (70 CV)<br \/>\nFIAT &#8211; NX PUNTO D-TD (1993-1997) AIRE ACONDICIONADO \/ 1697 T.DS EM.08 (70 CV) \/ 1697 T.DS USA&#8217;87-CEE FASE 2 (70 CV)<br \/>\nFIAT &#8211; NX PUNTO D-TD (1993-1997)<br \/>\nFIAT &#8211; NX PUNTO D-TD (1993-1997) AIRE ACONDICIONADO<br \/>\nFIAT &#8211; NW PUNTO GT (1993-1997)<br \/>\nFIAT &#8211; NW PUNTO GT (1993-1997) AIRE ACONDICIONADO<br \/>\nFIAT &#8211; 1B PUNTO TB.DS. GAMMA&#8217;97 (1997-1999) AIRE ACONDICIONADO \/ 1697 T.DS EM.08 (72CV) \/ 1697 T.DS CF2 (69CV) \/ 1697 T.DS CF2 SOFT (63CV)<br \/>\nFIAT &#8211; 1B PUNTO TB.DS. GAMMA&#8217;97 (1997-1999)<br \/>\nFIAT &#8211; 1B PUNTO TB.DS. GAMMA&#8217;97 (1997-1999) AIRE ACONDICIONADO<br \/>\nFIAT &#8211; MV TEMPRA (1989-1993) 1370 \/ 1580<br \/>\nFIAT &#8211; MV TEMPRA (1989-1993) AIRE ACONDICIONADO \/ 1370 \/ 1580<br \/>\nFIAT &#8211; MW TEMPRA 1750-2000 (1989-1993)<br \/>\nFIAT &#8211; MX TEMPRA DIESEL-TURBO D. (1989-1993) 1930 ASPIRATO<br \/>\nFIAT &#8211; MX TEMPRA DIESEL-TURBO D. (1989-1993) 1930 TURBO \/ 1930 TURBO USA&#8217;87 (82CV) \/ 1930 TURBO USA&#8217;87 (92CV)<br \/>\nFIAT &#8211; NY TEMPRA MAQ.93 (&#8217;93-&#8217;96) 1580 CARB. \/ 1372 CARB. \/ 1580 CARB. 91RON<br \/>\nFIAT &#8211; NY TEMPRA MAQ.93 (&#8217;93-&#8217;96) 1580 MPI \u00abGM\u00bb<br \/>\nFIAT &#8211; NY TEMPRA MAQ.93 (&#8217;93-&#8217;96) 1372 SPI MJ \/ 1580 SPI \u00abB\u00bb \/ 1580 SPI SELECTA \/ 1580 MPI \u00abGM\u00bb \/ 1372 SPI MM<br \/>\nFIAT &#8211; NY TEMPRA MAQ.93 (&#8217;93-&#8217;96) 1580 CARB.<br \/>\nFIAT &#8211; NY TEMPRA MAQ.93 (&#8217;93-&#8217;96) AIRE ACONDICIONADO \/ 1580 CARB. \/ 1372 CARB. \/ 1580 CARB. 91RON \/ ESTE EUROPA<br \/>\nFIAT &#8211; NZ TEMPRA MAQ.93 1750-2000 (&#8217;93-&#8217;96)<br \/>\nFIAT &#8211; NJ TEMPRA MQ.93 D-TD (1993-1996) 1930 ASPIRATO<br \/>\nFIAT &#8211; NJ TEMPRA MQ.93 D-TD (1993-1996) 1930 TURBO \/ 1930 TURBO USA&#8217;87-CF2<br \/>\nFIAT &#8211; NJ TEMPRA MQ.93 D-TD (1993-1996)<br \/>\nFIAT &#8211; ME TIPO (1987-1993) 1370 CARB. (76CV) \/ 1580 CARB.(85CV)<br \/>\nFIAT &#8211; ME TIPO (1987-1993) 1100 CARB.<br \/>\nFIAT &#8211; ME TIPO (1987-1993) 1370 CARB. (69CV) \/ 1370 CARB. (76CV) \/ 1370 CARB. DAV-15 \/ 1370 SPI \/ 1580 CARB. (81CV) \/ 1580 CARB. (85CV) \/ 1580 SPI (78CV) \/ 1580 SPI (75CV)<br \/>\nFIAT &#8211; ME TIPO 1100-1370-1580 (1987-1993) AIRE ACONDICIONADO<br \/>\nFIAT &#8211; NG TIPO 1750-2000 (1990-1993)<br \/>\nFIAT &#8211; MF TIPO DIESEL-T.DS. (1987-1993) 1930 ASPIRADO<br \/>\nFIAT &#8211; MF TIPO DIESEL-T.DS. (1987-1993) 1930 TURBO \/ 1930 TURBO USA&#8217;87 (82CV) \/ 1930 TURBO USA&#8217;87 (92CV)<br \/>\nFIAT &#8211; NT TIPO MAQ.93 D-TD (1993-1995) 1930<br \/>\nFIAT &#8211; NT TIPO MAQ.93 D-TD (1993-1995) 1930 TURBO \/ 1930 TURBO USA&#8217;87-CF2<br \/>\nFIAT &#8211; NT TIPO MAQ.93 D-TD (1993-1995)<br \/>\nFIAT &#8211; NS TIPO MQ.93 (1993-1995) 1372 CARB. \/ 1580 CARB.(95 RON)<br \/>\nFIAT &#8211; NS TIPO MQ.93 (1993-1995) 1372 SPI MONOJETRONIC \/ 1372 CARB. \/ 1580 SPI \/ 1580 SPI SELECTA \/ 1580 CARB.(95 RON) \/ 1372 SPI MM<br \/>\nFIAT &#8211; NS TIPO MQ.93 1370-1580 (1993-1995) AIRE ACONDICIONADO<br \/>\nFIAT &#8211; NS TIPO MQ.93 (1993-1995) 1108 SPI<br \/>\nFIAT &#8211; NU TIPO MQ.93 1750-2000 (1993-1995)<br \/>\nFIAT &#8211; MP TIPO SPORT 16V IE. (1988-1993) 1750<br \/>\nFIAT &#8211; MP TIPO SPORT 16V IE. (1988-1993) 2000 USA&#8217;83<br \/>\nFIAT &#8211; MP TIPO SPORT 16V IE. (1988-1993)<br \/>\nALFA ROMEO &#8211; U1 145 (1994-1996) 1.3 8V \/ 1.6 8V<br \/>\nALFA ROMEO &#8211; U1 145 (1994-1996) 1.7 16V<br \/>\nALFA ROMEO &#8211; U1 145 (1994-1996) 1930 TB\/DS EM.08 \/ 1930 TB\/DS CEE FASE 2<br \/>\nALFA ROMEO &#8211; U1 145 (1994-1996) 1.3 8V \/ 1.6 8V \/ 1.7 16V<br \/>\nALFA ROMEO &#8211; U1 145 (1994-1996) 2.0 T.SPARK 16V \/ 2.0 T.SPARK 16V BR<br \/>\nALFA ROMEO &#8211; T5 145 GAMMA 97 (1997-1999) 1930 T.DS. CEE FASE 2 \/ 1930 T.DS. EM08 ARGENTINA<br \/>\nALFA ROMEO &#8211; T5 145 GAMMA 97 (1997-1999) 1400 T.S. \/ 1600 T.S.<br \/>\nALFA ROMEO &#8211; T5 145 GAMMA 97 (1997-1999) 1800 T.S(AR32201)STEP.A \/ 2000 T.S(AR32301)STEP.A \/ 1800 T.S.(AR67106) \/ 2000 T.S.(AR67204) \/ 1930 T.DS. CEE FASE 2 \/ 1930 T.DS. EM08 ARGENTINA \/ 2000 T.S.16V BRASIL \/ 1800 T.S.16V BRASIL<br \/>\nALFA ROMEO &#8211; W3 145 M.Y. &#8217;99 (1999-2000) 1400 T.S.16V \/ 1600 T.S.16V (AR67601) \/ 1600 T.S. 16V (AR32102) \/ 1800 T.S.16V<br \/>\nALFA ROMEO &#8211; W3 145 M.Y. &#8217;99 (1999-2000) 2000 T.S.16V<br \/>\nALFA ROMEO &#8211; W3 145 M.Y. &#8217;99 (1999-2000) 1910 JTD CF2<br \/>\nALFA ROMEO &#8211; U2 146 (1995-1996) 1.3 8V \/ 1.6 8V<br \/>\nALFA ROMEO &#8211; U2 146 (1995-1996) 1.7 16V<br \/>\nALFA ROMEO &#8211; U2 146 (1995-1996) 1.3 8V \/ 1.6 8V \/ 1.7 16V<br \/>\nALFA ROMEO &#8211; U2 146 (1995-1996) 2.0 T.SPARK 16V<br \/>\nALFA ROMEO &#8211; U2 146 (1995-1996) 1930 T.DS EM 08 \/ 1930 T.DS CEE FASE 2<br \/>\nALFA ROMEO &#8211; T6 146 GAMMA 97 (1997-1999) 1930 T.DS. CEE FASE 2 \/ 1930 T.DS. EM08 ARGENTINA<br \/>\nALFA ROMEO &#8211; T6 146 GAMMA 97 (1997-1999) 1400 T.S. 16V \/ 1600 T.S. 16V<br \/>\nALFA ROMEO &#8211; T6 146 GAMMA 97 (1997-1999) 1800 T.S.16V STEP.A \/ 2000 T.S.16V STEP.A \/ 1800 T.S. 16V \/ 2000 T.S. 16V<br \/>\nALFA ROMEO &#8211; W4 146 M.Y. &#8217;99 (1999-2000) 1400 T.S.16V \/ 1600 T.S.16V (AR67601) \/ 1600 T.S. 16V (AR32102) \/ 1800 T.S.16V<br \/>\nALFA ROMEO &#8211; W4 146 M.Y. &#8217;99 (1999-2000) 2000 T.S.16V<br \/>\nALFA ROMEO &#8211; W4 146 M.Y. &#8217;99 (1999-2000) 1910 JTD CF2<br \/>\nALFA ROMEO &#8211; U5 155 ASPIRATO (1992-1996) 1.7 T.S. \/ 1.8 T.S. \/ 2.0 T.S. 8 VAL.<br \/>\nALFA ROMEO &#8211; U5 155 ASPIRATO (1992-1996) 2.0 T.S. 16V (MY 95) \/ 2.0 T.S. 16V MY 95 (BRASIL)<br \/>\nALFA ROMEO &#8211; U5 155 ASPIRATO (1992-1996) 2.5 V6 \/ 2.5 V6 (MY.95)<br \/>\nALFA ROMEO &#8211; T3 155 GAMMA 96 BZ (1996-1997) 1600 T.S. 16V \/ 1800 T.S. 16V \/ 2000 T.S. 16V \/ 2000 T.S. 16V BRASIL<br \/>\nALFA ROMEO &#8211; T3 155 GAMMA 96 BZ (1996-1997) 2500 V6<br \/>\nALFA ROMEO &#8211; T4 155 GAMMA 96 DS (1996-1997) 1930 TD<br \/>\nALFA ROMEO &#8211; U6 155 TURBO BZ-DS (1992-1996) 1930 TD<br \/>\nALFA ROMEO &#8211; U8 GTV (1995-1998) 2000 T.S. 16V<br \/>\nALFA ROMEO &#8211; U8 GTV (1995-1998) 3000 V6 24V<br \/>\nALFA ROMEO &#8211; W0 GTV &#8217;98 (1998-2005) 1800 T.S.16V \/ 2000 T.S. CF2 \/ 2000 T.S. CF3 \/ 2000 JTS<br \/>\nALFA ROMEO &#8211; W0 GTV &#8217;98 (1998-2005) 3000 V6 24V \/ 3000 24V 6M CF3<br \/>\nALFA ROMEO &#8211; W0 GTV &#8217;98 (1998-2005) 2000 TB V6 \/ 3000 V6 24V \/ 3000 24V 6M CF3 \/ 3200 V6 24V<br \/>\nALFA ROMEO &#8211; U7 NUOVO SPIDER (1995-1998) 2000 T.SPARK 16V<br \/>\nALFA ROMEO &#8211; U7 NUOVO SPIDER (1995-1998) 3000 V6 12V \/ 3000 V6 12V BRASILE<br \/>\nALFA ROMEO &#8211; U9 SPIDER &#8217;98 (1998-2006) 1800 T.S.16V \/ 2000 T.S. CF2 \/ 2000 T.S. CF3 \/ 2000 JTS<br \/>\nALFA ROMEO &#8211; U9 SPIDER &#8217;98 (1998-2006) 3000 V6 12V \/ 3000 V6 12V BRASIL<br \/>\nALFA ROMEO &#8211; U9 SPIDER &#8217;98 (1998-2006) 3000 24V 6M CF3<br \/>\nALFA ROMEO &#8211; U9 SPIDER &#8217;98 (1998-2006) 3200 V6 24V<br \/>\nALFA ROMEO &#8211; U9 SPIDER &#8217;98 (1998-2006) 2000 TB V6 \/ 3000 V6 12V \/ 3000 V6 12V BRASIL<br \/>\nLANCIA &#8211; RY DEDRA BENZINA (1989-1994) 1800 \/ 1800 USA&#8217;83 105CV (77KW) \/ 1800 CC.(USA 83) 90CV (66KW) \/ 2000 \/ 2000 USA&#8217;83<br \/>\nLANCIA &#8211; RY DEDRA BENZINA (1989-1994) 1600 \/ 1600 USA&#8217;83 MONOJETRONIC \/ 1600 USA&#8217;83 MONOJMORONIC<br \/>\nLANCIA &#8211; SL DEDRA FL.94 (1994-1999) 1580 MPI 8V<br \/>\nLANCIA &#8211; SL DEDRA FL.94 (1994-1999) 2000 MPI C. AUT.<br \/>\nLANCIA &#8211; SL DEDRA FL.94 (1994-1999) 1750 16V CEE F2 115CV<br \/>\nLANCIA &#8211; SL DEDRA FL.94 (1994-1999) 1580 MPI 8V \/ 1580 SPI<br \/>\nLANCIA &#8211; SL DEDRA FL.94 (1994-1999) 1750 MPI<br \/>\nLANCIA &#8211; SL DEDRA FL.94 (1994-1999) 1580 MPI 16V<br \/>\nLANCIA &#8211; SM DEDRA FL.94 1750-2.0 (1994-1999) SEDAN LX 4X2 \/ S.W. LX 4X2<br \/>\nLANCIA &#8211; SM DEDRA FL.94 1750-2.0 (1994-1999) S.W. LS 4X2 \/ BN LS 4X2 \/ BN. &#8217;98 \/ S.W. &#8217;98<br \/>\nLANCIA &#8211; SM DEDRA FL.94 (1994-1999) 2000 16V<br \/>\nLANCIA &#8211; SM DEDRA FL.94 (1994-1999) 1750 16V 132CV<br \/>\nLANCIA &#8211; SN DEDRA FL.94 T.DS (1994-1999)<br \/>\nLANCIA &#8211; RJ DEDRA IE.TB.INTEGRALE (1990-1994)<br \/>\nLANCIA &#8211; RZ DEDRA TURBO DIESEL (1989-1994)<br \/>\nLANCIA &#8211; SX LYBRA BZ (1999-2005) 2.0 20V CF2 \/ 2.0 20V CF3 \/ 2.4 20V CF3<br \/>\nLANCIA &#8211; SY LYBRA DS (1999-2005)<br \/>\nLANCIA &#8211; SF N.DELTA (1993-1999) 1750 CEE F2 16V 115CV<br \/>\nLANCIA &#8211; SF N.DELTA (1993-1999) 1372 SPI\u00bbMJ\u00bb \/ 1580 8V \/ 1372 SPI\u00bbMM\u00bb CEE F2<br \/>\nLANCIA &#8211; SF N.DELTA (1993-1999) 1750 105CV (77KW) \/ 1750 90CV (66KW) \/ 1750 CEE F2 97CV (71KW) \/ 1750 CEE F2 90CV (66KW)<br \/>\nLANCIA &#8211; SF N.DELTA (1993-1999) 1580 CEE F2 16V 103CV \/ 1580 CEE F2 16V 90CV<br \/>\nLANCIA &#8211; SG N.DELTA (&#8217;93-&#8217;99) 1750 16V 132CV<br \/>\nLANCIA &#8211; SG N.DELTA (&#8217;93-&#8217;99) 2000 16V ASP.<br \/>\nLANCIA &#8211; SG N.DELTA (&#8217;93-&#8217;99) 2000 16V TB USA 83 \/ 2000 16V TB CEE F2<br \/>\nLANCIA &#8211; SQ N.DELTA TB\/DS (1994-1999)<br \/>\nLANCIA &#8211; SU Y (1995-2000) 1242 SPI 8V \/ 1242 MPI 16V CF2 \/ 1108 SPI<br \/>\nLANCIA &#8211; SU Y (1995-2000) 1370 12V 80CV (59 KW) \/ 1370 12V 75CV (55KW)<br \/>\nLANCIA &#8211; SU Y (1995-2000) AIRE ACONDICIONADO \/ 1242 SPI 8V<br \/>\nLANCIA &#8211; SU Y (1995-2000) 1242 SPI 8V \/ CAMBIO AUTOMATICO \/ AIRE ACONDICIONADO<br \/>\nLANCIA &#8211; SU Y (1995-2000) AIRE ACONDICIONADO \/ 1242 MPI 16V CF2<br \/>\nLANCIA &#8211; SU Y (1995-2000) CAMBIO AUTOMATICO<br \/>\nLANCIA &#8211; TA Y FL.2000 (2000-2003)<br \/>\nABARTH &#8211; 85 500 ABARTH MY2012 (2012-&#8230;.)<br \/>\nABARTH &#8211; 3R NUOVA 500 ABARTH (2008-2012)<\/p>\n<p>LA PIEZA ES NUEVA Y ORIGINAL.<\/p>\n","protected":false},"excerpt":{"rendered":"<p>Juego, set de 2 casquillos de goma de anclaje del radiador, caja del filtro de aire, m\u00f3dulo ABS, etc&#8230; de: Di\u00e1metro interior: 12 mm Di\u00e1metro anclaje: 20 mm Altura: 19 mm FIAT &#8211; PK BARCHETTA (1995-2004) 1.8 16V (183A1000) FIAT &#8211; PK BARCHETTA (1995-2004) 1.8 16V (188A6000) FIAT &#8211; NM CINQUECENTO (1992-1998) 704 CARB. \/ [&hellip;]<\/p>\n","protected":false},"featured_media":75327,"template":"","meta":{"_seopress_robots_primary_cat":"","_seopress_titles_title":"","_seopress_titles_desc":"","_seopress_robots_index":""},"product_cat":[45,46,48,74,16,80,84,85,117,118,20,55,21,120,95,101,56,111,112,127],"product_tag":[],"class_list":{"0":"post-75326","1":"product","2":"type-product","3":"status-publish","4":"has-post-thumbnail","6":"product_cat-recambios-alfa-romeo-145","7":"product_cat-recambios-alfa-romeo-146","8":"product_cat-recambios-alfa-romeo-155","9":"product_cat-recambios-fiat-500","10":"product_cat-recambios-alfa-romeo","11":"product_cat-recambios-fiat-barchetta","12":"product_cat-recambios-fiat-cinquecento","13":"product_cat-recambios-fiat-coupe","14":"product_cat-recambios-lancia-dedra","15":"product_cat-recambios-lancia-delta","16":"product_cat-recambios-fiat","17":"product_cat-recambios-alfa-romeo-gtv","18":"product_cat-recambios-lancia","19":"product_cat-recambios-lancia-lybra","20":"product_cat-recambios-fiat-marea","21":"product_cat-recambios-fiat-punto","22":"product_cat-recambios-alfa-romeo-spider","23":"product_cat-recambios-fiat-tempra","24":"product_cat-recambios-fiat-tipo","25":"product_cat-recambios-lancia-ypsilon","27":"first","28":"instock","29":"taxable","30":"shipping-taxable","31":"purchasable","32":"product-type-simple"},"_links":{"self":[{"href":"https:\/\/galicianparts.com\/shop\/wp-json\/wp\/v2\/product\/75326"}],"collection":[{"href":"https:\/\/galicianparts.com\/shop\/wp-json\/wp\/v2\/product"}],"about":[{"href":"https:\/\/galicianparts.com\/shop\/wp-json\/wp\/v2\/types\/product"}],"wp:featuredmedia":[{"embeddable":true,"href":"https:\/\/galicianparts.com\/shop\/wp-json\/wp\/v2\/media\/75327"}],"wp:attachment":[{"href":"https:\/\/galicianparts.com\/shop\/wp-json\/wp\/v2\/media?parent=75326"}],"wp:term":[{"taxonomy":"product_cat","embeddable":true,"href":"https:\/\/galicianparts.com\/shop\/wp-json\/wp\/v2\/product_cat?post=75326"},{"taxonomy":"product_tag","embeddable":true,"href":"https:\/\/galicianparts.com\/shop\/wp-json\/wp\/v2\/product_tag?post=75326"}],"curies":[{"name":"wp","href":"https:\/\/api.w.org\/{rel}","templated":true}]}}