{"id":75465,"date":"2023-06-28T09:12:09","date_gmt":"2023-06-28T07:12:09","guid":{"rendered":"https:\/\/galicianparts.com\/shop\/producto\/46477261-cableado-electrico-ac-y-antirrobo-lancia-delta-ii-2-0-16v-1993-1999-original\/"},"modified":"2023-06-28T12:52:00","modified_gmt":"2023-06-28T10:52:00","slug":"46477261-cableado-electrico-ac-y-antirrobo-lancia-delta-ii-2-0-16v-1993-1999-original","status":"publish","type":"product","link":"https:\/\/galicianparts.com\/shop\/producto\/46477261-cableado-electrico-ac-y-antirrobo-lancia-delta-ii-2-0-16v-1993-1999-original\/","title":{"rendered":"46477261 Cableado el\u00e9ctrico AC y antirrobo Lancia Delta HPE (1993-1999) ORIGINAL"},"content":{"rendered":"<p>Instalaci\u00f3n el\u00e9ctrica del aire acondicionado y el sistema antirrobo de:<br \/>\nLANCIA &#8211; SG N.DELTA (&#8217;93-&#8217;99) AIRE ACONDICIONADO \/ ANTIRROBO \/ (HPE-HF (GAMA 96) \/ HPE (GAMMA 97)) \/ 2000 16V TB CEE F2<\/p>\n<p>LA PIEZA ES NUEVA Y ORIGINAL.<\/p>\n","protected":false},"excerpt":{"rendered":"<p>Instalaci\u00f3n el\u00e9ctrica del aire acondicionado y el sistema antirrobo de: LANCIA &#8211; SG N.DELTA (&#8217;93-&#8217;99) AIRE ACONDICIONADO \/ ANTIRROBO \/ (HPE-HF (GAMA 96) \/ HPE (GAMMA 97)) \/ 2000 16V TB CEE F2 LA PIEZA ES NUEVA Y ORIGINAL.<\/p>\n","protected":false},"featured_media":75468,"template":"","meta":{"_seopress_robots_primary_cat":"","_seopress_titles_title":"","_seopress_titles_desc":"","_seopress_robots_index":""},"product_cat":[118,21],"product_tag":[],"class_list":{"0":"post-75465","1":"product","2":"type-product","3":"status-publish","4":"has-post-thumbnail","6":"product_cat-recambios-lancia-delta","7":"product_cat-recambios-lancia","9":"first","10":"instock","11":"taxable","12":"shipping-taxable","13":"purchasable","14":"product-type-simple"},"_links":{"self":[{"href":"https:\/\/galicianparts.com\/shop\/wp-json\/wp\/v2\/product\/75465"}],"collection":[{"href":"https:\/\/galicianparts.com\/shop\/wp-json\/wp\/v2\/product"}],"about":[{"href":"https:\/\/galicianparts.com\/shop\/wp-json\/wp\/v2\/types\/product"}],"wp:featuredmedia":[{"embeddable":true,"href":"https:\/\/galicianparts.com\/shop\/wp-json\/wp\/v2\/media\/75468"}],"wp:attachment":[{"href":"https:\/\/galicianparts.com\/shop\/wp-json\/wp\/v2\/media?parent=75465"}],"wp:term":[{"taxonomy":"product_cat","embeddable":true,"href":"https:\/\/galicianparts.com\/shop\/wp-json\/wp\/v2\/product_cat?post=75465"},{"taxonomy":"product_tag","embeddable":true,"href":"https:\/\/galicianparts.com\/shop\/wp-json\/wp\/v2\/product_tag?post=75465"}],"curies":[{"name":"wp","href":"https:\/\/api.w.org\/{rel}","templated":true}]}}