{"id":75892,"date":"2023-07-05T13:22:35","date_gmt":"2023-07-05T11:22:35","guid":{"rendered":"https:\/\/galicianparts.com\/shop\/producto\/1346568080-cableado-electrico-bateria-fiat-ducato-05-06-citroen-jumper-peugeot-boxer-original\/"},"modified":"2023-07-05T13:24:26","modified_gmt":"2023-07-05T11:24:26","slug":"1346568080-cableado-electrico-bateria-fiat-ducato-05-06-citroen-jumper-peugeot-boxer-original","status":"publish","type":"product","link":"https:\/\/galicianparts.com\/shop\/producto\/1346568080-cableado-electrico-bateria-fiat-ducato-05-06-citroen-jumper-peugeot-boxer-original\/","title":{"rendered":"1346568080 Cableado el\u00e9ctrico bater\u00eda Fiat Ducato (05-06) Citro\u00ebn Jumper \/Peugeot Boxer ORIGINAL"},"content":{"rendered":"<p>Instalaci\u00f3n el\u00e9ctrica de los bornes de la bater\u00eda de:<br \/>\nFIAT PROFESSIONAL &#8211; 2E DUCATO RESTYL. BZ\/DS (2005-2006)<br \/>\nFIAT PROFESSIONAL &#8211; 3T DUCATO RUSSIA 2008 (2008-2011)<br \/>\nCITROEN &#8211; JUMPER (2001-2006)<br \/>\nPEUGEOT &#8211; BOXER (2001-2006)<\/p>\n<p>LA PIEZA ES NUEVA Y ORIGINAL.<\/p>\n","protected":false},"excerpt":{"rendered":"<p>Instalaci\u00f3n el\u00e9ctrica de los bornes de la bater\u00eda de: FIAT PROFESSIONAL &#8211; 2E DUCATO RESTYL. BZ\/DS (2005-2006) FIAT PROFESSIONAL &#8211; 3T DUCATO RUSSIA 2008 (2008-2011) CITROEN &#8211; JUMPER (2001-2006) PEUGEOT &#8211; BOXER (2001-2006) LA PIEZA ES NUEVA Y ORIGINAL.<\/p>\n","protected":false},"featured_media":75893,"template":"","meta":{"_seopress_robots_primary_cat":"","_seopress_titles_title":"","_seopress_titles_desc":"","_seopress_robots_index":""},"product_cat":[155,23,88,20,137,24],"product_tag":[],"class_list":{"0":"post-75892","1":"product","2":"type-product","3":"status-publish","4":"has-post-thumbnail","6":"product_cat-recambios-peugeot-boxer","7":"product_cat-recambios-citroen","8":"product_cat-recambios-fiat-ducato","9":"product_cat-recambios-fiat","10":"product_cat-recambios-citroen-jumper","11":"product_cat-recambios-peugeot","13":"first","14":"instock","15":"taxable","16":"shipping-taxable","17":"purchasable","18":"product-type-simple"},"_links":{"self":[{"href":"https:\/\/galicianparts.com\/shop\/wp-json\/wp\/v2\/product\/75892"}],"collection":[{"href":"https:\/\/galicianparts.com\/shop\/wp-json\/wp\/v2\/product"}],"about":[{"href":"https:\/\/galicianparts.com\/shop\/wp-json\/wp\/v2\/types\/product"}],"wp:featuredmedia":[{"embeddable":true,"href":"https:\/\/galicianparts.com\/shop\/wp-json\/wp\/v2\/media\/75893"}],"wp:attachment":[{"href":"https:\/\/galicianparts.com\/shop\/wp-json\/wp\/v2\/media?parent=75892"}],"wp:term":[{"taxonomy":"product_cat","embeddable":true,"href":"https:\/\/galicianparts.com\/shop\/wp-json\/wp\/v2\/product_cat?post=75892"},{"taxonomy":"product_tag","embeddable":true,"href":"https:\/\/galicianparts.com\/shop\/wp-json\/wp\/v2\/product_tag?post=75892"}],"curies":[{"name":"wp","href":"https:\/\/api.w.org\/{rel}","templated":true}]}}