{"id":76092,"date":"2023-07-11T10:13:12","date_gmt":"2023-07-11T08:13:12","guid":{"rendered":"https:\/\/galicianparts.com\/shop\/producto\/46785690-cableado-electrico-motor-lancia-ypsilon-1-2-8v-2000-2003-nuevo-original\/"},"modified":"2023-07-11T10:15:28","modified_gmt":"2023-07-11T08:15:28","slug":"46785690-cableado-electrico-motor-lancia-ypsilon-1-2-8v-2000-2003-nuevo-original","status":"publish","type":"product","link":"https:\/\/galicianparts.com\/shop\/producto\/46785690-cableado-electrico-motor-lancia-ypsilon-1-2-8v-2000-2003-nuevo-original\/","title":{"rendered":"46785690 Cableado el\u00e9ctrico motor Lancia Ypsilon 1.2 8V (2000-2003) NUEVO ORIGINAL"},"content":{"rendered":"<p>Instalaci\u00f3n el\u00e9ctrica del motor de:<br \/>\nLANCIA &#8211; TA Y FL.2000 (2000-2003) ELEFANTE AZUL 8V \/ LS \/ S.E. VANITY (EX ART) \/ 1.2 8V<\/p>\n<p>LA PIEZA ES NUEVA Y ORIGINAL.<\/p>\n","protected":false},"excerpt":{"rendered":"<p>Instalaci\u00f3n el\u00e9ctrica del motor de: LANCIA &#8211; TA Y FL.2000 (2000-2003) ELEFANTE AZUL 8V \/ LS \/ S.E. VANITY (EX ART) \/ 1.2 8V LA PIEZA ES NUEVA Y ORIGINAL.<\/p>\n","protected":false},"featured_media":76097,"template":"","meta":{"_seopress_robots_primary_cat":"","_seopress_titles_title":"","_seopress_titles_desc":"","_seopress_robots_index":""},"product_cat":[21,127],"product_tag":[],"class_list":{"0":"post-76092","1":"product","2":"type-product","3":"status-publish","4":"has-post-thumbnail","6":"product_cat-recambios-lancia","7":"product_cat-recambios-lancia-ypsilon","9":"first","10":"instock","11":"taxable","12":"shipping-taxable","13":"purchasable","14":"product-type-simple"},"_links":{"self":[{"href":"https:\/\/galicianparts.com\/shop\/wp-json\/wp\/v2\/product\/76092"}],"collection":[{"href":"https:\/\/galicianparts.com\/shop\/wp-json\/wp\/v2\/product"}],"about":[{"href":"https:\/\/galicianparts.com\/shop\/wp-json\/wp\/v2\/types\/product"}],"wp:featuredmedia":[{"embeddable":true,"href":"https:\/\/galicianparts.com\/shop\/wp-json\/wp\/v2\/media\/76097"}],"wp:attachment":[{"href":"https:\/\/galicianparts.com\/shop\/wp-json\/wp\/v2\/media?parent=76092"}],"wp:term":[{"taxonomy":"product_cat","embeddable":true,"href":"https:\/\/galicianparts.com\/shop\/wp-json\/wp\/v2\/product_cat?post=76092"},{"taxonomy":"product_tag","embeddable":true,"href":"https:\/\/galicianparts.com\/shop\/wp-json\/wp\/v2\/product_tag?post=76092"}],"curies":[{"name":"wp","href":"https:\/\/api.w.org\/{rel}","templated":true}]}}