{"id":76142,"date":"2023-07-11T12:25:59","date_gmt":"2023-07-11T10:25:59","guid":{"rendered":"https:\/\/galicianparts.com\/shop\/producto\/46733237-muelle-anclaje-guia-asiento-der-fiat-bravo-1995-1998-nuevo-original\/"},"modified":"2023-07-11T12:28:28","modified_gmt":"2023-07-11T10:28:28","slug":"46733237-muelle-anclaje-guia-asiento-der-fiat-bravo-1995-1998-nuevo-original","status":"publish","type":"product","link":"https:\/\/galicianparts.com\/shop\/producto\/46733237-muelle-anclaje-guia-asiento-der-fiat-bravo-1995-1998-nuevo-original\/","title":{"rendered":"46733237 Muelle anclaje gu\u00eda asiento der. Fiat Bravo (1995-1998) NUEVO ORIGINAL"},"content":{"rendered":"<p>Resorte de la palanca de regulaci\u00f3n de las gu\u00edas del asiento derecho de:<br \/>\nFIAT &#8211; 1U BRAVO BZ\/DS (1995-1998)<\/p>\n<p>LA PIEZA ES NUEVA Y ORIGINAL.<\/p>\n","protected":false},"excerpt":{"rendered":"<p>Resorte de la palanca de regulaci\u00f3n de las gu\u00edas del asiento derecho de: FIAT &#8211; 1U BRAVO BZ\/DS (1995-1998) LA PIEZA ES NUEVA Y ORIGINAL.<\/p>\n","protected":false},"featured_media":76143,"template":"","meta":{"_seopress_robots_primary_cat":"","_seopress_titles_title":"","_seopress_titles_desc":"","_seopress_robots_index":""},"product_cat":[82,20],"product_tag":[],"class_list":{"0":"post-76142","1":"product","2":"type-product","3":"status-publish","4":"has-post-thumbnail","6":"product_cat-recambios-fiat-bravo","7":"product_cat-recambios-fiat","9":"first","10":"instock","11":"taxable","12":"shipping-taxable","13":"purchasable","14":"product-type-simple"},"_links":{"self":[{"href":"https:\/\/galicianparts.com\/shop\/wp-json\/wp\/v2\/product\/76142"}],"collection":[{"href":"https:\/\/galicianparts.com\/shop\/wp-json\/wp\/v2\/product"}],"about":[{"href":"https:\/\/galicianparts.com\/shop\/wp-json\/wp\/v2\/types\/product"}],"wp:featuredmedia":[{"embeddable":true,"href":"https:\/\/galicianparts.com\/shop\/wp-json\/wp\/v2\/media\/76143"}],"wp:attachment":[{"href":"https:\/\/galicianparts.com\/shop\/wp-json\/wp\/v2\/media?parent=76142"}],"wp:term":[{"taxonomy":"product_cat","embeddable":true,"href":"https:\/\/galicianparts.com\/shop\/wp-json\/wp\/v2\/product_cat?post=76142"},{"taxonomy":"product_tag","embeddable":true,"href":"https:\/\/galicianparts.com\/shop\/wp-json\/wp\/v2\/product_tag?post=76142"}],"curies":[{"name":"wp","href":"https:\/\/api.w.org\/{rel}","templated":true}]}}