{"id":76416,"date":"2023-07-18T09:51:15","date_gmt":"2023-07-18T07:51:15","guid":{"rendered":"https:\/\/galicianparts.com\/shop\/producto\/735302418-tapizado-superior-marco-porton-trasero-fiat-palio-2002-2008-nuevo-original\/"},"modified":"2023-07-18T09:55:15","modified_gmt":"2023-07-18T07:55:15","slug":"735302418-tapizado-superior-marco-porton-trasero-fiat-palio-2002-2008-nuevo-original","status":"publish","type":"product","link":"https:\/\/galicianparts.com\/shop\/producto\/735302418-tapizado-superior-marco-porton-trasero-fiat-palio-2002-2008-nuevo-original\/","title":{"rendered":"735302418 Tapizado superior marco port\u00f3n trasero Fiat Palio (2002-2008) NUEVO ORIGINAL"},"content":{"rendered":"<p>Moldura, embellecedor del travesa\u00f1o superior del marco del port\u00f3n del maletero de:<br \/>\nFIAT &#8211; 2G PALIO WE EUROPA REST. (2002-2004)<br \/>\nFIAT &#8211; 2K PALIO WE EXTRA EUROPA REST. 2002 (2002-2008) EL (PL) \/ HL (PL) \/ SL (TR) \/ EL (TR) \/ HL (TR)<br \/>\nFIAT &#8211; 2K PALIO WE EXTRA EUROPA REST. 2002 (2002-2008) EL(CN) \/ ADVENTURE(CN) \/ HL SPEEDGEAR(CN) \/ ELX(CN<br \/>\nFIAT &#8211; 2K PALIO WE EXTRA EUROPA REST. 2002 (2002-2008) ELX\u00a0(EXPORT)<\/p>\n<p>LA PIEZA ES NUEVA Y ORIGINAL.<\/p>\n","protected":false},"excerpt":{"rendered":"<p>Moldura, embellecedor del travesa\u00f1o superior del marco del port\u00f3n del maletero de: FIAT &#8211; 2G PALIO WE EUROPA REST. (2002-2004) FIAT &#8211; 2K PALIO WE EXTRA EUROPA REST. 2002 (2002-2008) EL (PL) \/ HL (PL) \/ SL (TR) \/ EL (TR) \/ HL (TR) FIAT &#8211; 2K PALIO WE EXTRA EUROPA REST. 2002 (2002-2008) EL(CN) [&hellip;]<\/p>\n","protected":false},"featured_media":76420,"template":"","meta":{"_seopress_robots_primary_cat":"","_seopress_titles_title":"","_seopress_titles_desc":"","_seopress_robots_index":""},"product_cat":[20,98],"product_tag":[],"class_list":{"0":"post-76416","1":"product","2":"type-product","3":"status-publish","4":"has-post-thumbnail","6":"product_cat-recambios-fiat","7":"product_cat-recambios-fiat-palio","9":"first","10":"instock","11":"taxable","12":"shipping-taxable","13":"purchasable","14":"product-type-simple"},"_links":{"self":[{"href":"https:\/\/galicianparts.com\/shop\/wp-json\/wp\/v2\/product\/76416"}],"collection":[{"href":"https:\/\/galicianparts.com\/shop\/wp-json\/wp\/v2\/product"}],"about":[{"href":"https:\/\/galicianparts.com\/shop\/wp-json\/wp\/v2\/types\/product"}],"wp:featuredmedia":[{"embeddable":true,"href":"https:\/\/galicianparts.com\/shop\/wp-json\/wp\/v2\/media\/76420"}],"wp:attachment":[{"href":"https:\/\/galicianparts.com\/shop\/wp-json\/wp\/v2\/media?parent=76416"}],"wp:term":[{"taxonomy":"product_cat","embeddable":true,"href":"https:\/\/galicianparts.com\/shop\/wp-json\/wp\/v2\/product_cat?post=76416"},{"taxonomy":"product_tag","embeddable":true,"href":"https:\/\/galicianparts.com\/shop\/wp-json\/wp\/v2\/product_tag?post=76416"}],"curies":[{"name":"wp","href":"https:\/\/api.w.org\/{rel}","templated":true}]}}