{"id":76434,"date":"2023-07-18T10:33:43","date_gmt":"2023-07-18T08:33:43","guid":{"rendered":"https:\/\/galicianparts.com\/shop\/producto\/60663459-tubo-enfriador-liquido-direccion-lancia-kappa-2-0-ie-1994-2001-original\/"},"modified":"2023-07-18T10:36:03","modified_gmt":"2023-07-18T08:36:03","slug":"60663459-tubo-enfriador-liquido-direccion-lancia-kappa-2-0-ie-1994-2001-original","status":"publish","type":"product","link":"https:\/\/galicianparts.com\/shop\/producto\/60663459-tubo-enfriador-liquido-direccion-lancia-kappa-2-0-ie-1994-2001-original\/","title":{"rendered":"60663459 Tubo enfriador l\u00edquido direcci\u00f3n Lancia Kappa 2.0 IE (1994-2001) ORIGINAL"},"content":{"rendered":"<p>Latiguillo con radiador de enfriamiento del l\u00edquido de la cremallera de servodirecci\u00f3n de:<br \/>\nLANCIA &#8211; SP KAPPA BZ (1994-2001) 2000 IE. (838A6.000)<\/p>\n<p>LA PIEZA ES NUEVA Y ORIGINAL.<\/p>\n","protected":false},"excerpt":{"rendered":"<p>Latiguillo con radiador de enfriamiento del l\u00edquido de la cremallera de servodirecci\u00f3n de: LANCIA &#8211; SP KAPPA BZ (1994-2001) 2000 IE. (838A6.000) LA PIEZA ES NUEVA Y ORIGINAL.<\/p>\n","protected":false},"featured_media":76435,"template":"","meta":{"_seopress_robots_primary_cat":"","_seopress_titles_title":"","_seopress_titles_desc":"","_seopress_robots_index":""},"product_cat":[119,21],"product_tag":[],"class_list":{"0":"post-76434","1":"product","2":"type-product","3":"status-publish","4":"has-post-thumbnail","6":"product_cat-recambios-lancia-kappa","7":"product_cat-recambios-lancia","9":"first","10":"instock","11":"taxable","12":"shipping-taxable","13":"purchasable","14":"product-type-simple"},"_links":{"self":[{"href":"https:\/\/galicianparts.com\/shop\/wp-json\/wp\/v2\/product\/76434"}],"collection":[{"href":"https:\/\/galicianparts.com\/shop\/wp-json\/wp\/v2\/product"}],"about":[{"href":"https:\/\/galicianparts.com\/shop\/wp-json\/wp\/v2\/types\/product"}],"wp:featuredmedia":[{"embeddable":true,"href":"https:\/\/galicianparts.com\/shop\/wp-json\/wp\/v2\/media\/76435"}],"wp:attachment":[{"href":"https:\/\/galicianparts.com\/shop\/wp-json\/wp\/v2\/media?parent=76434"}],"wp:term":[{"taxonomy":"product_cat","embeddable":true,"href":"https:\/\/galicianparts.com\/shop\/wp-json\/wp\/v2\/product_cat?post=76434"},{"taxonomy":"product_tag","embeddable":true,"href":"https:\/\/galicianparts.com\/shop\/wp-json\/wp\/v2\/product_tag?post=76434"}],"curies":[{"name":"wp","href":"https:\/\/api.w.org\/{rel}","templated":true}]}}