{"id":76442,"date":"2023-07-18T10:56:04","date_gmt":"2023-07-18T08:56:04","guid":{"rendered":"https:\/\/galicianparts.com\/shop\/producto\/46553295-tubos-modulo-aire-acondicionado-fiat-marea-1-9-jtd-1999-2002-nuevo-original\/"},"modified":"2026-02-03T12:40:40","modified_gmt":"2026-02-03T10:40:40","slug":"46553295-tubos-modulo-aire-acondicionado-fiat-marea-1-9-jtd-1999-2002-nuevo-original","status":"publish","type":"product","link":"https:\/\/galicianparts.com\/shop\/producto\/46553295-tubos-modulo-aire-acondicionado-fiat-marea-1-9-jtd-1999-2002-nuevo-original\/","title":{"rendered":"46553295 Tubos m\u00f3dulo aire acondicionado Fiat Marea 1.9 JTD (1999-2002) NUEVO ORIGINAL"},"content":{"rendered":"<p>Latiguillos del m\u00f3dulo al filtro de deshidrataci\u00f3n del aire acondicionado de:<br \/>\nFIAT &#8211; 1R MAREA DS GAMMA&#8217;99 (1999-2002) 1910 JTD CF2 105CV \/ 1910 JTD CF3 110CV<\/p>\n<p>LA PIEZA ES NUEVA Y ORIGINAL.<\/p>\n","protected":false},"excerpt":{"rendered":"<p>Latiguillos del m\u00f3dulo al filtro de deshidrataci\u00f3n del aire acondicionado de: FIAT &#8211; 1R MAREA DS GAMMA&#8217;99 (1999-2002) 1910 JTD CF2 105CV \/ 1910 JTD CF3 110CV LA PIEZA ES NUEVA Y ORIGINAL.<\/p>\n","protected":false},"featured_media":76446,"template":"","meta":{"_seopress_robots_primary_cat":"","_seopress_titles_title":"","_seopress_titles_desc":"","_seopress_robots_index":""},"product_cat":[20,95],"product_tag":[],"class_list":{"0":"post-76442","1":"product","2":"type-product","3":"status-publish","4":"has-post-thumbnail","6":"product_cat-recambios-fiat","7":"product_cat-recambios-fiat-marea","9":"first","10":"outofstock","11":"taxable","12":"shipping-taxable","13":"purchasable","14":"product-type-simple"},"_links":{"self":[{"href":"https:\/\/galicianparts.com\/shop\/wp-json\/wp\/v2\/product\/76442"}],"collection":[{"href":"https:\/\/galicianparts.com\/shop\/wp-json\/wp\/v2\/product"}],"about":[{"href":"https:\/\/galicianparts.com\/shop\/wp-json\/wp\/v2\/types\/product"}],"wp:featuredmedia":[{"embeddable":true,"href":"https:\/\/galicianparts.com\/shop\/wp-json\/wp\/v2\/media\/76446"}],"wp:attachment":[{"href":"https:\/\/galicianparts.com\/shop\/wp-json\/wp\/v2\/media?parent=76442"}],"wp:term":[{"taxonomy":"product_cat","embeddable":true,"href":"https:\/\/galicianparts.com\/shop\/wp-json\/wp\/v2\/product_cat?post=76442"},{"taxonomy":"product_tag","embeddable":true,"href":"https:\/\/galicianparts.com\/shop\/wp-json\/wp\/v2\/product_tag?post=76442"}],"curies":[{"name":"wp","href":"https:\/\/api.w.org\/{rel}","templated":true}]}}