{"id":76495,"date":"2023-07-18T13:17:30","date_gmt":"2023-07-18T11:17:30","guid":{"rendered":"https:\/\/galicianparts.com\/shop\/producto\/7729299-tubo-retorno-deposito-gasolina-lancia-dedra-2-0-1-8-1989-1994-original\/"},"modified":"2023-12-04T14:46:17","modified_gmt":"2023-12-04T12:46:17","slug":"7729299-tubo-retorno-deposito-gasolina-lancia-dedra-2-0-1-8-1989-1994-original","status":"publish","type":"product","link":"https:\/\/galicianparts.com\/shop\/producto\/7729299-tubo-retorno-deposito-gasolina-lancia-dedra-2-0-1-8-1989-1994-original\/","title":{"rendered":"7729299 Tubo retorno dep\u00f3sito gasolina Lancia Dedra 2.0-1.8 (1989-1994) ORIGINAL"},"content":{"rendered":"<p>Manguito de retorno de la inyecci\u00f3n al dep\u00f3sito de combustible de:<br \/>\nLANCIA &#8211; RY DEDRA BENZINA (1989-1994) 1800 \/ 2000<br \/>\nLANCIA &#8211; RJ DEDRA IE.TB.INTEGRALE (1990-1994) 2000<br \/>\nLANCIA &#8211; RJ DEDRA IE.TB.INTEGRALE (1990-1994) 2000 USA&#8217;83<\/p>\n<p>LA PIEZA ES NUEVA Y ORIGINAL.<\/p>\n","protected":false},"excerpt":{"rendered":"<p>Manguito de retorno de la inyecci\u00f3n al dep\u00f3sito de combustible de: LANCIA &#8211; RY DEDRA BENZINA (1989-1994) 1800 \/ 2000 LANCIA &#8211; RJ DEDRA IE.TB.INTEGRALE (1990-1994) 2000 LANCIA &#8211; RJ DEDRA IE.TB.INTEGRALE (1990-1994) 2000 USA&#8217;83 LA PIEZA ES NUEVA Y ORIGINAL.<\/p>\n","protected":false},"featured_media":76497,"template":"","meta":{"_seopress_robots_primary_cat":"","_seopress_titles_title":"","_seopress_titles_desc":"","_seopress_robots_index":""},"product_cat":[117,21],"product_tag":[],"class_list":{"0":"post-76495","1":"product","2":"type-product","3":"status-publish","4":"has-post-thumbnail","6":"product_cat-recambios-lancia-dedra","7":"product_cat-recambios-lancia","9":"first","10":"outofstock","11":"taxable","12":"shipping-taxable","13":"purchasable","14":"product-type-simple"},"_links":{"self":[{"href":"https:\/\/galicianparts.com\/shop\/wp-json\/wp\/v2\/product\/76495"}],"collection":[{"href":"https:\/\/galicianparts.com\/shop\/wp-json\/wp\/v2\/product"}],"about":[{"href":"https:\/\/galicianparts.com\/shop\/wp-json\/wp\/v2\/types\/product"}],"wp:featuredmedia":[{"embeddable":true,"href":"https:\/\/galicianparts.com\/shop\/wp-json\/wp\/v2\/media\/76497"}],"wp:attachment":[{"href":"https:\/\/galicianparts.com\/shop\/wp-json\/wp\/v2\/media?parent=76495"}],"wp:term":[{"taxonomy":"product_cat","embeddable":true,"href":"https:\/\/galicianparts.com\/shop\/wp-json\/wp\/v2\/product_cat?post=76495"},{"taxonomy":"product_tag","embeddable":true,"href":"https:\/\/galicianparts.com\/shop\/wp-json\/wp\/v2\/product_tag?post=76495"}],"curies":[{"name":"wp","href":"https:\/\/api.w.org\/{rel}","templated":true}]}}