{"id":76655,"date":"2023-07-20T10:43:52","date_gmt":"2023-07-20T08:43:52","guid":{"rendered":"https:\/\/galicianparts.com\/shop\/producto\/46755199-columna-direccion-fiat-punto-1999-2003-nueva-original\/"},"modified":"2026-01-22T13:55:14","modified_gmt":"2026-01-22T11:55:14","slug":"46755199-columna-direccion-fiat-punto-1999-2003-nueva-original","status":"publish","type":"product","link":"https:\/\/galicianparts.com\/shop\/producto\/46755199-columna-direccion-fiat-punto-1999-2003-nueva-original\/","title":{"rendered":"46755199 Columna direcci\u00f3n Fiat Punto gasolina (2002-2003) NUEVA ORIGINAL"},"content":{"rendered":"<p>Ca\u00f1a, barra de direcci\u00f3n para modelos con volante regulable de:<br \/>\nFIAT &#8211; 1N PUNTO BZ (2002-2003) VOLANTE DE DIRECCION REGULABLE<\/p>\n<p>LA PIEZA ES NUEVA Y ORIGINAL.<\/p>\n","protected":false},"excerpt":{"rendered":"<p>Ca\u00f1a, barra de direcci\u00f3n para modelos con volante regulable de: FIAT &#8211; 1N PUNTO BZ (2002-2003) VOLANTE DE DIRECCION REGULABLE LA PIEZA ES NUEVA Y ORIGINAL.<\/p>\n","protected":false},"featured_media":76658,"template":"","meta":{"_seopress_robots_primary_cat":"","_seopress_titles_title":"","_seopress_titles_desc":"","_seopress_robots_index":""},"product_cat":[20,101],"product_tag":[],"class_list":{"0":"post-76655","1":"product","2":"type-product","3":"status-publish","4":"has-post-thumbnail","6":"product_cat-recambios-fiat","7":"product_cat-recambios-fiat-punto","9":"first","10":"instock","11":"taxable","12":"shipping-taxable","13":"purchasable","14":"product-type-simple"},"_links":{"self":[{"href":"https:\/\/galicianparts.com\/shop\/wp-json\/wp\/v2\/product\/76655"}],"collection":[{"href":"https:\/\/galicianparts.com\/shop\/wp-json\/wp\/v2\/product"}],"about":[{"href":"https:\/\/galicianparts.com\/shop\/wp-json\/wp\/v2\/types\/product"}],"wp:featuredmedia":[{"embeddable":true,"href":"https:\/\/galicianparts.com\/shop\/wp-json\/wp\/v2\/media\/76658"}],"wp:attachment":[{"href":"https:\/\/galicianparts.com\/shop\/wp-json\/wp\/v2\/media?parent=76655"}],"wp:term":[{"taxonomy":"product_cat","embeddable":true,"href":"https:\/\/galicianparts.com\/shop\/wp-json\/wp\/v2\/product_cat?post=76655"},{"taxonomy":"product_tag","embeddable":true,"href":"https:\/\/galicianparts.com\/shop\/wp-json\/wp\/v2\/product_tag?post=76655"}],"curies":[{"name":"wp","href":"https:\/\/api.w.org\/{rel}","templated":true}]}}