{"id":7669,"date":"2020-11-04T22:36:59","date_gmt":"2020-11-04T20:36:59","guid":{"rendered":"https:\/\/galicianparts.com\/shop\/producto\/9621566680-tapa-superior-distribucion-1-9d-fiat-ulysse-scudo-citroen-jumpy-peugeot-expert-nueva-original\/"},"modified":"2020-11-04T22:48:12","modified_gmt":"2020-11-04T20:48:12","slug":"9621566680-tapa-superior-distribucion-1-9d-fiat-ulysse-scudo-citroen-jumpy-peugeot-expert-nueva-original","status":"publish","type":"product","link":"https:\/\/galicianparts.com\/shop\/producto\/9621566680-tapa-superior-distribucion-1-9d-fiat-ulysse-scudo-citroen-jumpy-peugeot-expert-nueva-original\/","title":{"rendered":"9621566680 Tapa superior distribuci\u00f3n 1.9D Fiat Ulysse \/ Scudo, Citroen Jumpy, Peugeot Expert"},"content":{"rendered":"<p>Tapa met\u00e1lica de la corre de distribuci\u00f3n de motores 1.9D y 1.9 TD v\u00e1lida para:<\/p>\n<p>FIAT &#8211; PG ULYSSE (1994-2002)<br \/>\nFIAT PROFESSIONAL &#8211; PL SCUDO (1995-2004)<br \/>\nCITROEN JUMPY<br \/>\nPEUGEOT EXPERT<\/p>\n<p> LA PIEZA ES NUEVA Y ORIGINAL.<\/p>\n","protected":false},"excerpt":{"rendered":"<p>Tapa met\u00e1lica de la corre de distribuci\u00f3n de motores 1.9D y 1.9 TD v\u00e1lida para: FIAT &#8211; PG ULYSSE (1994-2002) FIAT PROFESSIONAL &#8211; PL SCUDO (1995-2004) CITROEN JUMPY PEUGEOT EXPERT LA PIEZA ES NUEVA Y ORIGINAL.<\/p>\n","protected":false},"featured_media":7670,"template":"","meta":{"_seopress_robots_primary_cat":"","_seopress_titles_title":"","_seopress_titles_desc":"","_seopress_robots_index":""},"product_cat":[23,156,20,138,24,104,113],"product_tag":[],"class_list":{"0":"post-7669","1":"product","2":"type-product","3":"status-publish","4":"has-post-thumbnail","6":"product_cat-recambios-citroen","7":"product_cat-recambios-peugeot-expert","8":"product_cat-recambios-fiat","9":"product_cat-recambios-citroen-jumpy","10":"product_cat-recambios-peugeot","11":"product_cat-recambios-fiat-scudo","12":"product_cat-recambios-fiat-ulysse","14":"first","15":"instock","16":"taxable","17":"shipping-taxable","18":"purchasable","19":"product-type-simple"},"_links":{"self":[{"href":"https:\/\/galicianparts.com\/shop\/wp-json\/wp\/v2\/product\/7669"}],"collection":[{"href":"https:\/\/galicianparts.com\/shop\/wp-json\/wp\/v2\/product"}],"about":[{"href":"https:\/\/galicianparts.com\/shop\/wp-json\/wp\/v2\/types\/product"}],"wp:featuredmedia":[{"embeddable":true,"href":"https:\/\/galicianparts.com\/shop\/wp-json\/wp\/v2\/media\/7670"}],"wp:attachment":[{"href":"https:\/\/galicianparts.com\/shop\/wp-json\/wp\/v2\/media?parent=7669"}],"wp:term":[{"taxonomy":"product_cat","embeddable":true,"href":"https:\/\/galicianparts.com\/shop\/wp-json\/wp\/v2\/product_cat?post=7669"},{"taxonomy":"product_tag","embeddable":true,"href":"https:\/\/galicianparts.com\/shop\/wp-json\/wp\/v2\/product_tag?post=7669"}],"curies":[{"name":"wp","href":"https:\/\/api.w.org\/{rel}","templated":true}]}}