{"id":7730,"date":"2020-11-05T18:25:20","date_gmt":"2020-11-05T16:25:20","guid":{"rendered":"https:\/\/galicianparts.com\/shop\/producto\/7754628-palanca-calefaccion-lancia-y10-nueva-original\/"},"modified":"2020-11-05T18:28:02","modified_gmt":"2020-11-05T16:28:02","slug":"7754628-palanca-calefaccion-lancia-y10-nueva-original","status":"publish","type":"product","link":"https:\/\/galicianparts.com\/shop\/producto\/7754628-palanca-calefaccion-lancia-y10-nueva-original\/","title":{"rendered":"7754628 Palanca calefacci\u00f3n Lancia Y10 NUEVA ORIGINAL"},"content":{"rendered":"<p>Palanca interior de apertura y cierre de trampillas del m\u00f3dulo de la calefacci\u00f3n de AUTOBIANCHI \/ LANCIA &#8211; ZL Y10 FL.89 (1988-1992).<br \/>\nLA PIEZA ES NUEVA Y ORIGINAL.<\/p>\n","protected":false},"excerpt":{"rendered":"<p>Palanca interior de apertura y cierre de trampillas del m\u00f3dulo de la calefacci\u00f3n de AUTOBIANCHI \/ LANCIA &#8211; ZL Y10 FL.89 (1988-1992). LA PIEZA ES NUEVA Y ORIGINAL.<\/p>\n","protected":false},"featured_media":7731,"template":"","meta":{"_seopress_robots_primary_cat":"","_seopress_titles_title":"","_seopress_titles_desc":"","_seopress_robots_index":""},"product_cat":[25,21,64,126],"product_tag":[],"class_list":{"0":"post-7730","1":"product","2":"type-product","3":"status-publish","4":"has-post-thumbnail","6":"product_cat-recambios-autobianchi","7":"product_cat-recambios-lancia","8":"product_cat-recambios-autobianchi-y10","9":"product_cat-recambios-lancia-y10","11":"first","12":"instock","13":"taxable","14":"shipping-taxable","15":"purchasable","16":"product-type-simple"},"_links":{"self":[{"href":"https:\/\/galicianparts.com\/shop\/wp-json\/wp\/v2\/product\/7730"}],"collection":[{"href":"https:\/\/galicianparts.com\/shop\/wp-json\/wp\/v2\/product"}],"about":[{"href":"https:\/\/galicianparts.com\/shop\/wp-json\/wp\/v2\/types\/product"}],"wp:featuredmedia":[{"embeddable":true,"href":"https:\/\/galicianparts.com\/shop\/wp-json\/wp\/v2\/media\/7731"}],"wp:attachment":[{"href":"https:\/\/galicianparts.com\/shop\/wp-json\/wp\/v2\/media?parent=7730"}],"wp:term":[{"taxonomy":"product_cat","embeddable":true,"href":"https:\/\/galicianparts.com\/shop\/wp-json\/wp\/v2\/product_cat?post=7730"},{"taxonomy":"product_tag","embeddable":true,"href":"https:\/\/galicianparts.com\/shop\/wp-json\/wp\/v2\/product_tag?post=7730"}],"curies":[{"name":"wp","href":"https:\/\/api.w.org\/{rel}","templated":true}]}}