{"id":77557,"date":"2023-08-23T09:07:48","date_gmt":"2023-08-23T07:07:48","guid":{"rendered":"https:\/\/galicianparts.com\/shop\/producto\/5974543-emblema-trasero-fiat-uno-55-s-nuevo\/"},"modified":"2023-08-25T08:55:18","modified_gmt":"2023-08-25T06:55:18","slug":"5974543-emblema-trasero-fiat-uno-55-s-nuevo","status":"publish","type":"product","link":"https:\/\/galicianparts.com\/shop\/producto\/5974543-emblema-trasero-fiat-uno-55-s-nuevo\/","title":{"rendered":"5974543 Emblema pl\u00e1stico trasero Fiat Uno 55 S NUEVO"},"content":{"rendered":"<p>Insignia de pl\u00e1stico del port\u00f3n del maletero de:<br \/>\nAlto: 35 mm<br \/>\nLargo: 148 mm<br \/>\nAncho: 10 mm<\/p>\n<p>FIAT &#8211; UNO 55 S<\/p>\n<p>LA PIEZA ES NUEVA.<\/p>\n","protected":false},"excerpt":{"rendered":"<p>Insignia de pl\u00e1stico del port\u00f3n del maletero de: Alto: 35 mm Largo: 148 mm Ancho: 10 mm FIAT &#8211; UNO 55 S LA PIEZA ES NUEVA.<\/p>\n","protected":false},"featured_media":77561,"template":"","meta":{"_seopress_robots_primary_cat":"","_seopress_titles_title":"","_seopress_titles_desc":"","_seopress_robots_index":""},"product_cat":[20,114],"product_tag":[],"class_list":{"0":"post-77557","1":"product","2":"type-product","3":"status-publish","4":"has-post-thumbnail","6":"product_cat-recambios-fiat","7":"product_cat-recambios-fiat-uno","9":"first","10":"instock","11":"taxable","12":"shipping-taxable","13":"purchasable","14":"product-type-simple"},"_links":{"self":[{"href":"https:\/\/galicianparts.com\/shop\/wp-json\/wp\/v2\/product\/77557"}],"collection":[{"href":"https:\/\/galicianparts.com\/shop\/wp-json\/wp\/v2\/product"}],"about":[{"href":"https:\/\/galicianparts.com\/shop\/wp-json\/wp\/v2\/types\/product"}],"wp:featuredmedia":[{"embeddable":true,"href":"https:\/\/galicianparts.com\/shop\/wp-json\/wp\/v2\/media\/77561"}],"wp:attachment":[{"href":"https:\/\/galicianparts.com\/shop\/wp-json\/wp\/v2\/media?parent=77557"}],"wp:term":[{"taxonomy":"product_cat","embeddable":true,"href":"https:\/\/galicianparts.com\/shop\/wp-json\/wp\/v2\/product_cat?post=77557"},{"taxonomy":"product_tag","embeddable":true,"href":"https:\/\/galicianparts.com\/shop\/wp-json\/wp\/v2\/product_tag?post=77557"}],"curies":[{"name":"wp","href":"https:\/\/api.w.org\/{rel}","templated":true}]}}