{"id":77562,"date":"2023-08-23T09:33:51","date_gmt":"2023-08-23T07:33:51","guid":{"rendered":"https:\/\/galicianparts.com\/shop\/producto\/4214660-emblema-plastico-trasero-fiat-128-nuevo\/"},"modified":"2023-08-25T08:56:52","modified_gmt":"2023-08-25T06:56:52","slug":"4214660-emblema-plastico-trasero-fiat-128-nuevo","status":"publish","type":"product","link":"https:\/\/galicianparts.com\/shop\/producto\/4214660-emblema-plastico-trasero-fiat-128-nuevo\/","title":{"rendered":"4214660 Emblema pl\u00e1stico trasero Fiat 128 NUEVO"},"content":{"rendered":"<p>Insignia de pl\u00e1stico del port\u00f3n del maletero de:<br \/>\nAlto: 50 mm<br \/>\nLargo: 130 mm<\/p>\n<p>FIAT &#8211; 128 Berlina \/ Familiar<\/p>\n<p>LA PIEZA ES NUEVA.<\/p>\n","protected":false},"excerpt":{"rendered":"<p>Insignia de pl\u00e1stico del port\u00f3n del maletero de: Alto: 50 mm Largo: 130 mm FIAT &#8211; 128 Berlina \/ Familiar LA PIEZA ES NUEVA.<\/p>\n","protected":false},"featured_media":77566,"template":"","meta":{"_seopress_robots_primary_cat":"","_seopress_titles_title":"","_seopress_titles_desc":"","_seopress_robots_index":""},"product_cat":[69,20],"product_tag":[],"class_list":{"0":"post-77562","1":"product","2":"type-product","3":"status-publish","4":"has-post-thumbnail","6":"product_cat-recambios-fiat-128","7":"product_cat-recambios-fiat","9":"first","10":"instock","11":"taxable","12":"shipping-taxable","13":"purchasable","14":"product-type-simple"},"_links":{"self":[{"href":"https:\/\/galicianparts.com\/shop\/wp-json\/wp\/v2\/product\/77562"}],"collection":[{"href":"https:\/\/galicianparts.com\/shop\/wp-json\/wp\/v2\/product"}],"about":[{"href":"https:\/\/galicianparts.com\/shop\/wp-json\/wp\/v2\/types\/product"}],"wp:featuredmedia":[{"embeddable":true,"href":"https:\/\/galicianparts.com\/shop\/wp-json\/wp\/v2\/media\/77566"}],"wp:attachment":[{"href":"https:\/\/galicianparts.com\/shop\/wp-json\/wp\/v2\/media?parent=77562"}],"wp:term":[{"taxonomy":"product_cat","embeddable":true,"href":"https:\/\/galicianparts.com\/shop\/wp-json\/wp\/v2\/product_cat?post=77562"},{"taxonomy":"product_tag","embeddable":true,"href":"https:\/\/galicianparts.com\/shop\/wp-json\/wp\/v2\/product_tag?post=77562"}],"curies":[{"name":"wp","href":"https:\/\/api.w.org\/{rel}","templated":true}]}}