{"id":77574,"date":"2023-08-23T09:56:29","date_gmt":"2023-08-23T07:56:29","guid":{"rendered":"https:\/\/galicianparts.com\/shop\/producto\/7573888-emblema-plastico-trasero-fiat-uno-60-sl-nuevo\/"},"modified":"2024-08-20T09:20:19","modified_gmt":"2024-08-20T07:20:19","slug":"7573888-emblema-plastico-trasero-fiat-uno-60-sl-nuevo","status":"publish","type":"product","link":"https:\/\/galicianparts.com\/shop\/producto\/7573888-emblema-plastico-trasero-fiat-uno-60-sl-nuevo\/","title":{"rendered":"7573888 Emblema pl\u00e1stico trasero Fiat Uno 60 SL NUEVO"},"content":{"rendered":"<p>Insignia de pl\u00e1stico del port\u00f3n del maletero de:<br \/>\nAlto: 35 mm<br \/>\nLargo: 160 mm<\/p>\n<p>FIAT &#8211; UNO<\/p>\n<p>LA PIEZA ES NUEVA.<\/p>\n","protected":false},"excerpt":{"rendered":"<p>Insignia de pl\u00e1stico del port\u00f3n del maletero de: Alto: 35 mm Largo: 160 mm FIAT &#8211; UNO LA PIEZA ES NUEVA.<\/p>\n","protected":false},"featured_media":77576,"template":"","meta":{"_seopress_robots_primary_cat":"","_seopress_titles_title":"","_seopress_titles_desc":"","_seopress_robots_index":""},"product_cat":[20,114],"product_tag":[],"class_list":{"0":"post-77574","1":"product","2":"type-product","3":"status-publish","4":"has-post-thumbnail","6":"product_cat-recambios-fiat","7":"product_cat-recambios-fiat-uno","9":"first","10":"instock","11":"taxable","12":"shipping-taxable","13":"purchasable","14":"product-type-simple"},"_links":{"self":[{"href":"https:\/\/galicianparts.com\/shop\/wp-json\/wp\/v2\/product\/77574"}],"collection":[{"href":"https:\/\/galicianparts.com\/shop\/wp-json\/wp\/v2\/product"}],"about":[{"href":"https:\/\/galicianparts.com\/shop\/wp-json\/wp\/v2\/types\/product"}],"wp:featuredmedia":[{"embeddable":true,"href":"https:\/\/galicianparts.com\/shop\/wp-json\/wp\/v2\/media\/77576"}],"wp:attachment":[{"href":"https:\/\/galicianparts.com\/shop\/wp-json\/wp\/v2\/media?parent=77574"}],"wp:term":[{"taxonomy":"product_cat","embeddable":true,"href":"https:\/\/galicianparts.com\/shop\/wp-json\/wp\/v2\/product_cat?post=77574"},{"taxonomy":"product_tag","embeddable":true,"href":"https:\/\/galicianparts.com\/shop\/wp-json\/wp\/v2\/product_tag?post=77574"}],"curies":[{"name":"wp","href":"https:\/\/api.w.org\/{rel}","templated":true}]}}