{"id":77628,"date":"2023-08-23T18:58:17","date_gmt":"2023-08-23T16:58:17","guid":{"rendered":"https:\/\/galicianparts.com\/shop\/producto\/4256228-tapon-radiador-refrigeracion-fiat-127-131-ritmo-128-x1-9-242-132-nuevo\/"},"modified":"2026-05-04T18:35:12","modified_gmt":"2026-05-04T16:35:12","slug":"4256228-tapon-radiador-refrigeracion-fiat-127-131-ritmo-128-x1-9-242-132-nuevo","status":"publish","type":"product","link":"https:\/\/galicianparts.com\/shop\/producto\/4256228-tapon-radiador-refrigeracion-fiat-127-131-ritmo-128-x1-9-242-132-nuevo\/","title":{"rendered":"4256228 Tap\u00f3n radiador refrigeraci\u00f3n Fiat 127 \/131 \/Ritmo \/128\/ X1\/9 \/242 \/132 NUEVO"},"content":{"rendered":"<p>Tap\u00f3n del dep\u00f3sito de refrigerante del motor de:<br \/>\nDi\u00e1metro: 60mm<br \/>\nDi\u00e1metro interior: 38mm<br \/>\nAltura: 25mm<\/p>\n<p>FIAT &#8211; 127 900cc \/ 1050cc<br \/>\nFIAT &#8211; 128 C-CL 1.1\/1.3<br \/>\nFIAT &#8211; RITMO 60L 1050cc<br \/>\nFIAT &#8211; RITMO 60 L-CL \/ 65 L-CL \/ 75 L-CL \/ 75 SUPER \/ 85 SUPER<br \/>\nFIAT &#8211; RITMO DIESEL<br \/>\nFIAT &#8211; X1\/9<br \/>\nFIAT &#8211; X1\/9 5 VELOCIDADES<br \/>\nFIAT &#8211; 131 L-CL 1.3 \/ 1.6<br \/>\nFIAT &#8211; 131 CL ACT<br \/>\nFIAT &#8211; 131 SUPER 1.3 \/ 1.6 \/ DIESEL<br \/>\nFIAT &#8211; ARGENTA 1.6 \/ 2.0 \/ DIESEL<br \/>\nFIAT &#8211; 132 DIESEL<br \/>\nFIAT &#8211; 130 3.2cc<br \/>\nFIAT &#8211; 127 FIORINO 900cc \/ 1050cc<br \/>\nFIAT &#8211; 238 E<br \/>\nFIAT &#8211; 242 1.6 \/ 2.0 GASOLINA<br \/>\nFIAT &#8211; 242 E GASOLINA<br \/>\nFIAT &#8211; CAMPAGNOLA DIESEL<\/p>\n<p>LA PIEZA ES NUEVA<\/p>\n","protected":false},"excerpt":{"rendered":"<p>Tap\u00f3n del dep\u00f3sito de refrigerante del motor de: Di\u00e1metro: 60mm Di\u00e1metro interior: 38mm Altura: 25mm FIAT &#8211; 127 900cc \/ 1050cc FIAT &#8211; 128 C-CL 1.1\/1.3 FIAT &#8211; RITMO 60L 1050cc FIAT &#8211; RITMO 60 L-CL \/ 65 L-CL \/ 75 L-CL \/ 75 SUPER \/ 85 SUPER FIAT &#8211; RITMO DIESEL FIAT &#8211; X1\/9 [&hellip;]<\/p>\n","protected":false},"featured_media":77629,"template":"","meta":{"_seopress_robots_primary_cat":"","_seopress_titles_title":"","_seopress_titles_desc":"","_seopress_robots_index":""},"product_cat":[68,69,326,70,71,209,73,79,83,20,91,103,206],"product_tag":[],"class_list":{"0":"post-77628","1":"product","2":"type-product","3":"status-publish","4":"has-post-thumbnail","6":"product_cat-recambios-fiat-127","7":"product_cat-recambios-fiat-128","8":"product_cat-recambios-fiat-130","9":"product_cat-recambios-fiat-131","10":"product_cat-recambios-fiat-132","11":"product_cat-recambios-fiat-238","12":"product_cat-recambios-fiat-242","13":"product_cat-recambios-fiat-argenta","14":"product_cat-recambios-fiat-campagnola","15":"product_cat-recambios-fiat","16":"product_cat-recambios-fiat-fiorino","17":"product_cat-recambios-fiat-ritmo","18":"product_cat-recambios-fiat-x1-9","20":"first","21":"instock","22":"taxable","23":"shipping-taxable","24":"purchasable","25":"product-type-simple"},"_links":{"self":[{"href":"https:\/\/galicianparts.com\/shop\/wp-json\/wp\/v2\/product\/77628"}],"collection":[{"href":"https:\/\/galicianparts.com\/shop\/wp-json\/wp\/v2\/product"}],"about":[{"href":"https:\/\/galicianparts.com\/shop\/wp-json\/wp\/v2\/types\/product"}],"wp:featuredmedia":[{"embeddable":true,"href":"https:\/\/galicianparts.com\/shop\/wp-json\/wp\/v2\/media\/77629"}],"wp:attachment":[{"href":"https:\/\/galicianparts.com\/shop\/wp-json\/wp\/v2\/media?parent=77628"}],"wp:term":[{"taxonomy":"product_cat","embeddable":true,"href":"https:\/\/galicianparts.com\/shop\/wp-json\/wp\/v2\/product_cat?post=77628"},{"taxonomy":"product_tag","embeddable":true,"href":"https:\/\/galicianparts.com\/shop\/wp-json\/wp\/v2\/product_tag?post=77628"}],"curies":[{"name":"wp","href":"https:\/\/api.w.org\/{rel}","templated":true}]}}