{"id":77708,"date":"2023-08-30T08:57:14","date_gmt":"2023-08-30T06:57:14","guid":{"rendered":"https:\/\/galicianparts.com\/shop\/producto\/4179038-junta-carter-fiat-uno-tb-128-ritmo-x1-9-regata-lancia-delta-i-original\/"},"modified":"2025-12-01T20:29:16","modified_gmt":"2025-12-01T18:29:16","slug":"4179038-junta-carter-fiat-uno-tb-128-ritmo-x1-9-regata-lancia-delta-i-original","status":"publish","type":"product","link":"https:\/\/galicianparts.com\/shop\/producto\/4179038-junta-carter-fiat-uno-tb-128-ritmo-x1-9-regata-lancia-delta-i-original\/","title":{"rendered":"4179038 Junta c\u00e1rter Fiat Uno TB \/128 \/Ritmo \/ X1\/9 \/Regata \/Lancia Delta I ORIGINAL"},"content":{"rendered":"<p>Junta inferior del c\u00e1rter del aceite de:<br \/>\nFIAT Regata Berlina (138)<br \/>\n1.3 70, A\u00f1o 09.1983 &#8211; 07.1989, 1301 ccm, 65 cv<br \/>\n1.3 70, A\u00f1o 09.1983 &#8211; 07.1986, 1301 ccm, 68 cv<br \/>\n1.5 75, A\u00f1o 12.1983 &#8211; 07.1989, 1498 ccm, 75 cv<br \/>\n1.5 85, A\u00f1o 05.1985 &#8211; 12.1987, 1498 ccm, 79 cv<br \/>\n1.5 Super 85, A\u00f1o 09.1983 &#8211; 04.1985, 1498 ccm, 82 cv<br \/>\nFIAT Regata Weekend<br \/>\n1.3 70, A\u00f1o 01.1984 &#8211; 07.1989, 1301 ccm, 68 cv<br \/>\n85 1.5, A\u00f1o 01.1984 &#8211; 04.1989, 1498 ccm, 82 cv<br \/>\nFIAT X 1\/9 (128)<br \/>\n1.5 (128AS1_), A\u00f1o 11.1978 &#8211; 12.1989, 1498 ccm, 85 cv<br \/>\nFIAT Ritmo I Cabrio<br \/>\n50 1.3, A\u00f1o 10.1985 &#8211; 12.1987, 1302 ccm, 68 cv<br \/>\n1.5 80, A\u00f1o 03.1983 &#8211; 12.1986, 1498 ccm, 82 cv<br \/>\n1.5 80, A\u00f1o 01.1980 &#8211; 07.1989, 1498 ccm, 86 cv<br \/>\nFIAT Ritmo I Hatchback (138)<br \/>\n1.1, A\u00f1o 10.1982 &#8211; 12.1987, 1116 ccm, 55 cv<br \/>\n1.1, A\u00f1o 04.1985 &#8211; 12.1987, 1116 ccm, 58 cv<br \/>\n1.1, A\u00f1o 08.1980 &#8211; 08.1988, 1116 ccm, 60 cv<br \/>\n1.3, A\u00f1o 01.1978 &#8211; 08.1985, 1301 ccm, 65 cv<br \/>\n1.3, A\u00f1o 01.1983 &#8211; 04.1985, 1301 ccm, 68 cv<br \/>\n1.3, A\u00f1o 01.1981 &#8211; 09.1982, 1301 ccm, 75 cv<br \/>\n1.5, A\u00f1o 01.1978 &#8211; 12.1988, 1498 ccm, 75 cv<br \/>\n1.5, A\u00f1o 08.1985 &#8211; 05.1987, 1498 ccm, 79 cv<br \/>\n1.5, A\u00f1o 01.1983 &#8211; 12.1987, 1498 ccm, 82 cv<br \/>\n1.5, A\u00f1o 01.1981 &#8211; 05.1987, 1498 ccm, 85 cv<br \/>\nFIAT 128 Coup\u00e9 (128)<br \/>\n1.1, A\u00f1o 03.1972 &#8211; 03.1981, 1116 ccm, 64 cv<br \/>\n1.1, A\u00f1o 08.1975 &#8211; 03.1981, 1116 ccm, 65 cv<br \/>\n1.3, A\u00f1o 03.1972 &#8211; 12.1979, 1290 ccm, 75 cv<br \/>\n1.3 Berlinetta, A\u00f1o 06.1975 &#8211; 12.1979, 1290 ccm, 73 cv<br \/>\nFIAT 128 Berlina (128)<br \/>\n1.1, A\u00f1o 03.1975 &#8211; 09.1981, 1116 ccm, 45 cv<br \/>\n1.1 (128A), A\u00f1o 03.1969 &#8211; 12.1984, 1116 ccm, 55 cv<br \/>\n1.3 (128A), A\u00f1o 08.1974 &#8211; 12.1984, 1290 ccm, 60 cv<br \/>\n1.3 Rally (128A), A\u00f1o 07.1971 &#8211; 03.1976, 1290 ccm, 67 cv<br \/>\nFIAT Fiorino II Furg\u00f3n (146)<br \/>\n75 i.e. 1.5, A\u00f1o 05.1988 &#8211; 12.1993, 1498 ccm, 75 cv<br \/>\nFIAT Uno Hatchback (146)<br \/>\n1.1, A\u00f1o 10.1988 &#8211; 06.2006, 1108 ccm, 58 cv<br \/>\n1.3 Turbo i.e., A\u00f1o 01.1987 &#8211; 12.1987, 1301 ccm, 99 cv<br \/>\n1.3 Turbo i.e., A\u00f1o 04.1985 &#8211; 08.1989, 1301 ccm, 105 cv<br \/>\n1.1 50, A\u00f1o 01.1986 &#8211; 12.1989, 1116 ccm, 50 cv<br \/>\n1.1 55, A\u00f1o 01.1983 &#8211; 08.1989, 1116 ccm, 54 cv<br \/>\n1.1 60, A\u00f1o 05.1985 &#8211; 08.1989, 1116 ccm, 58 cv<br \/>\n1.3 70, A\u00f1o 05.1985 &#8211; 08.1989, 1302 ccm, 65 cv<br \/>\n1.3 70, A\u00f1o 01.1983 &#8211; 04.1985, 1302 ccm, 68 cv<br \/>\n75 i.e. 1.5, A\u00f1o 10.1985 &#8211; 12.1993, 1498 ccm, 75 cv<br \/>\nFIAT 128 Familiare (128)<br \/>\n1.1, A\u00f1o 03.1975 &#8211; 03.1981, 1116 ccm, 45 cv<br \/>\n1.1, A\u00f1o 10.1969 &#8211; 10.1982, 1116 ccm, 55 cv<br \/>\n1.3, A\u00f1o 12.1974 &#8211; 10.1982, 1290 ccm, 60 cv<br \/>\nFIAT Elba<br \/>\n1.5, A\u00f1o 01.1992 &#8211; 12.1996, 1498 ccm, 75 cv<br \/>\nFIAT Fiorino II MPV (146)<br \/>\n1.5 (149A9), A\u00f1o 01.1988 &#8211; 10.1992, 1498 ccm, 75 cv<\/p>\n<p>LANCIA Delta I (831)<br \/>\n1.1, A\u00f1o 01.1986 &#8211; 12.1990, 1116 ccm, 64 cv<br \/>\n1.3 (831.AB), A\u00f1o 09.1983 &#8211; 08.1992, 1301 ccm, 79 cv<br \/>\n1.3, A\u00f1o 09.1979 &#8211; 08.1992, 1301 ccm, 75 cv<br \/>\n1.5, A\u00f1o 09.1979 &#8211; 12.1992, 1498 ccm, 86 cv<br \/>\nLANCIA Prisma (831)<br \/>\n1.3 (831AB), A\u00f1o 01.1983 &#8211; 12.1989, 1301 ccm, 79 cv<br \/>\n1.5 (831AB), A\u00f1o 09.1985 &#8211; 03.1992, 1498 ccm, 75 cv<br \/>\n1.5 (831AB), A\u00f1o 05.1986 &#8211; 07.1989, 1498 ccm, 80 cv<br \/>\n1.5 (831AB), A\u00f1o 01.1983 &#8211; 04.1986, 1498 ccm, 86 cv<\/p>\n<p>LA PIEZA ES NUEVA Y ORIGINAL.<\/p>\n","protected":false},"excerpt":{"rendered":"<p>Junta inferior del c\u00e1rter del aceite de: FIAT Regata Berlina (138) 1.3 70, A\u00f1o 09.1983 &#8211; 07.1989, 1301 ccm, 65 cv 1.3 70, A\u00f1o 09.1983 &#8211; 07.1986, 1301 ccm, 68 cv 1.5 75, A\u00f1o 12.1983 &#8211; 07.1989, 1498 ccm, 75 cv 1.5 85, A\u00f1o 05.1985 &#8211; 12.1987, 1498 ccm, 79 cv 1.5 Super 85, A\u00f1o [&hellip;]<\/p>\n","protected":false},"featured_media":77710,"template":"","meta":{"_seopress_robots_primary_cat":"","_seopress_titles_title":"","_seopress_titles_desc":"","_seopress_robots_index":""},"product_cat":[69,118,90,20,91,21,123,102,103,114,206],"product_tag":[],"class_list":{"0":"post-77708","1":"product","2":"type-product","3":"status-publish","4":"has-post-thumbnail","6":"product_cat-recambios-fiat-128","7":"product_cat-recambios-lancia-delta","8":"product_cat-recambios-fiat-elba","9":"product_cat-recambios-fiat","10":"product_cat-recambios-fiat-fiorino","11":"product_cat-recambios-lancia","12":"product_cat-recambios-lancia-prisma","13":"product_cat-recambios-fiat-regata","14":"product_cat-recambios-fiat-ritmo","15":"product_cat-recambios-fiat-uno","16":"product_cat-recambios-fiat-x1-9","18":"first","19":"instock","20":"taxable","21":"shipping-taxable","22":"purchasable","23":"product-type-simple"},"_links":{"self":[{"href":"https:\/\/galicianparts.com\/shop\/wp-json\/wp\/v2\/product\/77708"}],"collection":[{"href":"https:\/\/galicianparts.com\/shop\/wp-json\/wp\/v2\/product"}],"about":[{"href":"https:\/\/galicianparts.com\/shop\/wp-json\/wp\/v2\/types\/product"}],"wp:featuredmedia":[{"embeddable":true,"href":"https:\/\/galicianparts.com\/shop\/wp-json\/wp\/v2\/media\/77710"}],"wp:attachment":[{"href":"https:\/\/galicianparts.com\/shop\/wp-json\/wp\/v2\/media?parent=77708"}],"wp:term":[{"taxonomy":"product_cat","embeddable":true,"href":"https:\/\/galicianparts.com\/shop\/wp-json\/wp\/v2\/product_cat?post=77708"},{"taxonomy":"product_tag","embeddable":true,"href":"https:\/\/galicianparts.com\/shop\/wp-json\/wp\/v2\/product_tag?post=77708"}],"curies":[{"name":"wp","href":"https:\/\/api.w.org\/{rel}","templated":true}]}}