{"id":77797,"date":"2023-09-01T10:18:57","date_gmt":"2023-09-01T08:18:57","guid":{"rendered":"https:\/\/galicianparts.com\/shop\/producto\/df254f1na-antena-telescopica-marco-puerta-fiat-uno-1a-serie-nueva-dynaflex\/"},"modified":"2025-09-05T19:24:40","modified_gmt":"2025-09-05T17:24:40","slug":"df254f1na-antena-telescopica-marco-puerta-fiat-uno-1a-serie-nueva-dynaflex","status":"publish","type":"product","link":"https:\/\/galicianparts.com\/shop\/producto\/df254f1na-antena-telescopica-marco-puerta-fiat-uno-1a-serie-nueva-dynaflex\/","title":{"rendered":"DF254F1NA Antena telesc\u00f3pica marco puerta Fiat Uno 1\u00aa serie NUEVA DYNAFLEX"},"content":{"rendered":"<p>Antena DYNAFLEX telesc\u00f3pica de 3 secciones de color negro del marco de la puerta delantera izquierda de:<br \/>\nLargo m\u00ednimo: 40 cm<br \/>\nLargo m\u00e1ximo: 82 cm<\/p>\n<p>FIAT &#8211; UNO PRIMERA SERIE<\/p>\n<p>LA PIEZA ES NUEVA DYNAFLEX.<\/p>\n","protected":false},"excerpt":{"rendered":"<p>Antena DYNAFLEX telesc\u00f3pica de 3 secciones de color negro del marco de la puerta delantera izquierda de: Largo m\u00ednimo: 40 cm Largo m\u00e1ximo: 82 cm FIAT &#8211; UNO PRIMERA SERIE LA PIEZA ES NUEVA DYNAFLEX.<\/p>\n","protected":false},"featured_media":77799,"template":"","meta":{"_seopress_robots_primary_cat":"","_seopress_titles_title":"","_seopress_titles_desc":"","_seopress_robots_index":""},"product_cat":[20,114],"product_tag":[],"class_list":{"0":"post-77797","1":"product","2":"type-product","3":"status-publish","4":"has-post-thumbnail","6":"product_cat-recambios-fiat","7":"product_cat-recambios-fiat-uno","9":"first","10":"instock","11":"taxable","12":"shipping-taxable","13":"purchasable","14":"product-type-simple"},"_links":{"self":[{"href":"https:\/\/galicianparts.com\/shop\/wp-json\/wp\/v2\/product\/77797"}],"collection":[{"href":"https:\/\/galicianparts.com\/shop\/wp-json\/wp\/v2\/product"}],"about":[{"href":"https:\/\/galicianparts.com\/shop\/wp-json\/wp\/v2\/types\/product"}],"wp:featuredmedia":[{"embeddable":true,"href":"https:\/\/galicianparts.com\/shop\/wp-json\/wp\/v2\/media\/77799"}],"wp:attachment":[{"href":"https:\/\/galicianparts.com\/shop\/wp-json\/wp\/v2\/media?parent=77797"}],"wp:term":[{"taxonomy":"product_cat","embeddable":true,"href":"https:\/\/galicianparts.com\/shop\/wp-json\/wp\/v2\/product_cat?post=77797"},{"taxonomy":"product_tag","embeddable":true,"href":"https:\/\/galicianparts.com\/shop\/wp-json\/wp\/v2\/product_tag?post=77797"}],"curies":[{"name":"wp","href":"https:\/\/api.w.org\/{rel}","templated":true}]}}